{"id":2487,"date":"2022-06-07T10:42:24","date_gmt":"2022-06-07T10:42:24","guid":{"rendered":"https:\/\/www.focus-welding.com\/?page_id=2487"},"modified":"2023-03-24T07:54:27","modified_gmt":"2023-03-24T07:54:27","slug":"funding","status":"publish","type":"page","link":"https:\/\/www.focus-welding.com\/de\/funding\/","title":{"rendered":"F\u00f6rderung"},"content":{"rendered":"<div style=\"height:25px\" aria-hidden=\"true\" class=\"wp-block-spacer\"><\/div>\n\n\n\n<div class=\"wp-block-columns is-layout-flex wp-container-core-columns-is-layout-9d6595d7 wp-block-columns-is-layout-flex\">\n<div class=\"wp-block-column is-vertically-aligned-center is-layout-flow wp-block-column-is-layout-flow\" style=\"flex-basis:50%\">\n<p class=\" translation-block\">Die Firma <strong>FOCUS electronics GmbH<\/strong>, Leipzig, hat im Rahmen des Programms <strong>\"Europa f\u00f6rdert Sachsen\"<\/strong> f\u00fcr die Entwicklung von Teilen des MEBW-60 Systems eine F\u00f6rderung der Europ\u00e4ischen Union aus dem <strong>Europ\u00e4ischen Fonds f\u00fcr regionale Entwicklung (EFRE, Projekte \"AUTOKOST\", \"EMICPRO\" und Micro3D)<\/strong> erhalten und erh\u00e4lt diese weiterhin <strong>(Projekt \"EB-Toolkit\").<\/strong><\/p>\n\n\n\n<p class=\" translation-block\">Wir bedanken uns bei der <strong>S\u00e4chsischen Aufbaubank (SAB) <\/strong>als F\u00f6rderer sowie bei den Sponsoren f\u00fcr die nachhaltige Unterst\u00fctzung unserer F&amp;E-Aktivit\u00e4ten.<\/p>\n\n\n\n<p class=\" translation-block\">Das aktuelle Projekt <strong>\"EB-Toolkit\" <\/strong>befasst sich mit der Verbesserung entscheidender Technologiekomponenten f\u00fcr das <strong>selektive Elektronenstrahlschmelzen (SEBM)<\/strong>, die f\u00fcr eine breitere Anwendbarkeit des wirtschaftlich vorteilhaften Elektronenstrahlverfahrens notwendig sind. Dies betrifft insbesondere die Elektronenstrahlquelle und deren Energieversorgung sowie hochaufl\u00f6sende, echtzeitf\u00e4hige Methoden der Prozess\u00fcberwachung. Im Rahmen dieses Projektes sollen innovative Konzepte untersucht und f\u00fcr den technologischen Einsatz in generativen Fertigungsverfahren vorbereitet werden.<\/p>\n<\/div>\n\n\n\n<div class=\"wp-block-column is-vertically-aligned-center is-layout-flow wp-block-column-is-layout-flow\" style=\"flex-basis:50%\"><div class=\"wp-block-image\">\n<figure class=\"aligncenter size-full is-resized\"><img loading=\"lazy\" decoding=\"async\" src=\"https:\/\/www.focus-welding.com\/wp-content\/uploads\/2022\/06\/EFRE_EU_hoch_2015_cmyk_engl.png\" alt=\"\" class=\"wp-image-2488\" width=\"326\" height=\"479\" srcset=\"https:\/\/www.focus-welding.com\/wp-content\/uploads\/2022\/06\/EFRE_EU_hoch_2015_cmyk_engl.png 496w, https:\/\/www.focus-welding.com\/wp-content\/uploads\/2022\/06\/EFRE_EU_hoch_2015_cmyk_engl-204x300.png 204w\" sizes=\"auto, (max-width: 326px) 100vw, 326px\" \/><\/figure>\n<\/div><\/div>\n<\/div>\n\n\n\n<div style=\"height:100px\" aria-hidden=\"true\" class=\"wp-block-spacer\"><\/div>","protected":false},"excerpt":{"rendered":"<p>The Company FOCUS electronics GmbH, Leipzig, has received, within the program &#8220;Europe promotes Saxony&#8221; for the development of parts of the MEBW-60 system, a grant from the European Union from the European Regional Development Fund (ERDF, projects &#8220;AUTOKOST&#8221;, &#8220;EMICPRO&#8221; and Micro3D) &amp; still receives them (project &#8220;EB-Toolkit&#8221;). We would like to thank the S\u00e4chsische Aufbaubank [&hellip;]<\/p>","protected":false},"author":7,"featured_media":2489,"parent":0,"menu_order":0,"comment_status":"closed","ping_status":"closed","template":"","meta":{"_themeisle_gutenberg_block_has_review":false,"footnotes":""},"class_list":["post-2487","page","type-page","status-publish","has-post-thumbnail","hentry"],"yoast_head":"<!-- This site is optimized with the Yoast SEO Premium plugin v15.2.1 - https:\/\/yoast.com\/wordpress\/plugins\/seo\/ -->\n<title>Funding | FOCUS Welding<\/title>\n<meta name=\"robots\" content=\"index, follow, max-snippet:-1, max-image-preview:large, max-video-preview:-1\" \/>\n<link rel=\"canonical\" href=\"https:\/\/www.focus-welding.com\/de\/funding\/\" \/>\n<meta property=\"og:locale\" content=\"de_DE\" \/>\n<meta property=\"og:type\" content=\"article\" \/>\n<meta property=\"og:title\" content=\"Funding | FOCUS Welding\" \/>\n<meta property=\"og:description\" content=\"The Company FOCUS electronics GmbH, Leipzig, has received, within the program &#8220;Europe promotes Saxony&#8221; for the development of parts of the MEBW-60 system, a grant from the European Union from the European Regional Development Fund (ERDF, projects &#8220;AUTOKOST&#8221;, &#8220;EMICPRO&#8221; and Micro3D) &amp; still receives them (project &#8220;EB-Toolkit&#8221;). We would like to thank the S\u00e4chsische Aufbaubank [&hellip;]\" \/>\n<meta property=\"og:url\" content=\"https:\/\/www.focus-welding.com\/de\/funding\/\" \/>\n<meta property=\"og:site_name\" content=\"FOCUS Welding\" \/>\n<meta property=\"article:modified_time\" content=\"2023-03-24T07:54:27+00:00\" \/>\n<meta property=\"og:image\" content=\"https:\/\/www.focus-welding.com\/wp-content\/uploads\/2022\/06\/EFRE_EU_quer_2015_cmyk_engl.png\" \/>\n\t<meta property=\"og:image:width\" content=\"1331\" \/>\n\t<meta property=\"og:image:height\" content=\"347\" \/>\n<meta name=\"twitter:card\" content=\"summary_large_image\" \/>\n<meta name=\"twitter:label1\" content=\"Verfasst von\">\n\t<meta name=\"twitter:data1\" content=\"cmerkel\">\n\t<meta name=\"twitter:label2\" content=\"Gesch\u00e4tzte Lesezeit\">\n\t<meta name=\"twitter:data2\" content=\"1\u00a0Minute\">\n<script type=\"application\/ld+json\" class=\"yoast-schema-graph\">{\"@context\":\"https:\/\/schema.org\",\"@graph\":[{\"@type\":\"Organization\",\"@id\":\"https:\/\/www.focus-welding.com\/#organization\",\"name\":\"Focus GmbH\",\"url\":\"https:\/\/www.focus-welding.com\/\",\"sameAs\":[\"https:\/\/www.youtube.com\/user\/FOCUSGmbH\"],\"logo\":{\"@type\":\"ImageObject\",\"@id\":\"https:\/\/www.focus-welding.com\/#logo\",\"inLanguage\":\"de\",\"url\":\"https:\/\/www.focus-welding.com\/wp-content\/uploads\/2019\/03\/2014_FOCUS_NoGmbH_NoSlogan_web.png\",\"width\":414,\"height\":200,\"caption\":\"Focus GmbH\"},\"image\":{\"@id\":\"https:\/\/www.focus-welding.com\/#logo\"}},{\"@type\":\"WebSite\",\"@id\":\"https:\/\/www.focus-welding.com\/#website\",\"url\":\"https:\/\/www.focus-welding.com\/\",\"name\":\"FOCUS Welding\",\"description\":\"Electron Beam Welding and Laser-in-Vacuum Welding Machines\",\"publisher\":{\"@id\":\"https:\/\/www.focus-welding.com\/#organization\"},\"potentialAction\":[{\"@type\":\"SearchAction\",\"target\":\"https:\/\/www.focus-welding.com\/?s={search_term_string}\",\"query-input\":\"required name=search_term_string\"}],\"inLanguage\":\"de\"},{\"@type\":\"ImageObject\",\"@id\":\"https:\/\/www.focus-welding.com\/funding\/#primaryimage\",\"inLanguage\":\"de\",\"url\":\"https:\/\/www.focus-welding.com\/wp-content\/uploads\/2022\/06\/EFRE_EU_quer_2015_cmyk_engl.png\",\"width\":1331,\"height\":347},{\"@type\":\"WebPage\",\"@id\":\"https:\/\/www.focus-welding.com\/funding\/#webpage\",\"url\":\"https:\/\/www.focus-welding.com\/funding\/\",\"name\":\"Funding | FOCUS Welding\",\"isPartOf\":{\"@id\":\"https:\/\/www.focus-welding.com\/#website\"},\"primaryImageOfPage\":{\"@id\":\"https:\/\/www.focus-welding.com\/funding\/#primaryimage\"},\"datePublished\":\"2022-06-07T10:42:24+00:00\",\"dateModified\":\"2023-03-24T07:54:27+00:00\",\"inLanguage\":\"de\",\"potentialAction\":[{\"@type\":\"ReadAction\",\"target\":[\"https:\/\/www.focus-welding.com\/funding\/\"]}]}]}<\/script>\n<!-- \/ Yoast SEO Premium plugin. -->","_links":{"self":[{"href":"https:\/\/www.focus-welding.com\/de\/wp-json\/wp\/v2\/pages\/2487","targetHints":{"allow":["GET"]}}],"collection":[{"href":"https:\/\/www.focus-welding.com\/de\/wp-json\/wp\/v2\/pages"}],"about":[{"href":"https:\/\/www.focus-welding.com\/de\/wp-json\/wp\/v2\/types\/page"}],"author":[{"embeddable":true,"href":"https:\/\/www.focus-welding.com\/de\/wp-json\/wp\/v2\/users\/7"}],"replies":[{"embeddable":true,"href":"https:\/\/www.focus-welding.com\/de\/wp-json\/wp\/v2\/comments?post=2487"}],"version-history":[{"count":10,"href":"https:\/\/www.focus-welding.com\/de\/wp-json\/wp\/v2\/pages\/2487\/revisions"}],"predecessor-version":[{"id":4537,"href":"https:\/\/www.focus-welding.com\/de\/wp-json\/wp\/v2\/pages\/2487\/revisions\/4537"}],"wp:featuredmedia":[{"embeddable":true,"href":"https:\/\/www.focus-welding.com\/de\/wp-json\/wp\/v2\/media\/2489"}],"wp:attachment":[{"href":"https:\/\/www.focus-welding.com\/de\/wp-json\/wp\/v2\/media?parent=2487"}],"curies":[{"name":"wp","href":"https:\/\/api.w.org\/{rel}","templated":true}]}}