{"id":2940,"date":"2023-02-09T16:04:27","date_gmt":"2023-02-09T16:04:27","guid":{"rendered":"https:\/\/www.focus-welding.com\/?page_id=2940"},"modified":"2024-12-18T16:33:55","modified_gmt":"2024-12-18T16:33:55","slug":"mebw-60-l8","status":"publish","type":"page","link":"https:\/\/www.focus-welding.com\/de\/mebw-60-l8\/","title":{"rendered":"POWERBEAM L8"},"content":{"rendered":"<div class=\"wp-block-columns is-layout-flex wp-container-core-columns-is-layout-9d6595d7 wp-block-columns-is-layout-flex\">\n<div class=\"wp-block-column is-vertically-aligned-top is-layout-flow wp-block-column-is-layout-flow\" style=\"flex-basis:49%\">\n<h2 class=\"wp-block-heading ticss-cb1c9350 has-large-font-size\" id=\"h-powerbeam-l8\"><strong>POWERBEAM L8<\/strong><\/h2>\n\n\n\n<p class=\"has-medium-font-size\">Beste Ergebnisse beim axialen und radialen Schwei\u00dfen mit dem Elektronenstrahl. Kompakte Arbeitskammer und Drehfutter montiert auf einer CNC-gesteuerten Z-Achse.<\/p>\n\n\n\n<div id=\"wp-block-themeisle-blocks-button-group-c59e1ffd\" class=\"wp-block-themeisle-blocks-button-group wp-block-buttons\">\n<div id=\"wp-block-themeisle-blocks-button-d14cba3f\" class=\"wp-block-themeisle-blocks-button wp-block-button is-style-outline\"><a href=\"https:\/\/www.focus-welding.com\/wp-content\/uploads\/2024\/07\/POWERBEAM-Brochure.pdf\" target=\"_blank\" rel=\"noopener noreferrer\" class=\"wp-block-button__link\"><i class=\"fas fa-fw fa-download margin-right\"><\/i><span>Brosch\u00fcre<br>Powerbean<\/span><\/a><\/div>\n\n\n\n<div id=\"wp-block-themeisle-blocks-button-5f18a906\" class=\"wp-block-themeisle-blocks-button wp-block-button is-style-outline\"><a href=\"https:\/\/www.focus-welding.com\/wp-content\/uploads\/2024\/07\/powerbeam_kulite_brochure_2024.pdf\" target=\"_blank\" rel=\"noopener noreferrer\" class=\"wp-block-button__link\"><i class=\"fas fa-fw fa-download margin-right\"><\/i><span>Brosch\u00fcre<br>L8 Compact<\/span><\/a><\/div>\n<\/div>\n<\/div>\n\n\n\n<div class=\"wp-block-column is-vertically-aligned-top is-layout-flow wp-block-column-is-layout-flow\" style=\"flex-basis:50%\">\n<figure class=\"wp-block-image size-full\"><img loading=\"lazy\" decoding=\"async\" width=\"1024\" height=\"807\" src=\"https:\/\/www.focus-welding.com\/wp-content\/uploads\/2023\/02\/MEBW-60_L8_July_2021_1024x807.png\" alt=\"\" class=\"wp-image-2942\" srcset=\"https:\/\/www.focus-welding.com\/wp-content\/uploads\/2023\/02\/MEBW-60_L8_July_2021_1024x807.png 1024w, https:\/\/www.focus-welding.com\/wp-content\/uploads\/2023\/02\/MEBW-60_L8_July_2021_1024x807-300x236.png 300w, https:\/\/www.focus-welding.com\/wp-content\/uploads\/2023\/02\/MEBW-60_L8_July_2021_1024x807-768x605.png 768w, https:\/\/www.focus-welding.com\/wp-content\/uploads\/2023\/02\/MEBW-60_L8_July_2021_1024x807-500x394.png 500w\" sizes=\"auto, (max-width: 1024px) 100vw, 1024px\" \/><\/figure>\n<\/div>\n\n\n\n<div class=\"wp-block-column is-layout-flow wp-block-column-is-layout-flow\" style=\"flex-basis:1%\">\n<div style=\"height:375px\" aria-hidden=\"true\" class=\"wp-block-spacer\"><\/div>\n<\/div>\n<\/div>\n\n\n\n<div class=\"wp-block-cover alignfull is-light\" style=\"min-height:50px;aspect-ratio:unset;\"><span aria-hidden=\"true\" class=\"wp-block-cover__background has-background-dim-100 has-background-dim\" style=\"background-color:#eeeeee\"><\/span><div class=\"wp-block-cover__inner-container is-layout-flow wp-block-cover-is-layout-flow\">\n<div class=\"wp-block-columns alignfull is-layout-flex wp-container-core-columns-is-layout-9d6595d7 wp-block-columns-is-layout-flex\">\n<div class=\"wp-block-column is-vertically-aligned-top is-layout-flow wp-block-column-is-layout-flow\" style=\"flex-basis:25%\"><\/div>\n\n\n\n<div class=\"wp-block-column is-vertically-aligned-top is-layout-flow wp-block-column-is-layout-flow\" style=\"flex-basis:50%\">\n<h2 class=\"wp-block-heading has-medium-font-size\" id=\"h-key-features\"><strong>Wesentliche Merkmale<\/strong><\/h2>\n\n\n\n<ul class=\"wp-block-list\">\n<li>2 kW Elektronenstrahlkanone f\u00fcr pr\u00e4zises Schwei\u00dfen<\/li>\n\n\n\n<li>7-Liter-Arbeitskammer (zylindrisch): \u00d8235 mm, Tiefe 155 mm<\/li>\n\n\n\n<li>Der Werkst\u00fcck-Au\u00dfendurchmesser kann von ca. \u00f8 3 mm bis zu \u00f8 135 mm betragen<\/li>\n\n\n\n<li>Kompakte Stellfl\u00e4che 2 x 2,5 m, verstellbar<\/li>\n<\/ul>\n<\/div>\n\n\n\n<div class=\"wp-block-column is-vertically-aligned-top is-layout-flow wp-block-column-is-layout-flow\" style=\"flex-basis:25%\"><\/div>\n<\/div>\n\n\n\n<div style=\"height:25px\" aria-hidden=\"true\" class=\"wp-block-spacer\"><\/div>\n<\/div><\/div>\n\n\n\n<div style=\"height:25px\" aria-hidden=\"true\" class=\"wp-block-spacer\"><\/div>\n\n\n\n<div class=\"wp-block-cover alignfull is-light\" style=\"min-height:50px;aspect-ratio:unset;\"><span aria-hidden=\"true\" class=\"wp-block-cover__background has-white-background-color has-background-dim-100 has-background-dim\"><\/span><div class=\"wp-block-cover__inner-container is-layout-flow wp-block-cover-is-layout-flow\">\n<div class=\"wp-block-columns alignfull is-layout-flex wp-container-core-columns-is-layout-9d6595d7 wp-block-columns-is-layout-flex\">\n<div class=\"wp-block-column is-vertically-aligned-top is-layout-flow wp-block-column-is-layout-flow\" style=\"flex-basis:25%\"><\/div>\n\n\n\n<div class=\"wp-block-column is-vertically-aligned-top is-layout-flow wp-block-column-is-layout-flow\" style=\"flex-basis:50%\">\n<h2 class=\"wp-block-heading has-medium-font-size\" id=\"h-details\"><strong>Details<\/strong><\/h2>\n\n\n\n<ul class=\"wp-block-list\">\n<li>Einzigartiger Elektronengenerator f\u00fcr besonders pr\u00e4zise Strahlf\u00fchrung. Der Strahldurchmesser bei 1 mA betr\u00e4gt weniger als 50 \u00b5m. Der extrem fein einstellbare und fokussierbare Elektronenstrahl in Verbindung mit seiner schnellen Ablenkung und- und dem gepulsten Betrieb bringt das Elektronenstrahlschwei\u00dfen auf ein neues Niveau. Mit dem pr\u00e4zisen Fokussierungssystem erreichen wir eine hervorragende Kontrolle \u00fcber den Schwei\u00dfprozess und seine Reproduzierbarkeit.<\/li>\n\n\n\n<li>Unser pr\u00e4zises Hochspannungsnetzteil liefert die stufenlos einstellbare Strahlspannung von 5 bis 60 kV (minimale Schrittweite ist 20 V). Durch den Pulsmodus ist der POWERBEAM in der Lage, eine herausragend pr\u00e4zise Energie- und W\u00e4rme\u00fcbertragung zu gew\u00e4hrleisten<\/li>\n\n\n\n<li>&nbsp;SEM-Modus (Rasterelektronenmikroskopie) zur exakten Positionierung des Elektronenstrahls. Mit dem FOCUS POWERBEAM kann das Werkst\u00fcck im mikroskopischen Bereich mit einer Aufl\u00f6sung von bis zu 25 \u00b5m beobachtet werden.<\/li>\n\n\n\n<li>Verschiedene Spannvorrichtungen: f\u00fcr Einzelst\u00fccke oder mehrere, mit Reitstock, vorgespannt, mit W\u00e4rmeabfuhr und Temperatursensoren<\/li>\n<\/ul>\n<\/div>\n\n\n\n<div class=\"wp-block-column is-vertically-aligned-top is-layout-flow wp-block-column-is-layout-flow\" style=\"flex-basis:25%\"><\/div>\n<\/div>\n\n\n\n<div style=\"height:25px\" aria-hidden=\"true\" class=\"wp-block-spacer\"><\/div>\n<\/div><\/div>","protected":false},"excerpt":{"rendered":"<p>POWERBEAM L8 Best performance for axial &amp; radial electron beam welding. Compact working chamber and turning chuck mounted on a CNC driven z-axis.<\/p>","protected":false},"author":7,"featured_media":2945,"parent":0,"menu_order":0,"comment_status":"closed","ping_status":"closed","template":"","meta":{"_themeisle_gutenberg_block_has_review":false,"footnotes":""},"class_list":["post-2940","page","type-page","status-publish","has-post-thumbnail","hentry"],"yoast_head":"<!-- This site is optimized with the Yoast SEO Premium plugin v15.2.1 - https:\/\/yoast.com\/wordpress\/plugins\/seo\/ -->\n<title>POWERBEAM L8 | FOCUS Welding<\/title>\n<meta name=\"description\" content=\"Best performance for axial &amp; radial electron beam welding. Compact working chamber and turning chuck mounted on a CNC driven z-axis.\" \/>\n<meta name=\"robots\" content=\"index, follow, max-snippet:-1, max-image-preview:large, max-video-preview:-1\" \/>\n<link rel=\"canonical\" href=\"https:\/\/www.focus-welding.com\/de\/mebw-60-l8\/\" \/>\n<meta property=\"og:locale\" content=\"de_DE\" \/>\n<meta property=\"og:type\" content=\"article\" \/>\n<meta property=\"og:title\" content=\"POWERBEAM L8 | FOCUS Welding\" \/>\n<meta property=\"og:description\" content=\"Best performance for axial &amp; radial electron beam welding. Compact working chamber and turning chuck mounted on a CNC driven z-axis.\" \/>\n<meta property=\"og:url\" content=\"https:\/\/www.focus-welding.com\/de\/mebw-60-l8\/\" \/>\n<meta property=\"og:site_name\" content=\"FOCUS Welding\" \/>\n<meta property=\"article:modified_time\" content=\"2024-12-18T16:33:55+00:00\" \/>\n<meta property=\"og:image\" content=\"https:\/\/www.focus-welding.com\/wp-content\/uploads\/2023\/02\/MEBW-60_L8_July_2021_1080p.png\" \/>\n\t<meta property=\"og:image:width\" content=\"1920\" \/>\n\t<meta property=\"og:image:height\" content=\"1080\" \/>\n<meta name=\"twitter:card\" content=\"summary_large_image\" \/>\n<meta name=\"twitter:label1\" content=\"Verfasst von\">\n\t<meta name=\"twitter:data1\" content=\"cmerkel\">\n\t<meta name=\"twitter:label2\" content=\"Gesch\u00e4tzte Lesezeit\">\n\t<meta name=\"twitter:data2\" content=\"1\u00a0Minute\">\n<script type=\"application\/ld+json\" class=\"yoast-schema-graph\">{\"@context\":\"https:\/\/schema.org\",\"@graph\":[{\"@type\":\"Organization\",\"@id\":\"https:\/\/www.focus-welding.com\/#organization\",\"name\":\"Focus GmbH\",\"url\":\"https:\/\/www.focus-welding.com\/\",\"sameAs\":[\"https:\/\/www.youtube.com\/user\/FOCUSGmbH\"],\"logo\":{\"@type\":\"ImageObject\",\"@id\":\"https:\/\/www.focus-welding.com\/#logo\",\"inLanguage\":\"de\",\"url\":\"https:\/\/www.focus-welding.com\/wp-content\/uploads\/2019\/03\/2014_FOCUS_NoGmbH_NoSlogan_web.png\",\"width\":414,\"height\":200,\"caption\":\"Focus GmbH\"},\"image\":{\"@id\":\"https:\/\/www.focus-welding.com\/#logo\"}},{\"@type\":\"WebSite\",\"@id\":\"https:\/\/www.focus-welding.com\/#website\",\"url\":\"https:\/\/www.focus-welding.com\/\",\"name\":\"FOCUS Welding\",\"description\":\"Electron Beam Welding and Laser-in-Vacuum Welding Machines\",\"publisher\":{\"@id\":\"https:\/\/www.focus-welding.com\/#organization\"},\"potentialAction\":[{\"@type\":\"SearchAction\",\"target\":\"https:\/\/www.focus-welding.com\/?s={search_term_string}\",\"query-input\":\"required name=search_term_string\"}],\"inLanguage\":\"de\"},{\"@type\":\"ImageObject\",\"@id\":\"https:\/\/www.focus-welding.com\/mebw-60-l8\/#primaryimage\",\"inLanguage\":\"de\",\"url\":\"https:\/\/www.focus-welding.com\/wp-content\/uploads\/2023\/02\/MEBW-60_L8_July_2021_1080p.png\",\"width\":1920,\"height\":1080},{\"@type\":\"WebPage\",\"@id\":\"https:\/\/www.focus-welding.com\/mebw-60-l8\/#webpage\",\"url\":\"https:\/\/www.focus-welding.com\/mebw-60-l8\/\",\"name\":\"POWERBEAM L8 | FOCUS Welding\",\"isPartOf\":{\"@id\":\"https:\/\/www.focus-welding.com\/#website\"},\"primaryImageOfPage\":{\"@id\":\"https:\/\/www.focus-welding.com\/mebw-60-l8\/#primaryimage\"},\"datePublished\":\"2023-02-09T16:04:27+00:00\",\"dateModified\":\"2024-12-18T16:33:55+00:00\",\"description\":\"Best performance for axial & radial electron beam welding. Compact working chamber and turning chuck mounted on a CNC driven z-axis.\",\"inLanguage\":\"de\",\"potentialAction\":[{\"@type\":\"ReadAction\",\"target\":[\"https:\/\/www.focus-welding.com\/mebw-60-l8\/\"]}]}]}<\/script>\n<!-- \/ Yoast SEO Premium plugin. -->","_links":{"self":[{"href":"https:\/\/www.focus-welding.com\/de\/wp-json\/wp\/v2\/pages\/2940","targetHints":{"allow":["GET"]}}],"collection":[{"href":"https:\/\/www.focus-welding.com\/de\/wp-json\/wp\/v2\/pages"}],"about":[{"href":"https:\/\/www.focus-welding.com\/de\/wp-json\/wp\/v2\/types\/page"}],"author":[{"embeddable":true,"href":"https:\/\/www.focus-welding.com\/de\/wp-json\/wp\/v2\/users\/7"}],"replies":[{"embeddable":true,"href":"https:\/\/www.focus-welding.com\/de\/wp-json\/wp\/v2\/comments?post=2940"}],"version-history":[{"count":66,"href":"https:\/\/www.focus-welding.com\/de\/wp-json\/wp\/v2\/pages\/2940\/revisions"}],"predecessor-version":[{"id":6264,"href":"https:\/\/www.focus-welding.com\/de\/wp-json\/wp\/v2\/pages\/2940\/revisions\/6264"}],"wp:featuredmedia":[{"embeddable":true,"href":"https:\/\/www.focus-welding.com\/de\/wp-json\/wp\/v2\/media\/2945"}],"wp:attachment":[{"href":"https:\/\/www.focus-welding.com\/de\/wp-json\/wp\/v2\/media?parent=2940"}],"curies":[{"name":"wp","href":"https:\/\/api.w.org\/{rel}","templated":true}]}}