{"id":2959,"date":"2023-02-09T16:04:39","date_gmt":"2023-02-09T16:04:39","guid":{"rendered":"https:\/\/www.focus-welding.com\/?page_id=2959"},"modified":"2024-07-11T14:45:02","modified_gmt":"2024-07-11T14:45:02","slug":"mebw-60-l95","status":"publish","type":"page","link":"https:\/\/www.focus-welding.com\/de\/mebw-60-l95\/","title":{"rendered":"POWERBEAM L95"},"content":{"rendered":"<div class=\"wp-block-columns are-vertically-aligned-top is-layout-flex wp-container-core-columns-is-layout-9d6595d7 wp-block-columns-is-layout-flex\">\n<div class=\"wp-block-column is-vertically-aligned-top is-layout-flow wp-block-column-is-layout-flow\" style=\"flex-basis:49%\">\n<h2 class=\"wp-block-heading ticss-0ca9b889 has-large-font-size\" id=\"h-powerbeam-l95\"><strong>POWERBEAM L95<\/strong><\/h2>\n\n\n\n<p class=\"has-medium-font-size\">Kompakte Elektronenstrahlschwei\u00dfmaschine <br>mit X\/Y-Koordinatentisch.<\/p>\n\n\n\n<div style=\"height:58px\" aria-hidden=\"true\" class=\"wp-block-spacer\"><\/div>\n\n\n\n<div id=\"wp-block-themeisle-blocks-button-group-1dc6184d\" class=\"wp-block-themeisle-blocks-button-group wp-block-buttons\">\n<div id=\"wp-block-themeisle-blocks-button-ee1217f0\" class=\"wp-block-themeisle-blocks-button wp-block-button is-style-outline\"><a href=\"https:\/\/www.focus-welding.com\/wp-content\/uploads\/2024\/07\/POWERBEAM-Brochure.pdf\" target=\"_blank\" rel=\"noopener noreferrer\" class=\"wp-block-button__link\"><i class=\"fas fa-fw fa-download margin-right\"><\/i><span>Brosch\u00fcre<\/span><\/a><\/div>\n<\/div>\n\n\n\n<p><\/p>\n\n\n\n<div style=\"height:50px\" aria-hidden=\"true\" class=\"wp-block-spacer\"><\/div>\n<\/div>\n\n\n\n<div class=\"wp-block-column is-vertically-aligned-top is-layout-flow wp-block-column-is-layout-flow\" style=\"flex-basis:50%\">\n<figure class=\"wp-block-image size-full\"><img loading=\"lazy\" decoding=\"async\" width=\"1024\" height=\"768\" src=\"https:\/\/www.focus-welding.com\/wp-content\/uploads\/2023\/03\/MEBW-60-L95-Manchester-13-1_1024x807-edited.png\" alt=\"\" class=\"wp-image-4186\" srcset=\"https:\/\/www.focus-welding.com\/wp-content\/uploads\/2023\/03\/MEBW-60-L95-Manchester-13-1_1024x807-edited.png 1024w, https:\/\/www.focus-welding.com\/wp-content\/uploads\/2023\/03\/MEBW-60-L95-Manchester-13-1_1024x807-edited-300x225.png 300w, https:\/\/www.focus-welding.com\/wp-content\/uploads\/2023\/03\/MEBW-60-L95-Manchester-13-1_1024x807-edited-768x576.png 768w, https:\/\/www.focus-welding.com\/wp-content\/uploads\/2023\/03\/MEBW-60-L95-Manchester-13-1_1024x807-edited-500x375.png 500w\" sizes=\"auto, (max-width: 1024px) 100vw, 1024px\" \/><\/figure>\n<\/div>\n\n\n\n<div class=\"wp-block-column is-layout-flow wp-block-column-is-layout-flow\" style=\"flex-basis:1%\">\n<div style=\"height:375px\" aria-hidden=\"true\" class=\"wp-block-spacer\"><\/div>\n<\/div>\n<\/div>\n\n\n\n<div class=\"wp-block-cover alignfull is-light\" style=\"min-height:50px;aspect-ratio:unset;\"><span aria-hidden=\"true\" class=\"wp-block-cover__background has-background-dim-100 has-background-dim\" style=\"background-color:#eeeeee\"><\/span><div class=\"wp-block-cover__inner-container is-layout-flow wp-block-cover-is-layout-flow\">\n<div class=\"wp-block-columns alignfull is-layout-flex wp-container-core-columns-is-layout-9d6595d7 wp-block-columns-is-layout-flex\">\n<div class=\"wp-block-column is-layout-flow wp-block-column-is-layout-flow\" style=\"flex-basis:25%\"><\/div>\n\n\n\n<div class=\"wp-block-column is-layout-flow wp-block-column-is-layout-flow\" style=\"flex-basis:50%\">\n<h2 class=\"wp-block-heading has-medium-font-size\" id=\"h-key-features\"><strong>Wesentliche Merkmale<\/strong><\/h2>\n\n\n\n<ul class=\"wp-block-list\">\n<li>2 kW Elektronenstrahlkanone f\u00fcr pr\u00e4zises Schwei\u00dfen<\/li>\n\n\n\n<li>95-Liter-Arbeitskammer: 500 x 500 x 400 mm\u00b3<\/li>\n\n\n\n<li>x\/y-Werkst\u00fcckmanipulator mit +\/-75 mm Verfahrweg<\/li>\n\n\n\n<li>Kompakte Stellfl\u00e4che 2 x 2,9 m, verstellbar<\/li>\n<\/ul>\n<\/div>\n\n\n\n<div class=\"wp-block-column is-layout-flow wp-block-column-is-layout-flow\" style=\"flex-basis:25%\"><\/div>\n<\/div>\n\n\n\n<div style=\"height:25px\" aria-hidden=\"true\" class=\"wp-block-spacer\"><\/div>\n<\/div><\/div>\n\n\n\n<div style=\"height:50px\" aria-hidden=\"true\" class=\"wp-block-spacer\"><\/div>\n\n\n\n<div class=\"wp-block-columns is-layout-flex wp-container-core-columns-is-layout-9d6595d7 wp-block-columns-is-layout-flex\">\n<div class=\"wp-block-column is-layout-flow wp-block-column-is-layout-flow\" style=\"flex-basis:50%\">\n<figure data-wp-context=\"{&quot;imageId&quot;:&quot;69dea4d014e53&quot;}\" data-wp-interactive=\"core\/image\" data-wp-key=\"69dea4d014e53\" class=\"wp-block-image size-large wp-lightbox-container\"><img loading=\"lazy\" decoding=\"async\" width=\"1024\" height=\"683\" data-wp-class--hide=\"state.isContentHidden\" data-wp-class--show=\"state.isContentVisible\" data-wp-init=\"callbacks.setButtonStyles\" data-wp-on--click=\"actions.showLightbox\" data-wp-on--load=\"callbacks.setButtonStyles\" data-wp-on-window--resize=\"callbacks.setButtonStyles\" src=\"https:\/\/www.focus-welding.com\/wp-content\/uploads\/2023\/02\/MEBW-60-L95-Chamber_xytable-1024x683.jpg\" alt=\"\" class=\"wp-image-3320\" srcset=\"https:\/\/www.focus-welding.com\/wp-content\/uploads\/2023\/02\/MEBW-60-L95-Chamber_xytable-1024x683.jpg 1024w, https:\/\/www.focus-welding.com\/wp-content\/uploads\/2023\/02\/MEBW-60-L95-Chamber_xytable-300x200.jpg 300w, https:\/\/www.focus-welding.com\/wp-content\/uploads\/2023\/02\/MEBW-60-L95-Chamber_xytable-768x512.jpg 768w, https:\/\/www.focus-welding.com\/wp-content\/uploads\/2023\/02\/MEBW-60-L95-Chamber_xytable-1536x1024.jpg 1536w, https:\/\/www.focus-welding.com\/wp-content\/uploads\/2023\/02\/MEBW-60-L95-Chamber_xytable-2048x1365.jpg 2048w, https:\/\/www.focus-welding.com\/wp-content\/uploads\/2023\/02\/MEBW-60-L95-Chamber_xytable-500x333.jpg 500w\" sizes=\"auto, (max-width: 1024px) 100vw, 1024px\" \/><button\n\t\t\tclass=\"lightbox-trigger\"\n\t\t\ttype=\"button\"\n\t\t\taria-haspopup=\"dialog\"\n\t\t\taria-label=\"Vergr\u00f6\u00dfern\"\n\t\t\tdata-wp-init=\"callbacks.initTriggerButton\"\n\t\t\tdata-wp-on--click=\"actions.showLightbox\"\n\t\t\tdata-wp-style--right=\"state.imageButtonRight\"\n\t\t\tdata-wp-style--top=\"state.imageButtonTop\"\n\t\t>\n\t\t\t<svg xmlns=\"http:\/\/www.w3.org\/2000\/svg\" width=\"12\" height=\"12\" fill=\"none\" viewbox=\"0 0 12 12\">\n\t\t\t\t<path fill=\"#fff\" d=\"M2 0a2 2 0 0 0-2 2v2h1.5V2a.5.5 0 0 1 .5-.5h2V0H2Zm2 10.5H2a.5.5 0 0 1-.5-.5V8H0v2a2 2 0 0 0 2 2h2v-1.5ZM8 12v-1.5h2a.5.5 0 0 0 .5-.5V8H12v2a2 2 0 0 1-2 2H8Zm2-12a2 2 0 0 1 2 2v2h-1.5V2a.5.5 0 0 0-.5-.5H8V0h2Z\" \/>\n\t\t\t<\/svg>\n\t\t<\/button><\/figure>\n<\/div>\n\n\n\n<div class=\"wp-block-column is-layout-flow wp-block-column-is-layout-flow\" style=\"flex-basis:50%\">\n<figure data-wp-context=\"{&quot;imageId&quot;:&quot;69dea4d015205&quot;}\" data-wp-interactive=\"core\/image\" data-wp-key=\"69dea4d015205\" class=\"wp-block-image size-large wp-lightbox-container\"><img loading=\"lazy\" decoding=\"async\" width=\"1024\" height=\"684\" data-wp-class--hide=\"state.isContentHidden\" data-wp-class--show=\"state.isContentVisible\" data-wp-init=\"callbacks.setButtonStyles\" data-wp-on--click=\"actions.showLightbox\" data-wp-on--load=\"callbacks.setButtonStyles\" data-wp-on-window--resize=\"callbacks.setButtonStyles\" src=\"https:\/\/www.focus-welding.com\/wp-content\/uploads\/2023\/02\/RQ0A4112-1024x684.jpg\" alt=\"\" class=\"wp-image-3319\" srcset=\"https:\/\/www.focus-welding.com\/wp-content\/uploads\/2023\/02\/RQ0A4112-1024x684.jpg 1024w, https:\/\/www.focus-welding.com\/wp-content\/uploads\/2023\/02\/RQ0A4112-300x200.jpg 300w, https:\/\/www.focus-welding.com\/wp-content\/uploads\/2023\/02\/RQ0A4112-768x513.jpg 768w, https:\/\/www.focus-welding.com\/wp-content\/uploads\/2023\/02\/RQ0A4112-1536x1026.jpg 1536w, https:\/\/www.focus-welding.com\/wp-content\/uploads\/2023\/02\/RQ0A4112-2048x1367.jpg 2048w, https:\/\/www.focus-welding.com\/wp-content\/uploads\/2023\/02\/RQ0A4112-500x334.jpg 500w\" sizes=\"auto, (max-width: 1024px) 100vw, 1024px\" \/><button\n\t\t\tclass=\"lightbox-trigger\"\n\t\t\ttype=\"button\"\n\t\t\taria-haspopup=\"dialog\"\n\t\t\taria-label=\"Vergr\u00f6\u00dfern\"\n\t\t\tdata-wp-init=\"callbacks.initTriggerButton\"\n\t\t\tdata-wp-on--click=\"actions.showLightbox\"\n\t\t\tdata-wp-style--right=\"state.imageButtonRight\"\n\t\t\tdata-wp-style--top=\"state.imageButtonTop\"\n\t\t>\n\t\t\t<svg xmlns=\"http:\/\/www.w3.org\/2000\/svg\" width=\"12\" height=\"12\" fill=\"none\" viewbox=\"0 0 12 12\">\n\t\t\t\t<path fill=\"#fff\" d=\"M2 0a2 2 0 0 0-2 2v2h1.5V2a.5.5 0 0 1 .5-.5h2V0H2Zm2 10.5H2a.5.5 0 0 1-.5-.5V8H0v2a2 2 0 0 0 2 2h2v-1.5ZM8 12v-1.5h2a.5.5 0 0 0 .5-.5V8H12v2a2 2 0 0 1-2 2H8Zm2-12a2 2 0 0 1 2 2v2h-1.5V2a.5.5 0 0 0-.5-.5H8V0h2Z\" \/>\n\t\t\t<\/svg>\n\t\t<\/button><\/figure>\n<\/div>\n<\/div>\n\n\n\n<h2 class=\"wp-block-heading has-medium-font-size\" id=\"h-details\"><strong>Details<\/strong><\/h2>\n\n\n\n<ul class=\"ticss-fdef6de2 wp-block-list\">\n<li>Einzigartiger Elektronengenerator f\u00fcr besonders pr\u00e4zise Strahlf\u00fchrung. Der Strahldurchmesser bei 1 mA betr\u00e4gt weniger als 50 \u00b5m. Der extrem fein einstellbare und fokussierbare Elektronenstrahl in Verbindung mit seiner schnellen Ablenkung und- und dem gepulsten Betrieb bringt das Elektronenstrahlschwei\u00dfen auf ein neues Niveau. Mit dem pr\u00e4zisen Fokussierungssystem erreichen wir eine hervorragende Kontrolle \u00fcber den Schwei\u00dfprozess und seine Reproduzierbarkeit.<\/li>\n\n\n\n<li>Unser pr\u00e4zises Hochspannungsnetzteil liefert die stufenlos einstellbare Strahlspannung von 5 bis 60 kV (minimale Schrittweite ist 20 V) und einen Strahlstrom von 15\u00b5A bis 33mA ( minimale Schrittweite 10\u00b5A). In Kombination mit dem Pulsmodus werden anspruchsvollste Prozessfenster adressiert. Durch den Pulsmodus ist der MEBW-60 in der Lage, eine herausragend pr\u00e4zise Energie- und W\u00e4rme\u00fcbertragung zu gew\u00e4hrleisten.<\/li>\n\n\n\n<li>&nbsp;SEM-Modus (Rasterelektronenmikroskopie) zur exakten Positionierung des Elektronenstrahls. Mit dem POWERBEAM kann das Werkst\u00fcck im mikroskopischen Bereich mit einer Aufl\u00f6sung bis zu ca. 25 \u00b5m beobachtet werden<\/li>\n\n\n\n<li>X\/Y-Koordinatentisch mit +\/-75mm Verfahrweg und &lt;30 \u00b5m Genauigkeit (10 \u00b5m Wiederholgenauigkeit) erm\u00f6glicht zusammen mit dem Strahlablenkungssystem die pr\u00e4zise Positionierung der Teile. Die optionale Drehvorrichtung mit Kippfunktion bietet Flexibilit\u00e4t f\u00fcr die L\u00f6sung eines breiten Spektrums von Aufgaben.<\/li>\n\n\n\n<li>Verschiedene Spannvorrichtungen: f\u00fcr Einzelst\u00fccke oder mehrere, mit Reitstock, vorgespannt, mit W\u00e4rmeabfuhr und Temperatursensoren<\/li>\n<\/ul>\n\n\n\n<div class=\"wp-block-columns is-layout-flex wp-container-core-columns-is-layout-9d6595d7 wp-block-columns-is-layout-flex\">\n<div class=\"wp-block-column is-layout-flow wp-block-column-is-layout-flow\" style=\"flex-basis:50%\">\n<figure data-wp-context=\"{&quot;imageId&quot;:&quot;69dea4d015873&quot;}\" data-wp-interactive=\"core\/image\" data-wp-key=\"69dea4d015873\" class=\"wp-block-image size-large wp-lightbox-container\"><img loading=\"lazy\" decoding=\"async\" width=\"1024\" height=\"768\" data-wp-class--hide=\"state.isContentHidden\" data-wp-class--show=\"state.isContentVisible\" data-wp-init=\"callbacks.setButtonStyles\" data-wp-on--click=\"actions.showLightbox\" data-wp-on--load=\"callbacks.setButtonStyles\" data-wp-on-window--resize=\"callbacks.setButtonStyles\" src=\"https:\/\/www.focus-welding.com\/wp-content\/uploads\/2023\/02\/L95_XYTable1-1-1024x768.jpg\" alt=\"\" class=\"wp-image-3503\" srcset=\"https:\/\/www.focus-welding.com\/wp-content\/uploads\/2023\/02\/L95_XYTable1-1-1024x768.jpg 1024w, https:\/\/www.focus-welding.com\/wp-content\/uploads\/2023\/02\/L95_XYTable1-1-300x225.jpg 300w, https:\/\/www.focus-welding.com\/wp-content\/uploads\/2023\/02\/L95_XYTable1-1-768x576.jpg 768w, https:\/\/www.focus-welding.com\/wp-content\/uploads\/2023\/02\/L95_XYTable1-1-1536x1152.jpg 1536w, https:\/\/www.focus-welding.com\/wp-content\/uploads\/2023\/02\/L95_XYTable1-1-2048x1536.jpg 2048w, https:\/\/www.focus-welding.com\/wp-content\/uploads\/2023\/02\/L95_XYTable1-1-500x375.jpg 500w\" sizes=\"auto, (max-width: 1024px) 100vw, 1024px\" \/><button\n\t\t\tclass=\"lightbox-trigger\"\n\t\t\ttype=\"button\"\n\t\t\taria-haspopup=\"dialog\"\n\t\t\taria-label=\"Vergr\u00f6\u00dfern\"\n\t\t\tdata-wp-init=\"callbacks.initTriggerButton\"\n\t\t\tdata-wp-on--click=\"actions.showLightbox\"\n\t\t\tdata-wp-style--right=\"state.imageButtonRight\"\n\t\t\tdata-wp-style--top=\"state.imageButtonTop\"\n\t\t>\n\t\t\t<svg xmlns=\"http:\/\/www.w3.org\/2000\/svg\" width=\"12\" height=\"12\" fill=\"none\" viewbox=\"0 0 12 12\">\n\t\t\t\t<path fill=\"#fff\" d=\"M2 0a2 2 0 0 0-2 2v2h1.5V2a.5.5 0 0 1 .5-.5h2V0H2Zm2 10.5H2a.5.5 0 0 1-.5-.5V8H0v2a2 2 0 0 0 2 2h2v-1.5ZM8 12v-1.5h2a.5.5 0 0 0 .5-.5V8H12v2a2 2 0 0 1-2 2H8Zm2-12a2 2 0 0 1 2 2v2h-1.5V2a.5.5 0 0 0-.5-.5H8V0h2Z\" \/>\n\t\t\t<\/svg>\n\t\t<\/button><\/figure>\n<\/div>\n\n\n\n<div class=\"wp-block-column is-layout-flow wp-block-column-is-layout-flow\" style=\"flex-basis:50%\">\n<figure data-wp-context=\"{&quot;imageId&quot;:&quot;69dea4d015b59&quot;}\" data-wp-interactive=\"core\/image\" data-wp-key=\"69dea4d015b59\" class=\"wp-block-image size-large wp-lightbox-container\"><img loading=\"lazy\" decoding=\"async\" width=\"1024\" height=\"768\" data-wp-class--hide=\"state.isContentHidden\" data-wp-class--show=\"state.isContentVisible\" data-wp-init=\"callbacks.setButtonStyles\" data-wp-on--click=\"actions.showLightbox\" data-wp-on--load=\"callbacks.setButtonStyles\" data-wp-on-window--resize=\"callbacks.setButtonStyles\" src=\"https:\/\/www.focus-welding.com\/wp-content\/uploads\/2023\/02\/L95_XYTable2-1-1024x768.jpg\" alt=\"\" class=\"wp-image-3504\" srcset=\"https:\/\/www.focus-welding.com\/wp-content\/uploads\/2023\/02\/L95_XYTable2-1-1024x768.jpg 1024w, https:\/\/www.focus-welding.com\/wp-content\/uploads\/2023\/02\/L95_XYTable2-1-300x225.jpg 300w, https:\/\/www.focus-welding.com\/wp-content\/uploads\/2023\/02\/L95_XYTable2-1-768x576.jpg 768w, https:\/\/www.focus-welding.com\/wp-content\/uploads\/2023\/02\/L95_XYTable2-1-1536x1152.jpg 1536w, https:\/\/www.focus-welding.com\/wp-content\/uploads\/2023\/02\/L95_XYTable2-1-2048x1536.jpg 2048w, https:\/\/www.focus-welding.com\/wp-content\/uploads\/2023\/02\/L95_XYTable2-1-500x375.jpg 500w\" sizes=\"auto, (max-width: 1024px) 100vw, 1024px\" \/><button\n\t\t\tclass=\"lightbox-trigger\"\n\t\t\ttype=\"button\"\n\t\t\taria-haspopup=\"dialog\"\n\t\t\taria-label=\"Vergr\u00f6\u00dfern\"\n\t\t\tdata-wp-init=\"callbacks.initTriggerButton\"\n\t\t\tdata-wp-on--click=\"actions.showLightbox\"\n\t\t\tdata-wp-style--right=\"state.imageButtonRight\"\n\t\t\tdata-wp-style--top=\"state.imageButtonTop\"\n\t\t>\n\t\t\t<svg xmlns=\"http:\/\/www.w3.org\/2000\/svg\" width=\"12\" height=\"12\" fill=\"none\" viewbox=\"0 0 12 12\">\n\t\t\t\t<path fill=\"#fff\" d=\"M2 0a2 2 0 0 0-2 2v2h1.5V2a.5.5 0 0 1 .5-.5h2V0H2Zm2 10.5H2a.5.5 0 0 1-.5-.5V8H0v2a2 2 0 0 0 2 2h2v-1.5ZM8 12v-1.5h2a.5.5 0 0 0 .5-.5V8H12v2a2 2 0 0 1-2 2H8Zm2-12a2 2 0 0 1 2 2v2h-1.5V2a.5.5 0 0 0-.5-.5H8V0h2Z\" \/>\n\t\t\t<\/svg>\n\t\t<\/button><\/figure>\n<\/div>\n<\/div>\n\n\n\n<div style=\"height:100px\" aria-hidden=\"true\" class=\"wp-block-spacer\"><\/div>","protected":false},"excerpt":{"rendered":"<p>POWERBEAM L95 Compact electron beam welding machine with X\/Y coordinate table. Details<\/p>","protected":false},"author":7,"featured_media":3223,"parent":0,"menu_order":0,"comment_status":"closed","ping_status":"closed","template":"","meta":{"_themeisle_gutenberg_block_has_review":false,"footnotes":""},"class_list":["post-2959","page","type-page","status-publish","has-post-thumbnail","hentry"],"yoast_head":"<!-- This site is optimized with the Yoast SEO Premium plugin v15.2.1 - https:\/\/yoast.com\/wordpress\/plugins\/seo\/ -->\n<title>POWERBEAM L95 | FOCUS Welding<\/title>\n<meta name=\"description\" content=\"Compact electron beam welding machine with X\/Y coordinate table.\" \/>\n<meta name=\"robots\" content=\"index, follow, max-snippet:-1, max-image-preview:large, max-video-preview:-1\" \/>\n<link rel=\"canonical\" href=\"https:\/\/www.focus-welding.com\/de\/mebw-60-l95\/\" \/>\n<meta property=\"og:locale\" content=\"de_DE\" \/>\n<meta property=\"og:type\" content=\"article\" \/>\n<meta property=\"og:title\" content=\"POWERBEAM L95 | FOCUS Welding\" \/>\n<meta property=\"og:description\" content=\"Compact electron beam welding machine with X\/Y coordinate table.\" \/>\n<meta property=\"og:url\" content=\"https:\/\/www.focus-welding.com\/de\/mebw-60-l95\/\" \/>\n<meta property=\"og:site_name\" content=\"FOCUS Welding\" \/>\n<meta property=\"article:modified_time\" content=\"2024-07-11T14:45:02+00:00\" \/>\n<meta property=\"og:image\" content=\"https:\/\/www.focus-welding.com\/wp-content\/uploads\/2023\/02\/MEBW-60-L95-Manchester-13-1.png\" \/>\n\t<meta property=\"og:image:width\" content=\"1920\" \/>\n\t<meta property=\"og:image:height\" content=\"1513\" \/>\n<meta name=\"twitter:card\" content=\"summary_large_image\" \/>\n<meta name=\"twitter:label1\" content=\"Verfasst von\">\n\t<meta name=\"twitter:data1\" content=\"cmerkel\">\n\t<meta name=\"twitter:label2\" content=\"Gesch\u00e4tzte Lesezeit\">\n\t<meta name=\"twitter:data2\" content=\"1\u00a0Minute\">\n<script type=\"application\/ld+json\" class=\"yoast-schema-graph\">{\"@context\":\"https:\/\/schema.org\",\"@graph\":[{\"@type\":\"Organization\",\"@id\":\"https:\/\/www.focus-welding.com\/#organization\",\"name\":\"Focus GmbH\",\"url\":\"https:\/\/www.focus-welding.com\/\",\"sameAs\":[\"https:\/\/www.youtube.com\/user\/FOCUSGmbH\"],\"logo\":{\"@type\":\"ImageObject\",\"@id\":\"https:\/\/www.focus-welding.com\/#logo\",\"inLanguage\":\"de\",\"url\":\"https:\/\/www.focus-welding.com\/wp-content\/uploads\/2019\/03\/2014_FOCUS_NoGmbH_NoSlogan_web.png\",\"width\":414,\"height\":200,\"caption\":\"Focus GmbH\"},\"image\":{\"@id\":\"https:\/\/www.focus-welding.com\/#logo\"}},{\"@type\":\"WebSite\",\"@id\":\"https:\/\/www.focus-welding.com\/#website\",\"url\":\"https:\/\/www.focus-welding.com\/\",\"name\":\"FOCUS Welding\",\"description\":\"Electron Beam Welding and Laser-in-Vacuum Welding Machines\",\"publisher\":{\"@id\":\"https:\/\/www.focus-welding.com\/#organization\"},\"potentialAction\":[{\"@type\":\"SearchAction\",\"target\":\"https:\/\/www.focus-welding.com\/?s={search_term_string}\",\"query-input\":\"required name=search_term_string\"}],\"inLanguage\":\"de\"},{\"@type\":\"ImageObject\",\"@id\":\"https:\/\/www.focus-welding.com\/mebw-60-l95\/#primaryimage\",\"inLanguage\":\"de\",\"url\":\"https:\/\/www.focus-welding.com\/wp-content\/uploads\/2023\/02\/MEBW-60-L95-Manchester-13-1.png\",\"width\":1920,\"height\":1513},{\"@type\":\"WebPage\",\"@id\":\"https:\/\/www.focus-welding.com\/mebw-60-l95\/#webpage\",\"url\":\"https:\/\/www.focus-welding.com\/mebw-60-l95\/\",\"name\":\"POWERBEAM L95 | FOCUS Welding\",\"isPartOf\":{\"@id\":\"https:\/\/www.focus-welding.com\/#website\"},\"primaryImageOfPage\":{\"@id\":\"https:\/\/www.focus-welding.com\/mebw-60-l95\/#primaryimage\"},\"datePublished\":\"2023-02-09T16:04:39+00:00\",\"dateModified\":\"2024-07-11T14:45:02+00:00\",\"description\":\"Compact electron beam welding machine with X\/Y coordinate table.\",\"inLanguage\":\"de\",\"potentialAction\":[{\"@type\":\"ReadAction\",\"target\":[\"https:\/\/www.focus-welding.com\/mebw-60-l95\/\"]}]}]}<\/script>\n<!-- \/ Yoast SEO Premium plugin. -->","_links":{"self":[{"href":"https:\/\/www.focus-welding.com\/de\/wp-json\/wp\/v2\/pages\/2959","targetHints":{"allow":["GET"]}}],"collection":[{"href":"https:\/\/www.focus-welding.com\/de\/wp-json\/wp\/v2\/pages"}],"about":[{"href":"https:\/\/www.focus-welding.com\/de\/wp-json\/wp\/v2\/types\/page"}],"author":[{"embeddable":true,"href":"https:\/\/www.focus-welding.com\/de\/wp-json\/wp\/v2\/users\/7"}],"replies":[{"embeddable":true,"href":"https:\/\/www.focus-welding.com\/de\/wp-json\/wp\/v2\/comments?post=2959"}],"version-history":[{"count":65,"href":"https:\/\/www.focus-welding.com\/de\/wp-json\/wp\/v2\/pages\/2959\/revisions"}],"predecessor-version":[{"id":5817,"href":"https:\/\/www.focus-welding.com\/de\/wp-json\/wp\/v2\/pages\/2959\/revisions\/5817"}],"wp:featuredmedia":[{"embeddable":true,"href":"https:\/\/www.focus-welding.com\/de\/wp-json\/wp\/v2\/media\/3223"}],"wp:attachment":[{"href":"https:\/\/www.focus-welding.com\/de\/wp-json\/wp\/v2\/media?parent=2959"}],"curies":[{"name":"wp","href":"https:\/\/api.w.org\/{rel}","templated":true}]}}