{"id":2972,"date":"2023-02-09T16:05:00","date_gmt":"2023-02-09T16:05:00","guid":{"rendered":"https:\/\/www.focus-welding.com\/?page_id=2972"},"modified":"2023-05-08T08:05:21","modified_gmt":"2023-05-08T08:05:21","slug":"eb-customized-machines","status":"publish","type":"page","link":"https:\/\/www.focus-welding.com\/de\/eb-customized-machines\/","title":{"rendered":"EB - Kundenspezifische Maschinen"},"content":{"rendered":"<div class=\"wp-block-columns is-layout-flex wp-container-core-columns-is-layout-9d6595d7 wp-block-columns-is-layout-flex\">\n<div class=\"wp-block-column is-vertically-aligned-top is-layout-flow wp-block-column-is-layout-flow\" style=\"flex-basis:49%\">\n<h2 class=\"wp-block-heading\" id=\"h-powerbeam-series-8l-95l-135l-standard-welding-machines-provide-the-ability-to-solve-most-problems-we-also-develop-unique-custom-solutions\"><strong>Die standard Schwei\u00dfmaschinen der POWERBEAM-Serie (8L, 95L, 135L) bieten die M\u00f6glichkeit, die meisten Probleme zu l\u00f6sen. Wir entwickeln auch spezielle kundenspezifische L\u00f6sungen.<\/strong><\/h2>\n\n\n\n<p>Die POWERBEAM Maschinen sind mit einem 2-kW-Pr\u00e4zisions-Elektronenstrahlgenerator mit einer einzigartigen Stromversorgung ausgestattet, die f\u00fcr individuelle Anwendungen konfiguriert werden kann:<\/p>\n<\/div>\n\n\n\n<div class=\"wp-block-column is-vertically-aligned-center is-layout-flow wp-block-column-is-layout-flow\" style=\"flex-basis:50%\">\n<figure class=\"wp-block-image size-full\"><img loading=\"lazy\" decoding=\"async\" width=\"2000\" height=\"1500\" src=\"https:\/\/www.focus-welding.com\/wp-content\/uploads\/2023\/03\/L135_xyzr_LaVa_wirefeeder_2023_rev2_alpha-1.jpg\" alt=\"\" class=\"wp-image-4205\" srcset=\"https:\/\/www.focus-welding.com\/wp-content\/uploads\/2023\/03\/L135_xyzr_LaVa_wirefeeder_2023_rev2_alpha-1.jpg 2000w, https:\/\/www.focus-welding.com\/wp-content\/uploads\/2023\/03\/L135_xyzr_LaVa_wirefeeder_2023_rev2_alpha-1-300x225.jpg 300w, https:\/\/www.focus-welding.com\/wp-content\/uploads\/2023\/03\/L135_xyzr_LaVa_wirefeeder_2023_rev2_alpha-1-1024x768.jpg 1024w, https:\/\/www.focus-welding.com\/wp-content\/uploads\/2023\/03\/L135_xyzr_LaVa_wirefeeder_2023_rev2_alpha-1-768x576.jpg 768w, https:\/\/www.focus-welding.com\/wp-content\/uploads\/2023\/03\/L135_xyzr_LaVa_wirefeeder_2023_rev2_alpha-1-1536x1152.jpg 1536w, https:\/\/www.focus-welding.com\/wp-content\/uploads\/2023\/03\/L135_xyzr_LaVa_wirefeeder_2023_rev2_alpha-1-500x375.jpg 500w\" sizes=\"auto, (max-width: 2000px) 100vw, 2000px\" \/><\/figure>\n<\/div>\n\n\n\n<div class=\"wp-block-column is-layout-flow wp-block-column-is-layout-flow\" style=\"flex-basis:1%\">\n<div style=\"height:375px\" aria-hidden=\"true\" class=\"wp-block-spacer\"><\/div>\n<\/div>\n<\/div>\n\n\n\n<div class=\"wp-block-cover alignfull is-light\"><span aria-hidden=\"true\" class=\"wp-block-cover__background has-background-dim-100 has-background-dim\" style=\"background-color:#eeeeee\"><\/span><div class=\"wp-block-cover__inner-container is-layout-flow wp-block-cover-is-layout-flow\">\n<div class=\"wp-block-columns alignfull is-layout-flex wp-container-core-columns-is-layout-9d6595d7 wp-block-columns-is-layout-flex\">\n<div class=\"wp-block-column is-layout-flow wp-block-column-is-layout-flow\" style=\"flex-basis:25%\"><\/div>\n\n\n\n<div class=\"wp-block-column is-layout-flow wp-block-column-is-layout-flow\" style=\"flex-basis:50%\">\n<div style=\"height:25px\" aria-hidden=\"true\" class=\"wp-block-spacer\"><\/div>\n\n\n\n<h2 class=\"wp-block-heading has-medium-font-size\"><strong>Wesentliche Merkmale<\/strong><\/h2>\n\n\n\n<ul class=\"wp-block-list\">\n<li>sequentielles Schwei\u00dfen\/Bohren in der Produktionslinie<\/li>\n\n\n\n<li>Schwei\u00dfen von langen Teilen in ma\u00dfgeschneiderten Kammern<\/li>\n\n\n\n<li>Ausstattung der Arbeitszelle mit Robotermanipulatoren<\/li>\n\n\n\n<li>Kombinierte Maschinen f\u00fcr Elektronenstrahl- und Laserschwei\u00dfen<\/li>\n\n\n\n<li>Einsatz von Elektronenstrahlen f\u00fcr additive Technologien<\/li>\n\n\n\n<li>W\u00e4rmebehandlung<\/li>\n\n\n\n<li>Oberfl\u00e4chenbearbeitung<\/li>\n\n\n\n<li>einzigartige Halter, Klemmen und Probenzuf\u00fchrungssysteme<\/li>\n<\/ul>\n\n\n\n<div style=\"height:10px\" aria-hidden=\"true\" class=\"wp-block-spacer\"><\/div>\n\n\n\n<p>Wir sind offen f\u00fcr die Diskussion zu Ihren Anwendungen und bereit, sie gemeinsam optimal zu l\u00f6sen.<\/p>\n\n\n\n<div style=\"height:25px\" aria-hidden=\"true\" class=\"wp-block-spacer\"><\/div>\n<\/div>\n\n\n\n<div class=\"wp-block-column is-layout-flow wp-block-column-is-layout-flow\" style=\"flex-basis:25%\"><\/div>\n<\/div>\n<\/div><\/div>\n\n\n\n<div style=\"height:100px\" aria-hidden=\"true\" class=\"wp-block-spacer\"><\/div>","protected":false},"excerpt":{"rendered":"<p>POWERBEAM series (8L, 95L, 135L) standard welding machines provide the ability to solve most problems. We also develop unique custom solutions. The POWERBEAM machines are equipped with 2 kW precision electron beam gun with a unique power supply that can be installed for individual applications.<\/p>","protected":false},"author":7,"featured_media":4205,"parent":0,"menu_order":0,"comment_status":"closed","ping_status":"closed","template":"","meta":{"_themeisle_gutenberg_block_has_review":false,"footnotes":""},"class_list":["post-2972","page","type-page","status-publish","has-post-thumbnail","hentry"],"yoast_head":"<!-- This site is optimized with the Yoast SEO Premium plugin v15.2.1 - https:\/\/yoast.com\/wordpress\/plugins\/seo\/ -->\n<title>EB - Customized Machines | FOCUS Welding<\/title>\n<meta name=\"description\" content=\"The MEBW-60 machines are equipped with 2 kW precision electron beam gun with a unique power supply that can be installed for individual applications\" \/>\n<meta name=\"robots\" content=\"index, follow, max-snippet:-1, max-image-preview:large, max-video-preview:-1\" \/>\n<link rel=\"canonical\" href=\"https:\/\/www.focus-welding.com\/de\/eb-customized-machines\/\" \/>\n<meta property=\"og:locale\" content=\"de_DE\" \/>\n<meta property=\"og:type\" content=\"article\" \/>\n<meta property=\"og:title\" content=\"EB - Customized Machines | FOCUS Welding\" \/>\n<meta property=\"og:description\" content=\"The MEBW-60 machines are equipped with 2 kW precision electron beam gun with a unique power supply that can be installed for individual applications\" \/>\n<meta property=\"og:url\" content=\"https:\/\/www.focus-welding.com\/de\/eb-customized-machines\/\" \/>\n<meta property=\"og:site_name\" content=\"FOCUS Welding\" \/>\n<meta property=\"article:modified_time\" content=\"2023-05-08T08:05:21+00:00\" \/>\n<meta property=\"og:image\" content=\"https:\/\/www.focus-welding.com\/wp-content\/uploads\/2023\/03\/L135_xyzr_LaVa_wirefeeder_2023_rev2_alpha-1.jpg\" \/>\n\t<meta property=\"og:image:width\" content=\"2000\" \/>\n\t<meta property=\"og:image:height\" content=\"1500\" \/>\n<meta name=\"twitter:card\" content=\"summary_large_image\" \/>\n<meta name=\"twitter:label1\" content=\"Verfasst von\">\n\t<meta name=\"twitter:data1\" content=\"cmerkel\">\n\t<meta name=\"twitter:label2\" content=\"Gesch\u00e4tzte Lesezeit\">\n\t<meta name=\"twitter:data2\" content=\"0\u00a0Minuten\">\n<script type=\"application\/ld+json\" class=\"yoast-schema-graph\">{\"@context\":\"https:\/\/schema.org\",\"@graph\":[{\"@type\":\"Organization\",\"@id\":\"https:\/\/www.focus-welding.com\/#organization\",\"name\":\"Focus GmbH\",\"url\":\"https:\/\/www.focus-welding.com\/\",\"sameAs\":[\"https:\/\/www.youtube.com\/user\/FOCUSGmbH\"],\"logo\":{\"@type\":\"ImageObject\",\"@id\":\"https:\/\/www.focus-welding.com\/#logo\",\"inLanguage\":\"de\",\"url\":\"https:\/\/www.focus-welding.com\/wp-content\/uploads\/2019\/03\/2014_FOCUS_NoGmbH_NoSlogan_web.png\",\"width\":414,\"height\":200,\"caption\":\"Focus GmbH\"},\"image\":{\"@id\":\"https:\/\/www.focus-welding.com\/#logo\"}},{\"@type\":\"WebSite\",\"@id\":\"https:\/\/www.focus-welding.com\/#website\",\"url\":\"https:\/\/www.focus-welding.com\/\",\"name\":\"FOCUS Welding\",\"description\":\"Electron Beam Welding and Laser-in-Vacuum Welding Machines\",\"publisher\":{\"@id\":\"https:\/\/www.focus-welding.com\/#organization\"},\"potentialAction\":[{\"@type\":\"SearchAction\",\"target\":\"https:\/\/www.focus-welding.com\/?s={search_term_string}\",\"query-input\":\"required name=search_term_string\"}],\"inLanguage\":\"de\"},{\"@type\":\"ImageObject\",\"@id\":\"https:\/\/www.focus-welding.com\/eb-customized-machines\/#primaryimage\",\"inLanguage\":\"de\",\"url\":\"https:\/\/www.focus-welding.com\/wp-content\/uploads\/2023\/03\/L135_xyzr_LaVa_wirefeeder_2023_rev2_alpha-1.jpg\",\"width\":2000,\"height\":1500},{\"@type\":\"WebPage\",\"@id\":\"https:\/\/www.focus-welding.com\/eb-customized-machines\/#webpage\",\"url\":\"https:\/\/www.focus-welding.com\/eb-customized-machines\/\",\"name\":\"EB - Customized Machines | FOCUS Welding\",\"isPartOf\":{\"@id\":\"https:\/\/www.focus-welding.com\/#website\"},\"primaryImageOfPage\":{\"@id\":\"https:\/\/www.focus-welding.com\/eb-customized-machines\/#primaryimage\"},\"datePublished\":\"2023-02-09T16:05:00+00:00\",\"dateModified\":\"2023-05-08T08:05:21+00:00\",\"description\":\"The MEBW-60 machines are equipped with 2 kW precision electron beam gun with a unique power supply that can be installed for individual applications\",\"inLanguage\":\"de\",\"potentialAction\":[{\"@type\":\"ReadAction\",\"target\":[\"https:\/\/www.focus-welding.com\/eb-customized-machines\/\"]}]}]}<\/script>\n<!-- \/ Yoast SEO Premium plugin. -->","_links":{"self":[{"href":"https:\/\/www.focus-welding.com\/de\/wp-json\/wp\/v2\/pages\/2972","targetHints":{"allow":["GET"]}}],"collection":[{"href":"https:\/\/www.focus-welding.com\/de\/wp-json\/wp\/v2\/pages"}],"about":[{"href":"https:\/\/www.focus-welding.com\/de\/wp-json\/wp\/v2\/types\/page"}],"author":[{"embeddable":true,"href":"https:\/\/www.focus-welding.com\/de\/wp-json\/wp\/v2\/users\/7"}],"replies":[{"embeddable":true,"href":"https:\/\/www.focus-welding.com\/de\/wp-json\/wp\/v2\/comments?post=2972"}],"version-history":[{"count":36,"href":"https:\/\/www.focus-welding.com\/de\/wp-json\/wp\/v2\/pages\/2972\/revisions"}],"predecessor-version":[{"id":4845,"href":"https:\/\/www.focus-welding.com\/de\/wp-json\/wp\/v2\/pages\/2972\/revisions\/4845"}],"wp:featuredmedia":[{"embeddable":true,"href":"https:\/\/www.focus-welding.com\/de\/wp-json\/wp\/v2\/media\/4205"}],"wp:attachment":[{"href":"https:\/\/www.focus-welding.com\/de\/wp-json\/wp\/v2\/media?parent=2972"}],"curies":[{"name":"wp","href":"https:\/\/api.w.org\/{rel}","templated":true}]}}