{"id":2976,"date":"2023-02-09T16:04:50","date_gmt":"2023-02-09T16:04:50","guid":{"rendered":"https:\/\/www.focus-welding.com\/?page_id=2976"},"modified":"2023-11-27T09:21:00","modified_gmt":"2023-11-27T09:21:00","slug":"eb-generator","status":"publish","type":"page","link":"https:\/\/www.focus-welding.com\/de\/eb-generator\/","title":{"rendered":"MICROBEAM &#8211; EB Generator"},"content":{"rendered":"<div style=\"height:25px\" aria-hidden=\"true\" class=\"wp-block-spacer\"><\/div>\n\n\n\n<div class=\"wp-block-columns is-layout-flex wp-container-core-columns-is-layout-9d6595d7 wp-block-columns-is-layout-flex\">\n<div class=\"wp-block-column is-vertically-aligned-top is-layout-flow wp-block-column-is-layout-flow\" style=\"flex-basis:50%\">\n<h2 class=\"wp-block-heading\" id=\"h-we-produce-a-unique-electron-beam-generator-with-precise-beam-control\"><strong>Wir produzieren einen einzigartigen Elektronenstrahlgenerator mit pr\u00e4ziser Strahlsteuerung.<\/strong><\/h2>\n\n\n\n<ul class=\"wp-block-list\">\n<li>Leicht austauschbare Kathode.<\/li>\n\n\n\n<li>Einfaches und schnelles Verfahren zum Auswechseln der Kathode.<\/li>\n\n\n\n<li>Pr\u00e4zisionsvorrichtung zur Montage der Kathode (Kathodenmontagewerkzeug).<\/li>\n<\/ul>\n<\/div>\n\n\n\n<div class=\"wp-block-column is-vertically-aligned-center is-layout-flow wp-block-column-is-layout-flow\" style=\"flex-basis:50%\">\n<figure class=\"wp-block-image size-full is-resized\"><img loading=\"lazy\" decoding=\"async\" width=\"1024\" height=\"807\" src=\"https:\/\/www.focus-welding.com\/wp-content\/uploads\/2023\/02\/Cannon_1024x807.png\" alt=\"\" class=\"wp-image-2990\" style=\"width:512px;height:404px\" srcset=\"https:\/\/www.focus-welding.com\/wp-content\/uploads\/2023\/02\/Cannon_1024x807.png 1024w, https:\/\/www.focus-welding.com\/wp-content\/uploads\/2023\/02\/Cannon_1024x807-300x236.png 300w, https:\/\/www.focus-welding.com\/wp-content\/uploads\/2023\/02\/Cannon_1024x807-768x605.png 768w, https:\/\/www.focus-welding.com\/wp-content\/uploads\/2023\/02\/Cannon_1024x807-500x394.png 500w\" sizes=\"auto, (max-width: 1024px) 100vw, 1024px\" \/><\/figure>\n<\/div>\n<\/div>\n\n\n\n<h2 class=\"wp-block-heading\" id=\"h-it-consists-of-2-main-parts\"><strong>It consists of 2 main parts:<\/strong><\/h2>\n\n\n\n<div class=\"wp-block-columns is-layout-flex wp-container-core-columns-is-layout-9d6595d7 wp-block-columns-is-layout-flex\">\n<div class=\"wp-block-column is-layout-flow wp-block-column-is-layout-flow\" style=\"flex-basis:50%\">\n<p>1) Elektronengenerator f\u00fcr besonders pr\u00e4zise Strahlf\u00fchrung. Ausgestattet mit einer Triode mit direkt beheizter Wolfram-Haarnadel-, Band- oder LaB6-Kathode zur Formung eines achsensymmetrischen Elektronenstrahls mit geringem Crossover, der beim Schwei\u00dfen eine kreisf\u00f6rmige Brennpunktform ergibt.<\/p>\n<\/div>\n\n\n\n<div class=\"wp-block-column is-layout-flow wp-block-column-is-layout-flow\" style=\"flex-basis:50%\">\n<p>2) Das Hochspannungsnetzteil liefert eine stufenlos einstellbare Strahlspannung von 5 bis 60 kV (Mindestschrittweite ist 20 V). Durch den Pulsmodus ist der MEBW-60 in der Lage, eine hoch pr\u00e4zise Energie- und W\u00e4rme\u00fcbertragung durchzuf\u00fchren.<\/p>\n<\/div>\n<\/div>\n\n\n\n<div class=\"wp-block-columns is-layout-flex wp-container-core-columns-is-layout-9d6595d7 wp-block-columns-is-layout-flex\">\n<div class=\"wp-block-column is-layout-flow wp-block-column-is-layout-flow\" style=\"flex-basis:50%\">\n<figure class=\"wp-block-table is-style-stripes\"><table class=\"has-white-background-color has-background\"><tbody><tr><td>Messfleckgr\u00f6\u00dfe bei 1 mA<\/td><td>&lt; 50\u00b5m<\/td><\/tr><tr><td>Min. Spotgr\u00f6\u00dfe<\/td><td>Bis zu 25 \u00b5m (SEM-Modus)<\/td><\/tr><tr><td>Strahlenergie<\/td><td>max. 60&nbsp;keV<\/td><\/tr><tr><td>Wattleistung des Strahls<\/td><td>max. 2&nbsp;kW<\/td><\/tr><tr><td>Min. Stromschrittweite<\/td><td>max. 33&nbsp;mA \/ 40mA<\/td><\/tr><tr><td>Ablenkungsbereich<\/td><td>\u00b1 8 bis \u00b1 15\u00b0 (je nach Konfiguration)<\/td><\/tr><tr><td>Kathode<\/td><td>direkt beheizte Wolframwendel (0,15 mm), direkt beheizte Bandwendel (0,4 mm), optional LaB6-Emitter<sub>6<\/sub> emitter<\/td><\/tr><tr><td>Flanschdurchmesser<\/td><td>105&nbsp;mm<\/td><\/tr><tr><td>Netzanschluss<\/td><td>Leistung und Wattzahl abh\u00e4ngig von der Pumpleistung<\/td><\/tr><tr><td>Konformit\u00e4t<\/td><td>CE<\/td><\/tr><\/tbody><\/table><\/figure>\n<\/div>\n\n\n\n<div class=\"wp-block-column is-layout-flow wp-block-column-is-layout-flow\" style=\"flex-basis:50%\">\n<figure class=\"wp-block-table is-style-stripes\"><table class=\"has-white-background-color has-background\"><tbody><tr><td class=\"has-text-align-left\" data-align=\"left\">Beschleunigungsspannung<\/td><td>5 bis 60 kV<\/td><\/tr><tr><td class=\"has-text-align-left\" data-align=\"left\">Min. Spannungsschrittweite<\/td><td>20 V<\/td><\/tr><tr><td class=\"has-text-align-left\" data-align=\"left\">Pulsierender Modus<\/td><td>Pulsbetrieb bis zu 10\u03bcsec Pulsbreite; bis zu 5kHz Pulsfrequenz<\/td><\/tr><tr><td class=\"has-text-align-left\" data-align=\"left\">Min. Stromschrittweite<\/td><td>0,050 bis 33 mA (begrenzt durch die max. Wattleistung)<\/td><\/tr><tr><td class=\"has-text-align-left\" data-align=\"left\">Min. current step size<\/td><td>1\u03bcA<\/td><\/tr><tr><td class=\"has-text-align-left\" data-align=\"left\">Wattleistung<\/td><td>max. 2&nbsp;kW<\/td><\/tr><tr><td class=\"has-text-align-left\" data-align=\"left\">Wehnelt-Spannung<\/td><td>bis zu -1250 V<\/td><\/tr><tr><td class=\"has-text-align-left\" data-align=\"left\">Gl\u00fchfaden-Strom<\/td><td>max. 5&nbsp;A<\/td><\/tr><tr><td class=\"has-text-align-left\" data-align=\"left\">Gl\u00fchfaden-Spannung<\/td><td>max. 5&nbsp;V<\/td><\/tr><tr><td class=\"has-text-align-left\" data-align=\"left\">Wattleistung des Gl\u00fchfadens<\/td><td>max. 25&nbsp;W<\/td><\/tr><\/tbody><\/table><\/figure>\n<\/div>\n<\/div>\n\n\n\n<p>F\u00fcr weitere Informationen <a href=\"https:\/\/www.focus-welding.com\/contact\/\" target=\"_self\">kontaktieren<\/a> Sie uns bitte.<\/p>\n\n\n\n<div style=\"height:100px\" aria-hidden=\"true\" class=\"wp-block-spacer\"><\/div>","protected":false},"excerpt":{"rendered":"<p>We produce a unique electron beam generator with precise beam control. It consists of 2 main parts: 1) Electron gun for particularly precise beam control. Equipped with triode with a direct heated tungsten hair pin, ribbon-type or LaB6 cathode to form an axisymmetric electron beam with a small crossover, providing a circular focal spot shape [&hellip;]<\/p>","protected":false},"author":7,"featured_media":3173,"parent":0,"menu_order":0,"comment_status":"closed","ping_status":"closed","template":"","meta":{"_themeisle_gutenberg_block_has_review":false,"footnotes":""},"class_list":["post-2976","page","type-page","status-publish","has-post-thumbnail","hentry"],"yoast_head":"<!-- This site is optimized with the Yoast SEO Premium plugin v15.2.1 - https:\/\/yoast.com\/wordpress\/plugins\/seo\/ -->\n<title>MICROBEAM - EB Generator | FOCUS Welding<\/title>\n<meta name=\"description\" content=\"We produce a unique electron beam generator with precise beam control.\" \/>\n<meta name=\"robots\" content=\"index, follow, max-snippet:-1, max-image-preview:large, max-video-preview:-1\" \/>\n<link rel=\"canonical\" href=\"https:\/\/www.focus-welding.com\/de\/eb-generator\/\" \/>\n<meta property=\"og:locale\" content=\"de_DE\" \/>\n<meta property=\"og:type\" content=\"article\" \/>\n<meta property=\"og:title\" content=\"MICROBEAM - EB Generator | FOCUS Welding\" \/>\n<meta property=\"og:description\" content=\"We produce a unique electron beam generator with precise beam control.\" \/>\n<meta property=\"og:url\" content=\"https:\/\/www.focus-welding.com\/de\/eb-generator\/\" \/>\n<meta property=\"og:site_name\" content=\"FOCUS Welding\" \/>\n<meta property=\"article:modified_time\" content=\"2023-11-27T09:21:00+00:00\" \/>\n<meta property=\"og:image\" content=\"https:\/\/www.focus-welding.com\/wp-content\/uploads\/2023\/02\/Cannon_web-scaled.jpg\" \/>\n\t<meta property=\"og:image:width\" content=\"1707\" \/>\n\t<meta property=\"og:image:height\" content=\"2560\" \/>\n<meta name=\"twitter:card\" content=\"summary_large_image\" \/>\n<meta name=\"twitter:label1\" content=\"Verfasst von\">\n\t<meta name=\"twitter:data1\" content=\"cmerkel\">\n\t<meta name=\"twitter:label2\" content=\"Gesch\u00e4tzte Lesezeit\">\n\t<meta name=\"twitter:data2\" content=\"1\u00a0Minute\">\n<script type=\"application\/ld+json\" class=\"yoast-schema-graph\">{\"@context\":\"https:\/\/schema.org\",\"@graph\":[{\"@type\":\"Organization\",\"@id\":\"https:\/\/www.focus-welding.com\/#organization\",\"name\":\"Focus GmbH\",\"url\":\"https:\/\/www.focus-welding.com\/\",\"sameAs\":[\"https:\/\/www.youtube.com\/user\/FOCUSGmbH\"],\"logo\":{\"@type\":\"ImageObject\",\"@id\":\"https:\/\/www.focus-welding.com\/#logo\",\"inLanguage\":\"de\",\"url\":\"https:\/\/www.focus-welding.com\/wp-content\/uploads\/2019\/03\/2014_FOCUS_NoGmbH_NoSlogan_web.png\",\"width\":414,\"height\":200,\"caption\":\"Focus GmbH\"},\"image\":{\"@id\":\"https:\/\/www.focus-welding.com\/#logo\"}},{\"@type\":\"WebSite\",\"@id\":\"https:\/\/www.focus-welding.com\/#website\",\"url\":\"https:\/\/www.focus-welding.com\/\",\"name\":\"FOCUS Welding\",\"description\":\"Electron Beam Welding and Laser-in-Vacuum Welding Machines\",\"publisher\":{\"@id\":\"https:\/\/www.focus-welding.com\/#organization\"},\"potentialAction\":[{\"@type\":\"SearchAction\",\"target\":\"https:\/\/www.focus-welding.com\/?s={search_term_string}\",\"query-input\":\"required name=search_term_string\"}],\"inLanguage\":\"de\"},{\"@type\":\"ImageObject\",\"@id\":\"https:\/\/www.focus-welding.com\/eb-generator\/#primaryimage\",\"inLanguage\":\"de\",\"url\":\"https:\/\/www.focus-welding.com\/wp-content\/uploads\/2023\/02\/Cannon_web-scaled.jpg\",\"width\":1707,\"height\":2560},{\"@type\":\"WebPage\",\"@id\":\"https:\/\/www.focus-welding.com\/eb-generator\/#webpage\",\"url\":\"https:\/\/www.focus-welding.com\/eb-generator\/\",\"name\":\"MICROBEAM - EB Generator | FOCUS Welding\",\"isPartOf\":{\"@id\":\"https:\/\/www.focus-welding.com\/#website\"},\"primaryImageOfPage\":{\"@id\":\"https:\/\/www.focus-welding.com\/eb-generator\/#primaryimage\"},\"datePublished\":\"2023-02-09T16:04:50+00:00\",\"dateModified\":\"2023-11-27T09:21:00+00:00\",\"description\":\"We produce a unique electron beam generator with precise beam control.\",\"inLanguage\":\"de\",\"potentialAction\":[{\"@type\":\"ReadAction\",\"target\":[\"https:\/\/www.focus-welding.com\/eb-generator\/\"]}]}]}<\/script>\n<!-- \/ Yoast SEO Premium plugin. -->","_links":{"self":[{"href":"https:\/\/www.focus-welding.com\/de\/wp-json\/wp\/v2\/pages\/2976","targetHints":{"allow":["GET"]}}],"collection":[{"href":"https:\/\/www.focus-welding.com\/de\/wp-json\/wp\/v2\/pages"}],"about":[{"href":"https:\/\/www.focus-welding.com\/de\/wp-json\/wp\/v2\/types\/page"}],"author":[{"embeddable":true,"href":"https:\/\/www.focus-welding.com\/de\/wp-json\/wp\/v2\/users\/7"}],"replies":[{"embeddable":true,"href":"https:\/\/www.focus-welding.com\/de\/wp-json\/wp\/v2\/comments?post=2976"}],"version-history":[{"count":44,"href":"https:\/\/www.focus-welding.com\/de\/wp-json\/wp\/v2\/pages\/2976\/revisions"}],"predecessor-version":[{"id":5149,"href":"https:\/\/www.focus-welding.com\/de\/wp-json\/wp\/v2\/pages\/2976\/revisions\/5149"}],"wp:featuredmedia":[{"embeddable":true,"href":"https:\/\/www.focus-welding.com\/de\/wp-json\/wp\/v2\/media\/3173"}],"wp:attachment":[{"href":"https:\/\/www.focus-welding.com\/de\/wp-json\/wp\/v2\/media?parent=2976"}],"curies":[{"name":"wp","href":"https:\/\/api.w.org\/{rel}","templated":true}]}}