{"id":3660,"date":"2023-02-22T15:42:10","date_gmt":"2023-02-22T15:42:10","guid":{"rendered":"https:\/\/www.focus-welding.com\/?page_id=3660"},"modified":"2024-12-18T16:33:53","modified_gmt":"2024-12-18T16:33:53","slug":"lava-l95","status":"publish","type":"page","link":"https:\/\/www.focus-welding.com\/de\/lava-l95\/","title":{"rendered":"LaVa L95"},"content":{"rendered":"<div class=\"wp-block-columns are-vertically-aligned-top is-layout-flex wp-container-core-columns-is-layout-9d6595d7 wp-block-columns-is-layout-flex\">\n<div class=\"wp-block-column is-vertically-aligned-top is-layout-flow wp-block-column-is-layout-flow\" style=\"flex-basis:49%\">\n<h2 class=\"wp-block-heading ticss-cb1c9350 has-large-font-size\" id=\"h-lava-l95\"><strong>LaVa L95<\/strong><\/h2>\n\n\n\n<p class=\"has-medium-font-size\">Kompakte Laser-Vakuum-Schwei\u00dfmaschine mit X\/Y-Koordinatentisch.<\/p>\n\n\n\n<div style=\"height:58px\" aria-hidden=\"true\" class=\"wp-block-spacer\"><\/div>\n\n\n\n<div id=\"wp-block-themeisle-blocks-button-group-1dc6184d\" class=\"wp-block-themeisle-blocks-button-group wp-block-buttons\">\n<div id=\"wp-block-themeisle-blocks-button-ee1217f0\" class=\"wp-block-themeisle-blocks-button wp-block-button is-style-outline\"><a href=\"https:\/\/www.focus-welding.com\/wp-content\/uploads\/2024\/07\/lava_brochure_2024.pdf\" target=\"_blank\" rel=\"noopener noreferrer\" class=\"wp-block-button__link\"><i class=\"fas fa-fw fa-download margin-right\"><\/i><span>Brosch\u00fcre<\/span><\/a><\/div>\n<\/div>\n\n\n\n<p><\/p>\n<\/div>\n\n\n\n<div class=\"wp-block-column is-vertically-aligned-top is-layout-flow wp-block-column-is-layout-flow\" style=\"flex-basis:50%\">\n<figure class=\"wp-block-image size-large\"><img loading=\"lazy\" decoding=\"async\" width=\"1024\" height=\"768\" src=\"https:\/\/www.focus-welding.com\/wp-content\/uploads\/2023\/03\/RQ0A4131_LaVa_Photo_2023-1024x768.png\" alt=\"\" class=\"wp-image-4672\" srcset=\"https:\/\/www.focus-welding.com\/wp-content\/uploads\/2023\/03\/RQ0A4131_LaVa_Photo_2023-1024x768.png 1024w, https:\/\/www.focus-welding.com\/wp-content\/uploads\/2023\/03\/RQ0A4131_LaVa_Photo_2023-300x225.png 300w, https:\/\/www.focus-welding.com\/wp-content\/uploads\/2023\/03\/RQ0A4131_LaVa_Photo_2023-768x576.png 768w, https:\/\/www.focus-welding.com\/wp-content\/uploads\/2023\/03\/RQ0A4131_LaVa_Photo_2023-500x375.png 500w, https:\/\/www.focus-welding.com\/wp-content\/uploads\/2023\/03\/RQ0A4131_LaVa_Photo_2023.png 1440w\" sizes=\"auto, (max-width: 1024px) 100vw, 1024px\" \/><figcaption class=\"wp-element-caption\">\t\t\t\t\t\t<\/figcaption><\/figure>\n<\/div>\n\n\n\n<div class=\"wp-block-column is-layout-flow wp-block-column-is-layout-flow\" style=\"flex-basis:1%\">\n<div style=\"height:375px\" aria-hidden=\"true\" class=\"wp-block-spacer\"><\/div>\n<\/div>\n<\/div>\n\n\n\n<div class=\"wp-block-cover alignfull is-light\" style=\"min-height:50px;aspect-ratio:unset;\"><span aria-hidden=\"true\" class=\"wp-block-cover__background has-background-dim-100 has-background-dim\" style=\"background-color:#eeeeee\"><\/span><div class=\"wp-block-cover__inner-container is-layout-flow wp-block-cover-is-layout-flow\">\n<div class=\"wp-block-columns alignfull is-layout-flex wp-container-core-columns-is-layout-9d6595d7 wp-block-columns-is-layout-flex\">\n<div class=\"wp-block-column is-layout-flow wp-block-column-is-layout-flow\" style=\"flex-basis:25%\"><\/div>\n\n\n\n<div class=\"wp-block-column is-layout-flow wp-block-column-is-layout-flow\" style=\"flex-basis:50%\">\n<h2 class=\"wp-block-heading has-medium-font-size\" id=\"h-key-features\"><strong>Wesentliche Merkmale<\/strong><\/h2>\n\n\n\n<ul class=\"wp-block-list\">\n<li>500W, 1 kW oder 2 kW Laser<\/li>\n\n\n\n<li>95-Liter-Arbeitskammer: 500 x 500 x 400 mm\u00b3<\/li>\n\n\n\n<li>x\/y-Werkst\u00fcckmanipulator mit +\/-75 mm Verfahrweg<\/li>\n\n\n\n<li>Kompakte Stellfl\u00e4che 2 x 2,9 m, verstellbar<\/li>\n<\/ul>\n<\/div>\n\n\n\n<div class=\"wp-block-column is-layout-flow wp-block-column-is-layout-flow\" style=\"flex-basis:25%\"><\/div>\n<\/div>\n\n\n\n<div style=\"height:25px\" aria-hidden=\"true\" class=\"wp-block-spacer\"><\/div>\n<\/div><\/div>\n\n\n\n<div style=\"height:25px\" aria-hidden=\"true\" class=\"wp-block-spacer\"><\/div>\n\n\n\n<p class=\"has-medium-font-size\"><strong>Details<\/strong><\/p>\n\n\n\n<ul class=\"wp-block-list\">\n<li>Typ und Leistung des Lasers werden entsprechend den Anforderungen und Aufgaben des Kunden ausgew\u00e4hlt<\/li>\n\n\n\n<li>Fokuslagenausrichtung ist in CNC-System integriert<\/li>\n\n\n\n<li>OptiShield\u00ae zum Schutz der Lasereingangsfenster vor Verschmutzung und mit &gt;200 mm z-Verfahrweg f\u00fcr die Fokuseinstellung<\/li>\n\n\n\n<li>Die Abpumpzeit betr\u00e4gt weniger als 1 Minute<\/li>\n\n\n\n<li>X\/Y-Koordinatentisch mit +\/-75mm Verfahrweg und &lt;30 \u00b5m Genauigkeit (10 \u00b5m Wiederholgenauigkeit) erm\u00f6glicht zusammen mit dem Strahlablenkungssystem die pr\u00e4zise Positionierung der Teile. Die optionale Drehvorrichtung mit Kippfunktion bietet Flexibilit\u00e4t f\u00fcr die L\u00f6sung eines breiten Spektrums von Aufgaben.<\/li>\n\n\n\n<li>Verschiedene Spannvorrichtungen: f\u00fcr Einzelst\u00fccke oder mehrere, mit Reitstock, vorgespannt, mit W\u00e4rmeabfuhr und Temperatursensoren<\/li>\n<\/ul>\n\n\n\n<div style=\"height:100px\" aria-hidden=\"true\" class=\"wp-block-spacer\"><\/div>","protected":false},"excerpt":{"rendered":"<p>LaVa L95 Compact laser in vacuum welding machine with X\/Y coordinate table. Details<\/p>","protected":false},"author":7,"featured_media":4672,"parent":0,"menu_order":0,"comment_status":"closed","ping_status":"closed","template":"","meta":{"_themeisle_gutenberg_block_has_review":false,"footnotes":""},"class_list":["post-3660","page","type-page","status-publish","has-post-thumbnail","hentry"],"yoast_head":"<!-- This site is optimized with the Yoast SEO Premium plugin v15.2.1 - https:\/\/yoast.com\/wordpress\/plugins\/seo\/ -->\n<title>LaVa L95 | FOCUS Welding<\/title>\n<meta name=\"robots\" content=\"index, follow, max-snippet:-1, max-image-preview:large, max-video-preview:-1\" \/>\n<link rel=\"canonical\" href=\"https:\/\/www.focus-welding.com\/de\/lava-l95\/\" \/>\n<meta property=\"og:locale\" content=\"de_DE\" \/>\n<meta property=\"og:type\" content=\"article\" \/>\n<meta property=\"og:title\" content=\"LaVa L95 | FOCUS Welding\" \/>\n<meta property=\"og:description\" content=\"LaVa L95 Compact laser in vacuum welding machine with X\/Y coordinate table. Details\" \/>\n<meta property=\"og:url\" content=\"https:\/\/www.focus-welding.com\/de\/lava-l95\/\" \/>\n<meta property=\"og:site_name\" content=\"FOCUS Welding\" \/>\n<meta property=\"article:modified_time\" content=\"2024-12-18T16:33:53+00:00\" \/>\n<meta property=\"og:image\" content=\"https:\/\/www.focus-welding.com\/wp-content\/uploads\/2023\/03\/RQ0A4131_LaVa_Photo_2023.png\" \/>\n\t<meta property=\"og:image:width\" content=\"1440\" \/>\n\t<meta property=\"og:image:height\" content=\"1080\" \/>\n<meta name=\"twitter:card\" content=\"summary_large_image\" \/>\n<meta name=\"twitter:label1\" content=\"Verfasst von\">\n\t<meta name=\"twitter:data1\" content=\"cmerkel\">\n\t<meta name=\"twitter:label2\" content=\"Gesch\u00e4tzte Lesezeit\">\n\t<meta name=\"twitter:data2\" content=\"1\u00a0Minute\">\n<script type=\"application\/ld+json\" class=\"yoast-schema-graph\">{\"@context\":\"https:\/\/schema.org\",\"@graph\":[{\"@type\":\"Organization\",\"@id\":\"https:\/\/www.focus-welding.com\/#organization\",\"name\":\"Focus GmbH\",\"url\":\"https:\/\/www.focus-welding.com\/\",\"sameAs\":[\"https:\/\/www.youtube.com\/user\/FOCUSGmbH\"],\"logo\":{\"@type\":\"ImageObject\",\"@id\":\"https:\/\/www.focus-welding.com\/#logo\",\"inLanguage\":\"de\",\"url\":\"https:\/\/www.focus-welding.com\/wp-content\/uploads\/2019\/03\/2014_FOCUS_NoGmbH_NoSlogan_web.png\",\"width\":414,\"height\":200,\"caption\":\"Focus GmbH\"},\"image\":{\"@id\":\"https:\/\/www.focus-welding.com\/#logo\"}},{\"@type\":\"WebSite\",\"@id\":\"https:\/\/www.focus-welding.com\/#website\",\"url\":\"https:\/\/www.focus-welding.com\/\",\"name\":\"FOCUS Welding\",\"description\":\"Electron Beam Welding and Laser-in-Vacuum Welding Machines\",\"publisher\":{\"@id\":\"https:\/\/www.focus-welding.com\/#organization\"},\"potentialAction\":[{\"@type\":\"SearchAction\",\"target\":\"https:\/\/www.focus-welding.com\/?s={search_term_string}\",\"query-input\":\"required name=search_term_string\"}],\"inLanguage\":\"de\"},{\"@type\":\"ImageObject\",\"@id\":\"https:\/\/www.focus-welding.com\/lava-l95\/#primaryimage\",\"inLanguage\":\"de\",\"url\":\"https:\/\/www.focus-welding.com\/wp-content\/uploads\/2023\/03\/RQ0A4131_LaVa_Photo_2023.png\",\"width\":1440,\"height\":1080},{\"@type\":\"WebPage\",\"@id\":\"https:\/\/www.focus-welding.com\/lava-l95\/#webpage\",\"url\":\"https:\/\/www.focus-welding.com\/lava-l95\/\",\"name\":\"LaVa L95 | FOCUS Welding\",\"isPartOf\":{\"@id\":\"https:\/\/www.focus-welding.com\/#website\"},\"primaryImageOfPage\":{\"@id\":\"https:\/\/www.focus-welding.com\/lava-l95\/#primaryimage\"},\"datePublished\":\"2023-02-22T15:42:10+00:00\",\"dateModified\":\"2024-12-18T16:33:53+00:00\",\"inLanguage\":\"de\",\"potentialAction\":[{\"@type\":\"ReadAction\",\"target\":[\"https:\/\/www.focus-welding.com\/lava-l95\/\"]}]}]}<\/script>\n<!-- \/ Yoast SEO Premium plugin. -->","_links":{"self":[{"href":"https:\/\/www.focus-welding.com\/de\/wp-json\/wp\/v2\/pages\/3660","targetHints":{"allow":["GET"]}}],"collection":[{"href":"https:\/\/www.focus-welding.com\/de\/wp-json\/wp\/v2\/pages"}],"about":[{"href":"https:\/\/www.focus-welding.com\/de\/wp-json\/wp\/v2\/types\/page"}],"author":[{"embeddable":true,"href":"https:\/\/www.focus-welding.com\/de\/wp-json\/wp\/v2\/users\/7"}],"replies":[{"embeddable":true,"href":"https:\/\/www.focus-welding.com\/de\/wp-json\/wp\/v2\/comments?post=3660"}],"version-history":[{"count":29,"href":"https:\/\/www.focus-welding.com\/de\/wp-json\/wp\/v2\/pages\/3660\/revisions"}],"predecessor-version":[{"id":6263,"href":"https:\/\/www.focus-welding.com\/de\/wp-json\/wp\/v2\/pages\/3660\/revisions\/6263"}],"wp:featuredmedia":[{"embeddable":true,"href":"https:\/\/www.focus-welding.com\/de\/wp-json\/wp\/v2\/media\/4672"}],"wp:attachment":[{"href":"https:\/\/www.focus-welding.com\/de\/wp-json\/wp\/v2\/media?parent=3660"}],"curies":[{"name":"wp","href":"https:\/\/api.w.org\/{rel}","templated":true}]}}