{"id":3664,"date":"2023-02-22T15:58:23","date_gmt":"2023-02-22T15:58:23","guid":{"rendered":"https:\/\/www.focus-welding.com\/?page_id=3664"},"modified":"2023-11-27T09:24:10","modified_gmt":"2023-11-27T09:24:10","slug":"lava-customized-machines","status":"publish","type":"page","link":"https:\/\/www.focus-welding.com\/de\/lava-customized-machines\/","title":{"rendered":"LaVa - Kunden-<br>spezifische Maschinen"},"content":{"rendered":"<div style=\"height:50px\" aria-hidden=\"true\" class=\"wp-block-spacer\"><\/div>\n\n\n\n<div class=\"wp-block-columns is-layout-flex wp-container-core-columns-is-layout-9d6595d7 wp-block-columns-is-layout-flex\">\n<div class=\"wp-block-column is-vertically-aligned-center is-layout-flow wp-block-column-is-layout-flow\" style=\"flex-basis:30%\">\n<h2 class=\"wp-block-heading ticss-cb1c9350\" id=\"h-lava-customized-machines\" style=\"font-size:32px\"><strong>LaVa - Kunden-<br>spezifische Maschinen<\/strong><\/h2>\n\n\n\n<p class=\"has-medium-font-size\">Zus\u00e4tzlich zu unserer Standardmaschine LaVa L95 bieten wir kundenspezifische L\u00f6sungen f\u00fcr spezielle, exklusive Anwendungen an.<\/p>\n<\/div>\n\n\n\n<div class=\"wp-block-column is-vertically-aligned-top is-layout-flow wp-block-column-is-layout-flow\" style=\"flex-basis:70%\"><div class=\"wp-block-image\">\n<figure class=\"aligncenter size-large\"><img loading=\"lazy\" decoding=\"async\" width=\"1024\" height=\"1024\" src=\"https:\/\/www.focus-welding.com\/wp-content\/uploads\/2023\/03\/L135_xyzr_LaVa_wirefeeder_2023_rev2_alpha-1024x1024.jpg\" alt=\"\" class=\"wp-image-3885\" srcset=\"https:\/\/www.focus-welding.com\/wp-content\/uploads\/2023\/03\/L135_xyzr_LaVa_wirefeeder_2023_rev2_alpha-1024x1024.jpg 1024w, https:\/\/www.focus-welding.com\/wp-content\/uploads\/2023\/03\/L135_xyzr_LaVa_wirefeeder_2023_rev2_alpha-300x300.jpg 300w, https:\/\/www.focus-welding.com\/wp-content\/uploads\/2023\/03\/L135_xyzr_LaVa_wirefeeder_2023_rev2_alpha-150x150.jpg 150w, https:\/\/www.focus-welding.com\/wp-content\/uploads\/2023\/03\/L135_xyzr_LaVa_wirefeeder_2023_rev2_alpha-768x768.jpg 768w, https:\/\/www.focus-welding.com\/wp-content\/uploads\/2023\/03\/L135_xyzr_LaVa_wirefeeder_2023_rev2_alpha-1536x1536.jpg 1536w, https:\/\/www.focus-welding.com\/wp-content\/uploads\/2023\/03\/L135_xyzr_LaVa_wirefeeder_2023_rev2_alpha-500x500.jpg 500w, https:\/\/www.focus-welding.com\/wp-content\/uploads\/2023\/03\/L135_xyzr_LaVa_wirefeeder_2023_rev2_alpha.jpg 2000w\" sizes=\"auto, (max-width: 1024px) 100vw, 1024px\" \/><\/figure>\n<\/div><\/div>\n<\/div>\n\n\n\n<div style=\"height:100px\" aria-hidden=\"true\" class=\"wp-block-spacer\"><\/div>\n\n\n\n<p>Unsere Maschine kann mit einer breiten Palette von Lasern ausgestattet werden, mit einer Leistung zwischen 0,5 und 6 kW (oder sogar h\u00f6her, auf Anfrage), Single- oder Multimode. Wir k\u00f6nnen auch einen vorhandenen Kundenlaser in das LaVa-Steuerungssystem integrieren.&nbsp;<\/p>\n\n\n\n<p>Kammergr\u00f6\u00dfe und -volumen k\u00f6nnen je nach Kundenwunsch angepasst werden. Die Maschine kann f\u00fcr individuelle Anwendungen konfiguriert werden:&nbsp;<\/p>\n\n\n\n<div style=\"height:50px\" aria-hidden=\"true\" class=\"wp-block-spacer\"><\/div>\n\n\n\n<div class=\"wp-block-cover alignfull is-light\"><span aria-hidden=\"true\" class=\"wp-block-cover__background has-background-dim-100 has-background-dim\" style=\"background-color:#eeeeee\"><\/span><div class=\"wp-block-cover__inner-container is-layout-flow wp-block-cover-is-layout-flow\">\n<div style=\"height:50px\" aria-hidden=\"true\" class=\"wp-block-spacer\"><\/div>\n\n\n\n<div class=\"wp-block-columns alignfull is-layout-flex wp-container-core-columns-is-layout-9d6595d7 wp-block-columns-is-layout-flex\">\n<div class=\"wp-block-column is-layout-flow wp-block-column-is-layout-flow\" style=\"flex-basis:25%\"><\/div>\n\n\n\n<div class=\"wp-block-column is-vertically-aligned-center is-layout-flow wp-block-column-is-layout-flow\" style=\"flex-basis:50%\">\n<ul class=\"wp-block-list\">\n<li>sequentielles Schwei\u00dfen\/Bohren in der Produktionslinie<\/li>\n\n\n\n<li>Schwei\u00dfen von langen Teilen in ma\u00dfgeschneiderten Kammern<\/li>\n\n\n\n<li>Ausr\u00fcstung der Arbeitskammer mit robotermanipulatoren<\/li>\n\n\n\n<li>Kombinierte Maschinen f\u00fcr Elektronenstrahl- und Laserschwei\u00dfen<\/li>\n\n\n\n<li>W\u00e4rmebehandlung<\/li>\n\n\n\n<li>Oberfl\u00e4chenbearbeitung<\/li>\n\n\n\n<li>einzigartige Halter, Klemmen und Probenzuf\u00fchrungssysteme<\/li>\n<\/ul>\n<\/div>\n\n\n\n<div class=\"wp-block-column is-layout-flow wp-block-column-is-layout-flow\" style=\"flex-basis:25%\">\n<div style=\"height:10px\" aria-hidden=\"true\" class=\"wp-block-spacer\"><\/div>\n\n\n\t\t\t<div class='wp-block-icb-image-compare  align' id='icbImageCompare-bcfccc49-c' data-attributes='{&quot;cId&quot;:&quot;bcfccc49-c&quot;,&quot;width&quot;:&quot;100%&quot;,&quot;border&quot;:{&quot;width&quot;:&quot;0px&quot;,&quot;style&quot;:&quot;solid&quot;,&quot;color&quot;:&quot;#0000&quot;,&quot;side&quot;:&quot;all&quot;,&quot;radius&quot;:&quot;0px&quot;,&quot;styles&quot;:&quot;border-radius: 0px;&quot;},&quot;beforeImg&quot;:{&quot;id&quot;:4745,&quot;url&quot;:&quot;https:\\\/\\\/www.focus-welding.com\\\/wp-content\\\/uploads\\\/2023\\\/03\\\/RQ0A5501_Wirefeeder_Closed-scaled.webp&quot;,&quot;alt&quot;:&quot;&quot;,&quot;title&quot;:&quot;RQ0A5501_Wirefeeder&quot;},&quot;afterImg&quot;:{&quot;id&quot;:4743,&quot;url&quot;:&quot;https:\\\/\\\/www.focus-welding.com\\\/wp-content\\\/uploads\\\/2023\\\/03\\\/RQ0A5501_Wirefeeder-scaled.webp&quot;,&quot;alt&quot;:&quot;&quot;,&quot;title&quot;:&quot;RQ0A5501_Wirefeeder&quot;},&quot;labelTypo&quot;:{&quot;fontSize&quot;:15,&quot;styles&quot;:&quot;font-size: 15px; line-height: 135%;&quot;,&quot;googleFontLink&quot;:&quot;&quot;},&quot;labelColors&quot;:{&quot;color&quot;:&quot;rgba(255, 255, 255, 1)&quot;,&quot;bg&quot;:&quot;#00000080&quot;,&quot;bgType&quot;:&quot;solid&quot;,&quot;gradient&quot;:&quot;linear-gradient(135deg, #4527a4, #8344c5)&quot;,&quot;styles&quot;:&quot;color: rgba(255, 255, 255, 1); background: #00000080;&quot;},&quot;labelPadding&quot;:{&quot;vertical&quot;:&quot;10px&quot;,&quot;horizontal&quot;:&quot;15px&quot;,&quot;side&quot;:2,&quot;top&quot;:&quot;0px&quot;,&quot;right&quot;:&quot;0px&quot;,&quot;bottom&quot;:&quot;0px&quot;,&quot;left&quot;:&quot;0px&quot;,&quot;styles&quot;:&quot;10px 15px&quot;},&quot;cap&quot;:&quot;Wire Feeder&quot;,&quot;capTypo&quot;:{&quot;fontSize&quot;:14,&quot;styles&quot;:&quot;font-size: 14px; line-height: 135%;&quot;,&quot;googleFontLink&quot;:&quot;&quot;},&quot;capColors&quot;:{&quot;color&quot;:&quot;#333&quot;,&quot;bg&quot;:&quot;rgba(238, 238, 238, 0.93)&quot;,&quot;bgType&quot;:&quot;solid&quot;,&quot;gradient&quot;:&quot;linear-gradient(135deg, #4527a4, #8344c5)&quot;,&quot;styles&quot;:&quot;color: #333; background: rgba(238, 238, 238, 0.93);&quot;},&quot;capPadding&quot;:{&quot;vertical&quot;:&quot;10px&quot;,&quot;horizontal&quot;:&quot;15px&quot;,&quot;side&quot;:2,&quot;top&quot;:&quot;0px&quot;,&quot;right&quot;:&quot;0px&quot;,&quot;bottom&quot;:&quot;0px&quot;,&quot;left&quot;:&quot;0px&quot;,&quot;styles&quot;:&quot;10px 15px&quot;},&quot;align&quot;:&quot;&quot;,&quot;alignment&quot;:&quot;center&quot;,&quot;isSwap&quot;:false,&quot;isLabel&quot;:true,&quot;beforeLabel&quot;:&quot;&quot;,&quot;afterLabel&quot;:&quot;&quot;,&quot;isCap&quot;:true,&quot;capAlign&quot;:&quot;center&quot;,&quot;hasCustomCSS&quot;:false,&quot;customCSS&quot;:&quot;&quot;,&quot;otterConditions&quot;:[]}'><\/div>\r\n\t\r\n\t\t\t\n\n\n<figure data-wp-context=\"{&quot;imageId&quot;:&quot;69f269fb4a9c8&quot;}\" data-wp-interactive=\"core\/image\" data-wp-key=\"69f269fb4a9c8\" class=\"wp-block-image size-medium wp-lightbox-container\"><img loading=\"lazy\" decoding=\"async\" width=\"300\" height=\"236\" data-wp-class--hide=\"state.isContentHidden\" data-wp-class--show=\"state.isContentVisible\" data-wp-init=\"callbacks.setButtonStyles\" data-wp-on--click=\"actions.showLightbox\" data-wp-on--load=\"callbacks.setButtonStyles\" data-wp-on-window--resize=\"callbacks.setButtonStyles\" src=\"https:\/\/www.focus-welding.com\/wp-content\/uploads\/2023\/03\/LavaCustom_6drum_tailstock_1-300x236.jpg\" alt=\"\" class=\"wp-image-3790\" srcset=\"https:\/\/www.focus-welding.com\/wp-content\/uploads\/2023\/03\/LavaCustom_6drum_tailstock_1-300x236.jpg 300w, https:\/\/www.focus-welding.com\/wp-content\/uploads\/2023\/03\/LavaCustom_6drum_tailstock_1-1024x807.jpg 1024w, https:\/\/www.focus-welding.com\/wp-content\/uploads\/2023\/03\/LavaCustom_6drum_tailstock_1-768x605.jpg 768w, https:\/\/www.focus-welding.com\/wp-content\/uploads\/2023\/03\/LavaCustom_6drum_tailstock_1-1536x1210.jpg 1536w, https:\/\/www.focus-welding.com\/wp-content\/uploads\/2023\/03\/LavaCustom_6drum_tailstock_1-2048x1614.jpg 2048w, https:\/\/www.focus-welding.com\/wp-content\/uploads\/2023\/03\/LavaCustom_6drum_tailstock_1-500x394.jpg 500w\" sizes=\"auto, (max-width: 300px) 100vw, 300px\" \/><button\n\t\t\tclass=\"lightbox-trigger\"\n\t\t\ttype=\"button\"\n\t\t\taria-haspopup=\"dialog\"\n\t\t\taria-label=\"Vergr\u00f6\u00dfern\"\n\t\t\tdata-wp-init=\"callbacks.initTriggerButton\"\n\t\t\tdata-wp-on--click=\"actions.showLightbox\"\n\t\t\tdata-wp-style--right=\"state.imageButtonRight\"\n\t\t\tdata-wp-style--top=\"state.imageButtonTop\"\n\t\t>\n\t\t\t<svg xmlns=\"http:\/\/www.w3.org\/2000\/svg\" width=\"12\" height=\"12\" fill=\"none\" viewbox=\"0 0 12 12\">\n\t\t\t\t<path fill=\"#fff\" d=\"M2 0a2 2 0 0 0-2 2v2h1.5V2a.5.5 0 0 1 .5-.5h2V0H2Zm2 10.5H2a.5.5 0 0 1-.5-.5V8H0v2a2 2 0 0 0 2 2h2v-1.5ZM8 12v-1.5h2a.5.5 0 0 0 .5-.5V8H12v2a2 2 0 0 1-2 2H8Zm2-12a2 2 0 0 1 2 2v2h-1.5V2a.5.5 0 0 0-.5-.5H8V0h2Z\" \/>\n\t\t\t<\/svg>\n\t\t<\/button><figcaption class=\"wp-element-caption\"> Multi-Reitstock f\u00fcr 6-Positions-Drehvorrichtung<\/figcaption><\/figure>\n<\/div>\n\n\n\n<div class=\"wp-block-column is-layout-flow wp-block-column-is-layout-flow\" style=\"flex-basis:25%\"><\/div>\n<\/div>\n\n\n\n<div style=\"height:50px\" aria-hidden=\"true\" class=\"wp-block-spacer\"><\/div>\n<\/div><\/div>\n\n\n\n<div style=\"height:50px\" aria-hidden=\"true\" class=\"wp-block-spacer\"><\/div>\n\n\n\n<p class=\"has-medium-font-size\">Wir sind offen f\u00fcr die Diskussion zu Ihren Anwendungen und bereit, sie gemeinsam optimal zu l\u00f6sen.<\/p>\n\n\n\n<div style=\"height:50px\" aria-hidden=\"true\" class=\"wp-block-spacer\"><\/div>","protected":false},"excerpt":{"rendered":"<p>LaVa &#8211; Customized Machines In addition to our standard machine LaVa L95, we offer the customized solutions for special exclusive applications. Our machine could be equipped by the wide range of lasers, with power between 0,5 and 6 kW (or even higher, upon the request), single- or multi-mode. Also, we can integrate the exiting customer\u00b4s [&hellip;]<\/p>","protected":false},"author":7,"featured_media":3885,"parent":0,"menu_order":0,"comment_status":"closed","ping_status":"closed","template":"","meta":{"_themeisle_gutenberg_block_has_review":false,"footnotes":""},"class_list":["post-3664","page","type-page","status-publish","has-post-thumbnail","hentry"],"yoast_head":"<!-- This site is optimized with the Yoast SEO Premium plugin v15.2.1 - https:\/\/yoast.com\/wordpress\/plugins\/seo\/ -->\n<title>LaVa - Customized Machines | FOCUS Welding<\/title>\n<meta name=\"robots\" content=\"index, follow, max-snippet:-1, max-image-preview:large, max-video-preview:-1\" \/>\n<link rel=\"canonical\" href=\"https:\/\/www.focus-welding.com\/de\/lava-customized-machines\/\" \/>\n<meta property=\"og:locale\" content=\"de_DE\" \/>\n<meta property=\"og:type\" content=\"article\" \/>\n<meta property=\"og:title\" content=\"LaVa - Customized Machines | FOCUS Welding\" \/>\n<meta property=\"og:description\" content=\"LaVa &#8211; Customized Machines In addition to our standard machine LaVa L95, we offer the customized solutions for special exclusive applications. Our machine could be equipped by the wide range of lasers, with power between 0,5 and 6 kW (or even higher, upon the request), single- or multi-mode. Also, we can integrate the exiting customer\u00b4s [&hellip;]\" \/>\n<meta property=\"og:url\" content=\"https:\/\/www.focus-welding.com\/de\/lava-customized-machines\/\" \/>\n<meta property=\"og:site_name\" content=\"FOCUS Welding\" \/>\n<meta property=\"article:modified_time\" content=\"2023-11-27T09:24:10+00:00\" \/>\n<meta property=\"og:image\" content=\"https:\/\/www.focus-welding.com\/wp-content\/uploads\/2023\/03\/L135_xyzr_LaVa_wirefeeder_2023_rev2_alpha.jpg\" \/>\n\t<meta property=\"og:image:width\" content=\"2000\" \/>\n\t<meta property=\"og:image:height\" content=\"2000\" \/>\n<meta name=\"twitter:card\" content=\"summary_large_image\" \/>\n<meta name=\"twitter:label1\" content=\"Verfasst von\">\n\t<meta name=\"twitter:data1\" content=\"cmerkel\">\n\t<meta name=\"twitter:label2\" content=\"Gesch\u00e4tzte Lesezeit\">\n\t<meta name=\"twitter:data2\" content=\"1\u00a0Minute\">\n<script type=\"application\/ld+json\" class=\"yoast-schema-graph\">{\"@context\":\"https:\/\/schema.org\",\"@graph\":[{\"@type\":\"Organization\",\"@id\":\"https:\/\/www.focus-welding.com\/#organization\",\"name\":\"Focus GmbH\",\"url\":\"https:\/\/www.focus-welding.com\/\",\"sameAs\":[\"https:\/\/www.youtube.com\/user\/FOCUSGmbH\"],\"logo\":{\"@type\":\"ImageObject\",\"@id\":\"https:\/\/www.focus-welding.com\/#logo\",\"inLanguage\":\"de\",\"url\":\"https:\/\/www.focus-welding.com\/wp-content\/uploads\/2019\/03\/2014_FOCUS_NoGmbH_NoSlogan_web.png\",\"width\":414,\"height\":200,\"caption\":\"Focus GmbH\"},\"image\":{\"@id\":\"https:\/\/www.focus-welding.com\/#logo\"}},{\"@type\":\"WebSite\",\"@id\":\"https:\/\/www.focus-welding.com\/#website\",\"url\":\"https:\/\/www.focus-welding.com\/\",\"name\":\"FOCUS Welding\",\"description\":\"Electron Beam Welding and Laser-in-Vacuum Welding Machines\",\"publisher\":{\"@id\":\"https:\/\/www.focus-welding.com\/#organization\"},\"potentialAction\":[{\"@type\":\"SearchAction\",\"target\":\"https:\/\/www.focus-welding.com\/?s={search_term_string}\",\"query-input\":\"required name=search_term_string\"}],\"inLanguage\":\"de\"},{\"@type\":\"ImageObject\",\"@id\":\"https:\/\/www.focus-welding.com\/lava-customized-machines\/#primaryimage\",\"inLanguage\":\"de\",\"url\":\"https:\/\/www.focus-welding.com\/wp-content\/uploads\/2023\/03\/L135_xyzr_LaVa_wirefeeder_2023_rev2_alpha.jpg\",\"width\":2000,\"height\":2000},{\"@type\":\"WebPage\",\"@id\":\"https:\/\/www.focus-welding.com\/lava-customized-machines\/#webpage\",\"url\":\"https:\/\/www.focus-welding.com\/lava-customized-machines\/\",\"name\":\"LaVa - Customized Machines | FOCUS Welding\",\"isPartOf\":{\"@id\":\"https:\/\/www.focus-welding.com\/#website\"},\"primaryImageOfPage\":{\"@id\":\"https:\/\/www.focus-welding.com\/lava-customized-machines\/#primaryimage\"},\"datePublished\":\"2023-02-22T15:58:23+00:00\",\"dateModified\":\"2023-11-27T09:24:10+00:00\",\"inLanguage\":\"de\",\"potentialAction\":[{\"@type\":\"ReadAction\",\"target\":[\"https:\/\/www.focus-welding.com\/lava-customized-machines\/\"]}]}]}<\/script>\n<!-- \/ Yoast SEO Premium plugin. -->","_links":{"self":[{"href":"https:\/\/www.focus-welding.com\/de\/wp-json\/wp\/v2\/pages\/3664","targetHints":{"allow":["GET"]}}],"collection":[{"href":"https:\/\/www.focus-welding.com\/de\/wp-json\/wp\/v2\/pages"}],"about":[{"href":"https:\/\/www.focus-welding.com\/de\/wp-json\/wp\/v2\/types\/page"}],"author":[{"embeddable":true,"href":"https:\/\/www.focus-welding.com\/de\/wp-json\/wp\/v2\/users\/7"}],"replies":[{"embeddable":true,"href":"https:\/\/www.focus-welding.com\/de\/wp-json\/wp\/v2\/comments?post=3664"}],"version-history":[{"count":36,"href":"https:\/\/www.focus-welding.com\/de\/wp-json\/wp\/v2\/pages\/3664\/revisions"}],"predecessor-version":[{"id":5151,"href":"https:\/\/www.focus-welding.com\/de\/wp-json\/wp\/v2\/pages\/3664\/revisions\/5151"}],"wp:featuredmedia":[{"embeddable":true,"href":"https:\/\/www.focus-welding.com\/de\/wp-json\/wp\/v2\/media\/3885"}],"wp:attachment":[{"href":"https:\/\/www.focus-welding.com\/de\/wp-json\/wp\/v2\/media?parent=3664"}],"curies":[{"name":"wp","href":"https:\/\/api.w.org\/{rel}","templated":true}]}}