{"id":3732,"date":"2023-03-07T13:54:51","date_gmt":"2023-03-07T13:54:51","guid":{"rendered":"https:\/\/www.focus-welding.com\/?page_id=3732"},"modified":"2024-02-20T08:56:40","modified_gmt":"2024-02-20T08:56:40","slug":"aerospace-industry","status":"publish","type":"page","link":"https:\/\/www.focus-welding.com\/de\/aerospace-industry\/","title":{"rendered":"Luft- und Raumfahrtindustrie"},"content":{"rendered":"<p>Pr\u00e4zises Elektronenstrahlschwei\u00dfen wird in der Luft- und Raumfahrtindustrie h\u00e4ufig zum Schwei\u00dfen kritischer Komponenten eingesetzt, die eine au\u00dfergew\u00f6hnliche Pr\u00e4zision, Zuverl\u00e4ssigkeit und Festigkeit erfordern und strengen Leistungs- und Sicherheitsstandards entsprechen m\u00fcssen. Der hohe Grad an Pr\u00e4zision und Zuverl\u00e4ssigkeit, den das Elektronenstrahlschwei\u00dfen bietet, stellt sicher, dass die geschwei\u00dften Komponenten diese Standards erf\u00fcllen und in rauen Umgebungen zuverl\u00e4ssig funktionieren. Die FOCUS-Elektronenstrahlschwei\u00dfanlage mit ihrem auf h\u00f6chste Pr\u00e4zision ausgelegten Elektronenstrahlgenerator ist f\u00fcr das Schwei\u00dfen kleiner und komplexer Bauteile konzipiert. Sie verf\u00fcgt \u00fcber eine Hochvakuumumgebung und ein ausgekl\u00fcgeltes Elektronenstrahl-Fokussierungssystem, das eine pr\u00e4zise Steuerung des Schwei\u00dfprozesses erm\u00f6glicht.<\/p>\n\n\n\n<p>Die Luft- und Raumfahrtindustrie nutzt das pr\u00e4zise Elektronenstrahlschwei\u00dfen f\u00fcr die Herstellung von Luftfahrtkomponenten, Raumfahrzeugen (z. B. Raketen und Satelliten) sowie Verteidigungssystemen und -ger\u00e4ten.<\/p>\n\n\n\n<p>In diesem Segment werden h\u00e4ufig anspruchsvolle Werkstoffe wie Titan und Wolfram verwendet. Die Bauteile m\u00fcssen leicht und dennoch stabil sein und in extremen Temperaturbereichen zuverl\u00e4ssig funktionieren, wie z. B. in Strahlantriebssystemen f\u00fcr Flugzeuge oder im Au\u00dfengeh\u00e4use eines Satelliten. Die Materialeigenschaften dieser Bauteile sind sehr anspruchsvoll, und ihre Zuverl\u00e4ssigkeit und Belastbarkeit sind aufgrund der schwierigen Umgebungsbedingungen und der strengen Sicherheitsanforderungen von gr\u00f6\u00dfter Bedeutung.<\/p>\n\n\n\n<p>Pr\u00e4zises Elektronenstrahlschwei\u00dfen wird auch in der Luft- und Raumfahrtindustrie f\u00fcr die Herstellung von Sensoren verwendet, die in verschiedenen Flugzeugsystemen eingesetzt werden. Das pr\u00e4zise Elektronenstrahlschwei\u00dfen eignet sich besonders gut f\u00fcr die Herstellung kleiner und komplexer Sensorbauteile, die au\u00dfergew\u00f6hnliche Genauigkeit und Zuverl\u00e4ssigkeit erfordern. Standardteile, die von Luft- und Raumfahrtanwendern mittels Elektronenstrahlschwei\u00dfen verbunden werden, umfassen:<\/p>\n\n\n\n<div style=\"height:25px\" aria-hidden=\"true\" class=\"wp-block-spacer\"><\/div>\n\n\n\n<div class=\"wp-block-cover alignfull is-light\" style=\"min-height:1px;aspect-ratio:unset;\"><span aria-hidden=\"true\" class=\"wp-block-cover__background has-background-dim-100 has-background-dim\" style=\"background-color:#eeeeee\"><\/span><div class=\"wp-block-cover__inner-container is-layout-flow wp-block-cover-is-layout-flow\">\n<div style=\"height:25px\" aria-hidden=\"true\" class=\"wp-block-spacer\"><\/div>\n\n\n\n<div class=\"wp-block-columns alignfull is-layout-flex wp-container-core-columns-is-layout-9d6595d7 wp-block-columns-is-layout-flex\">\n<div class=\"wp-block-column is-layout-flow wp-block-column-is-layout-flow\" style=\"flex-basis:25%\"><\/div>\n\n\n\n<div class=\"wp-block-column is-layout-flow wp-block-column-is-layout-flow\" style=\"flex-basis:50%\">\n<ul class=\"wp-block-list\">\n<li>Proportionale Ventile<\/li>\n\n\n\n<li>Mikrowellenpfade<\/li>\n\n\n\n<li>Druckbeh\u00e4lter und Autoklaven<\/li>\n\n\n\n<li>Alle Arten von Sensoren: Druck-, Temperatur-, Positionssensoren usw.<\/li>\n\n\n\n<li>Beschleunigungsmesser<\/li>\n<\/ul>\n<\/div>\n\n\n\n<div class=\"wp-block-column is-layout-flow wp-block-column-is-layout-flow\" style=\"flex-basis:25%\"><\/div>\n<\/div>\n\n\n\n<div style=\"height:25px\" aria-hidden=\"true\" class=\"wp-block-spacer\"><\/div>\n<\/div><\/div>\n\n\n\n<div style=\"height:10px\" aria-hidden=\"true\" class=\"wp-block-spacer\"><\/div>\n\n\n\n<p>Das Elektronenstrahlschwei\u00dfen wird auch f\u00fcr die Verbindung kritischer Triebwerkskomponenten wie Turbinenschaufeln, Einspritzd\u00fcsen und Brennkammern eingesetzt. Diese Komponenten sind hohen Temperaturen, Belastungen und Druck ausgesetzt und erfordern pr\u00e4zises Schwei\u00dfen, um ihre Zuverl\u00e4ssigkeit und Leistung zu gew\u00e4hrleisten.<\/p>\n\n\n\n<div style=\"height:25px\" aria-hidden=\"true\" class=\"wp-block-spacer\"><\/div>","protected":false},"excerpt":{"rendered":"<p>Precise electron beam welding is widely used in the aerospace industry for the welding of critical components that require exceptional precision, reliability, and strength and must meet rigorous performance and safety standards. The high level of precision and reliability offered by electron beam welding ensures that the welded components meet these standards and perform reliably [&hellip;]<\/p>","protected":false},"author":7,"featured_media":3766,"parent":0,"menu_order":0,"comment_status":"closed","ping_status":"closed","template":"","meta":{"_themeisle_gutenberg_block_has_review":false,"footnotes":""},"class_list":["post-3732","page","type-page","status-publish","has-post-thumbnail","hentry"],"yoast_head":"<!-- This site is optimized with the Yoast SEO Premium plugin v15.2.1 - https:\/\/yoast.com\/wordpress\/plugins\/seo\/ -->\n<title>Aerospace Industry | FOCUS Welding<\/title>\n<meta name=\"robots\" content=\"index, follow, max-snippet:-1, max-image-preview:large, max-video-preview:-1\" \/>\n<link rel=\"canonical\" href=\"https:\/\/www.focus-welding.com\/de\/aerospace-industry\/\" \/>\n<meta property=\"og:locale\" content=\"de_DE\" \/>\n<meta property=\"og:type\" content=\"article\" \/>\n<meta property=\"og:title\" content=\"Aerospace Industry | FOCUS Welding\" \/>\n<meta property=\"og:description\" content=\"Precise electron beam welding is widely used in the aerospace industry for the welding of critical components that require exceptional precision, reliability, and strength and must meet rigorous performance and safety standards. The high level of precision and reliability offered by electron beam welding ensures that the welded components meet these standards and perform reliably [&hellip;]\" \/>\n<meta property=\"og:url\" content=\"https:\/\/www.focus-welding.com\/de\/aerospace-industry\/\" \/>\n<meta property=\"og:site_name\" content=\"FOCUS Welding\" \/>\n<meta property=\"article:modified_time\" content=\"2024-02-20T08:56:40+00:00\" \/>\n<meta property=\"og:image\" content=\"https:\/\/www.focus-welding.com\/wp-content\/uploads\/2023\/03\/Fotolia_64541024_XL_CMYK@05x.png\" \/>\n\t<meta property=\"og:image:width\" content=\"1944\" \/>\n\t<meta property=\"og:image:height\" content=\"1416\" \/>\n<meta name=\"twitter:card\" content=\"summary_large_image\" \/>\n<meta name=\"twitter:label1\" content=\"Verfasst von\">\n\t<meta name=\"twitter:data1\" content=\"cmerkel\">\n\t<meta name=\"twitter:label2\" content=\"Gesch\u00e4tzte Lesezeit\">\n\t<meta name=\"twitter:data2\" content=\"1\u00a0Minute\">\n<script type=\"application\/ld+json\" class=\"yoast-schema-graph\">{\"@context\":\"https:\/\/schema.org\",\"@graph\":[{\"@type\":\"Organization\",\"@id\":\"https:\/\/www.focus-welding.com\/#organization\",\"name\":\"Focus GmbH\",\"url\":\"https:\/\/www.focus-welding.com\/\",\"sameAs\":[\"https:\/\/www.youtube.com\/user\/FOCUSGmbH\"],\"logo\":{\"@type\":\"ImageObject\",\"@id\":\"https:\/\/www.focus-welding.com\/#logo\",\"inLanguage\":\"de\",\"url\":\"https:\/\/www.focus-welding.com\/wp-content\/uploads\/2019\/03\/2014_FOCUS_NoGmbH_NoSlogan_web.png\",\"width\":414,\"height\":200,\"caption\":\"Focus GmbH\"},\"image\":{\"@id\":\"https:\/\/www.focus-welding.com\/#logo\"}},{\"@type\":\"WebSite\",\"@id\":\"https:\/\/www.focus-welding.com\/#website\",\"url\":\"https:\/\/www.focus-welding.com\/\",\"name\":\"FOCUS Welding\",\"description\":\"Electron Beam Welding and Laser-in-Vacuum Welding Machines\",\"publisher\":{\"@id\":\"https:\/\/www.focus-welding.com\/#organization\"},\"potentialAction\":[{\"@type\":\"SearchAction\",\"target\":\"https:\/\/www.focus-welding.com\/?s={search_term_string}\",\"query-input\":\"required name=search_term_string\"}],\"inLanguage\":\"de\"},{\"@type\":\"ImageObject\",\"@id\":\"https:\/\/www.focus-welding.com\/aerospace-industry\/#primaryimage\",\"inLanguage\":\"de\",\"url\":\"https:\/\/www.focus-welding.com\/wp-content\/uploads\/2023\/03\/Fotolia_64541024_XL_CMYK@05x.png\",\"width\":1944,\"height\":1416},{\"@type\":\"WebPage\",\"@id\":\"https:\/\/www.focus-welding.com\/aerospace-industry\/#webpage\",\"url\":\"https:\/\/www.focus-welding.com\/aerospace-industry\/\",\"name\":\"Aerospace Industry | FOCUS Welding\",\"isPartOf\":{\"@id\":\"https:\/\/www.focus-welding.com\/#website\"},\"primaryImageOfPage\":{\"@id\":\"https:\/\/www.focus-welding.com\/aerospace-industry\/#primaryimage\"},\"datePublished\":\"2023-03-07T13:54:51+00:00\",\"dateModified\":\"2024-02-20T08:56:40+00:00\",\"inLanguage\":\"de\",\"potentialAction\":[{\"@type\":\"ReadAction\",\"target\":[\"https:\/\/www.focus-welding.com\/aerospace-industry\/\"]}]}]}<\/script>\n<!-- \/ Yoast SEO Premium plugin. -->","_links":{"self":[{"href":"https:\/\/www.focus-welding.com\/de\/wp-json\/wp\/v2\/pages\/3732","targetHints":{"allow":["GET"]}}],"collection":[{"href":"https:\/\/www.focus-welding.com\/de\/wp-json\/wp\/v2\/pages"}],"about":[{"href":"https:\/\/www.focus-welding.com\/de\/wp-json\/wp\/v2\/types\/page"}],"author":[{"embeddable":true,"href":"https:\/\/www.focus-welding.com\/de\/wp-json\/wp\/v2\/users\/7"}],"replies":[{"embeddable":true,"href":"https:\/\/www.focus-welding.com\/de\/wp-json\/wp\/v2\/comments?post=3732"}],"version-history":[{"count":16,"href":"https:\/\/www.focus-welding.com\/de\/wp-json\/wp\/v2\/pages\/3732\/revisions"}],"predecessor-version":[{"id":5319,"href":"https:\/\/www.focus-welding.com\/de\/wp-json\/wp\/v2\/pages\/3732\/revisions\/5319"}],"wp:featuredmedia":[{"embeddable":true,"href":"https:\/\/www.focus-welding.com\/de\/wp-json\/wp\/v2\/media\/3766"}],"wp:attachment":[{"href":"https:\/\/www.focus-welding.com\/de\/wp-json\/wp\/v2\/media?parent=3732"}],"curies":[{"name":"wp","href":"https:\/\/api.w.org\/{rel}","templated":true}]}}