{"id":3742,"date":"2023-03-07T13:54:44","date_gmt":"2023-03-07T13:54:44","guid":{"rendered":"https:\/\/www.focus-welding.com\/?page_id=3742"},"modified":"2023-04-12T07:05:34","modified_gmt":"2023-04-12T07:05:34","slug":"nuclear-industry","status":"publish","type":"page","link":"https:\/\/www.focus-welding.com\/de\/nuclear-industry\/","title":{"rendered":"Nuklearindustrie"},"content":{"rendered":"<p>Die Nuklearindustrie ben\u00f6tigt hochwertige und pr\u00e4zise Schwei\u00dfn\u00e4hte, um die Sicherheit und Zuverl\u00e4ssigkeit von Nuklearkomponenten zu gew\u00e4hrleisten. Das Elektronenstrahlschwei\u00dfen ist eine bevorzugte und bew\u00e4hrte Technologie f\u00fcr Anwendungen in der Nuklearindustrie, da es qualitativ hochwertige und pr\u00e4zise Schwei\u00dfn\u00e4hte erzeugt. FOCUS-Elektronenstrahlschwei\u00dfmaschinen mit pr\u00e4zisem Elektronenstrahlgenerator eignen sich f\u00fcr das Schwei\u00dfen von Leicht- und hochschmelzenden Mmetallen wie Aluminium, Titan, Zirkonium und anderen. Die Elektronenstrahltechnologie liefert beste Qualit\u00e4tsergebnisse f\u00fcr verschiedene St\u00e4hle und Kupfer.<\/p>\n\n\n\n<p>Die pr\u00e4zisen Elektronenstrahlanlagen der FOCUS GmbH werden z.B. zum Verschwei\u00dfen von Brennst\u00e4ben mit Endkappen zu Kernbrennstabb\u00fcndeln eingesetzt. Diese Brennelemente sind kritische Komponenten von Kernreaktoren und m\u00fcssen nach hohen Qualit\u00e4tsstandards gefertigt werden. Das Elektronenstrahlschwei\u00dfverfahren gew\u00e4hrleistet eine pr\u00e4zise und reproduzierlbare Schwei\u00dfung, so dass qualitativ hochwertige Brennelemente entstehen, die den strengen Anforderungen der nuklearen Sicherheit entsprechen.<\/p>\n\n\n\n<p>Pr\u00e4zise Elektronenstrahlschwei\u00dfanlagen werden auch f\u00fcr die Herstellung verschiedener Reaktorkomponenten wie Druckbeh\u00e4lter, Dampferzeuger und W\u00e4rmetauscher eingesetzt. Diese Komponenten sind rauen Umgebungen, hohen Temperaturen und hohen Dr\u00fccken ausgesetzt, was zuverl\u00e4ssige und pr\u00e4zise Schwei\u00dfn\u00e4hte erfordert. Das Elektronenstrahlschwei\u00dfverfahren erzeugt Schwei\u00dfn\u00e4hte mit geringem Verzug und minimalen W\u00e4rmeeinflusszonen, was zu Bauteilen mit hoher struktureller Integrit\u00e4t und verbesserter Leistungsf\u00e4higkeit f\u00fchrt.<\/p>\n\n\n\n<p>Die FOCUS-Elektronenstrahlschwei\u00dfmaschinen k\u00f6nnen sowohl in der Glovebox als auch in der Produktionslinie installiert werden.<\/p>\n\n\n\n<div style=\"height:25px\" aria-hidden=\"true\" class=\"wp-block-spacer\"><\/div>\n\n\n\n<div class=\"wp-block-cover alignfull is-light\" style=\"min-height:50px;aspect-ratio:unset;\"><span aria-hidden=\"true\" class=\"wp-block-cover__background has-background-dim-100 has-background-dim\" style=\"background-color:#eeeeee\"><\/span><div class=\"wp-block-cover__inner-container is-layout-flow wp-block-cover-is-layout-flow\">\n<div class=\"wp-block-columns alignfull is-layout-flex wp-container-core-columns-is-layout-9d6595d7 wp-block-columns-is-layout-flex\">\n<div class=\"wp-block-column is-layout-flow wp-block-column-is-layout-flow\" style=\"flex-basis:25%\"><\/div>\n\n\n\n<div class=\"wp-block-column is-layout-flow wp-block-column-is-layout-flow\" style=\"flex-basis:50%\">\n<div style=\"height:25px\" aria-hidden=\"true\" class=\"wp-block-spacer\"><\/div>\n\n\n\n<p class=\"has-medium-font-size\">Einige der Teile, die in der Nuklearindustrie typischerweise mit Elektronenstrahlschwei\u00dfmaschinen geschwei\u00dft werden, sind:<\/p>\n\n\n\n<ul class=\"wp-block-list\">\n<li>Brennst\u00e4be<\/li>\n\n\n\n<li>Steuerst\u00e4be<\/li>\n\n\n\n<li>Druckbeh\u00e4lter<\/li>\n\n\n\n<li>Rohrleitungen<\/li>\n\n\n\n<li>Dampferzeuger<\/li>\n<\/ul>\n\n\n\n<div style=\"height:50px\" aria-hidden=\"true\" class=\"wp-block-spacer\"><\/div>\n<\/div>\n\n\n\n<div class=\"wp-block-column is-layout-flow wp-block-column-is-layout-flow\" style=\"flex-basis:25%\"><\/div>\n<\/div>\n<\/div><\/div>","protected":false},"excerpt":{"rendered":"<p>The nuclear industry requires high-quality and precise welding to ensure the safety and reliability of nuclear components. Electron beam welding is a preferred and verified technology for nuclear industry applications due to its ability to produce high-quality and precise welds. FOCUS electron beam welding machines with precise electron beam generator fits to the task of [&hellip;]<\/p>","protected":false},"author":7,"featured_media":3798,"parent":0,"menu_order":0,"comment_status":"closed","ping_status":"closed","template":"","meta":{"_themeisle_gutenberg_block_has_review":false,"footnotes":""},"class_list":["post-3742","page","type-page","status-publish","has-post-thumbnail","hentry"],"yoast_head":"<!-- This site is optimized with the Yoast SEO Premium plugin v15.2.1 - https:\/\/yoast.com\/wordpress\/plugins\/seo\/ -->\n<title>Nuclear Industry | FOCUS Welding<\/title>\n<meta name=\"robots\" content=\"index, follow, max-snippet:-1, max-image-preview:large, max-video-preview:-1\" \/>\n<link rel=\"canonical\" href=\"https:\/\/www.focus-welding.com\/de\/nuclear-industry\/\" \/>\n<meta property=\"og:locale\" content=\"de_DE\" \/>\n<meta property=\"og:type\" content=\"article\" \/>\n<meta property=\"og:title\" content=\"Nuclear Industry | FOCUS Welding\" \/>\n<meta property=\"og:description\" content=\"The nuclear industry requires high-quality and precise welding to ensure the safety and reliability of nuclear components. Electron beam welding is a preferred and verified technology for nuclear industry applications due to its ability to produce high-quality and precise welds. FOCUS electron beam welding machines with precise electron beam generator fits to the task of [&hellip;]\" \/>\n<meta property=\"og:url\" content=\"https:\/\/www.focus-welding.com\/de\/nuclear-industry\/\" \/>\n<meta property=\"og:site_name\" content=\"FOCUS Welding\" \/>\n<meta property=\"article:modified_time\" content=\"2023-04-12T07:05:34+00:00\" \/>\n<meta property=\"og:image\" content=\"https:\/\/www.focus-welding.com\/wp-content\/uploads\/2023\/03\/Nuclear_Industry-scaled.jpg\" \/>\n\t<meta property=\"og:image:width\" content=\"2560\" \/>\n\t<meta property=\"og:image:height\" content=\"1707\" \/>\n<meta name=\"twitter:card\" content=\"summary_large_image\" \/>\n<meta name=\"twitter:label1\" content=\"Verfasst von\">\n\t<meta name=\"twitter:data1\" content=\"cmerkel\">\n\t<meta name=\"twitter:label2\" content=\"Gesch\u00e4tzte Lesezeit\">\n\t<meta name=\"twitter:data2\" content=\"1\u00a0Minute\">\n<script type=\"application\/ld+json\" class=\"yoast-schema-graph\">{\"@context\":\"https:\/\/schema.org\",\"@graph\":[{\"@type\":\"Organization\",\"@id\":\"https:\/\/www.focus-welding.com\/#organization\",\"name\":\"Focus GmbH\",\"url\":\"https:\/\/www.focus-welding.com\/\",\"sameAs\":[\"https:\/\/www.youtube.com\/user\/FOCUSGmbH\"],\"logo\":{\"@type\":\"ImageObject\",\"@id\":\"https:\/\/www.focus-welding.com\/#logo\",\"inLanguage\":\"de\",\"url\":\"https:\/\/www.focus-welding.com\/wp-content\/uploads\/2019\/03\/2014_FOCUS_NoGmbH_NoSlogan_web.png\",\"width\":414,\"height\":200,\"caption\":\"Focus GmbH\"},\"image\":{\"@id\":\"https:\/\/www.focus-welding.com\/#logo\"}},{\"@type\":\"WebSite\",\"@id\":\"https:\/\/www.focus-welding.com\/#website\",\"url\":\"https:\/\/www.focus-welding.com\/\",\"name\":\"FOCUS Welding\",\"description\":\"Electron Beam Welding and Laser-in-Vacuum Welding Machines\",\"publisher\":{\"@id\":\"https:\/\/www.focus-welding.com\/#organization\"},\"potentialAction\":[{\"@type\":\"SearchAction\",\"target\":\"https:\/\/www.focus-welding.com\/?s={search_term_string}\",\"query-input\":\"required name=search_term_string\"}],\"inLanguage\":\"de\"},{\"@type\":\"ImageObject\",\"@id\":\"https:\/\/www.focus-welding.com\/nuclear-industry\/#primaryimage\",\"inLanguage\":\"de\",\"url\":\"https:\/\/www.focus-welding.com\/wp-content\/uploads\/2023\/03\/Nuclear_Industry-scaled.jpg\",\"width\":2560,\"height\":1707},{\"@type\":\"WebPage\",\"@id\":\"https:\/\/www.focus-welding.com\/nuclear-industry\/#webpage\",\"url\":\"https:\/\/www.focus-welding.com\/nuclear-industry\/\",\"name\":\"Nuclear Industry | FOCUS Welding\",\"isPartOf\":{\"@id\":\"https:\/\/www.focus-welding.com\/#website\"},\"primaryImageOfPage\":{\"@id\":\"https:\/\/www.focus-welding.com\/nuclear-industry\/#primaryimage\"},\"datePublished\":\"2023-03-07T13:54:44+00:00\",\"dateModified\":\"2023-04-12T07:05:34+00:00\",\"inLanguage\":\"de\",\"potentialAction\":[{\"@type\":\"ReadAction\",\"target\":[\"https:\/\/www.focus-welding.com\/nuclear-industry\/\"]}]}]}<\/script>\n<!-- \/ Yoast SEO Premium plugin. -->","_links":{"self":[{"href":"https:\/\/www.focus-welding.com\/de\/wp-json\/wp\/v2\/pages\/3742","targetHints":{"allow":["GET"]}}],"collection":[{"href":"https:\/\/www.focus-welding.com\/de\/wp-json\/wp\/v2\/pages"}],"about":[{"href":"https:\/\/www.focus-welding.com\/de\/wp-json\/wp\/v2\/types\/page"}],"author":[{"embeddable":true,"href":"https:\/\/www.focus-welding.com\/de\/wp-json\/wp\/v2\/users\/7"}],"replies":[{"embeddable":true,"href":"https:\/\/www.focus-welding.com\/de\/wp-json\/wp\/v2\/comments?post=3742"}],"version-history":[{"count":9,"href":"https:\/\/www.focus-welding.com\/de\/wp-json\/wp\/v2\/pages\/3742\/revisions"}],"predecessor-version":[{"id":4772,"href":"https:\/\/www.focus-welding.com\/de\/wp-json\/wp\/v2\/pages\/3742\/revisions\/4772"}],"wp:featuredmedia":[{"embeddable":true,"href":"https:\/\/www.focus-welding.com\/de\/wp-json\/wp\/v2\/media\/3798"}],"wp:attachment":[{"href":"https:\/\/www.focus-welding.com\/de\/wp-json\/wp\/v2\/media?parent=3742"}],"curies":[{"name":"wp","href":"https:\/\/api.w.org\/{rel}","templated":true}]}}