{"id":3747,"date":"2023-03-07T13:54:38","date_gmt":"2023-03-07T13:54:38","guid":{"rendered":"https:\/\/www.focus-welding.com\/?page_id=3747"},"modified":"2023-11-28T12:14:56","modified_gmt":"2023-11-28T12:14:56","slug":"sensor-housing-and-vacuum-encapsulation","status":"publish","type":"page","link":"https:\/\/www.focus-welding.com\/de\/sensor-housing-and-vacuum-encapsulation\/","title":{"rendered":"Sensorgeh\u00e4use"},"content":{"rendered":"<div class=\"wp-block-columns is-layout-flex wp-container-core-columns-is-layout-9d6595d7 wp-block-columns-is-layout-flex\">\n<div class=\"wp-block-column is-layout-flow wp-block-column-is-layout-flow\" style=\"flex-basis:50%\">\n<p>Die FOCUS GmbH bietet eine Reihe von Elektronenstrahlschwei\u00dfmaschinen f\u00fcr verschiedene Anwendungen an, darunter Sensorgeh\u00e4use und Vakuumkapselungen. Unsere pr\u00e4zisen Elektronenstrahlschwei\u00dfmaschinen sind so konzipiert, dass sie eine hohe Genauigkeit und Wiederholbarkeit bieten, wodurch sie f\u00fcr die Herstellung kleiner und komplexer Teile mit engen Toleranzen geeignet sind.<\/p>\n<\/div>\n\n\n\n<div class=\"wp-block-column is-layout-flow wp-block-column-is-layout-flow\" style=\"flex-basis:50%\">\n<figure data-wp-context=\"{&quot;imageId&quot;:&quot;69f3567a1d034&quot;}\" data-wp-interactive=\"core\/image\" data-wp-key=\"69f3567a1d034\" class=\"wp-block-image size-large wp-lightbox-container\"><img loading=\"lazy\" decoding=\"async\" width=\"1024\" height=\"576\" data-wp-class--hide=\"state.isContentHidden\" data-wp-class--show=\"state.isContentVisible\" data-wp-init=\"callbacks.setButtonStyles\" data-wp-on--click=\"actions.showLightbox\" data-wp-on--load=\"callbacks.setButtonStyles\" data-wp-on-window--resize=\"callbacks.setButtonStyles\" src=\"https:\/\/www.focus-welding.com\/wp-content\/uploads\/2021\/03\/Titanium_stainless_steel_linkedin_Jan_2021-1024x576.webp\" alt=\"\" class=\"wp-image-2315\" srcset=\"https:\/\/www.focus-welding.com\/wp-content\/uploads\/2021\/03\/Titanium_stainless_steel_linkedin_Jan_2021-1024x576.webp 1024w, https:\/\/www.focus-welding.com\/wp-content\/uploads\/2021\/03\/Titanium_stainless_steel_linkedin_Jan_2021-300x169.webp 300w, https:\/\/www.focus-welding.com\/wp-content\/uploads\/2021\/03\/Titanium_stainless_steel_linkedin_Jan_2021-768x432.webp 768w, https:\/\/www.focus-welding.com\/wp-content\/uploads\/2021\/03\/Titanium_stainless_steel_linkedin_Jan_2021-1536x864.webp 1536w, https:\/\/www.focus-welding.com\/wp-content\/uploads\/2021\/03\/Titanium_stainless_steel_linkedin_Jan_2021-2048x1152.webp 2048w, https:\/\/www.focus-welding.com\/wp-content\/uploads\/2021\/03\/Titanium_stainless_steel_linkedin_Jan_2021-500x281.webp 500w\" sizes=\"auto, (max-width: 1024px) 100vw, 1024px\" \/><button\n\t\t\tclass=\"lightbox-trigger\"\n\t\t\ttype=\"button\"\n\t\t\taria-haspopup=\"dialog\"\n\t\t\taria-label=\"Vergr\u00f6\u00dfern\"\n\t\t\tdata-wp-init=\"callbacks.initTriggerButton\"\n\t\t\tdata-wp-on--click=\"actions.showLightbox\"\n\t\t\tdata-wp-style--right=\"state.imageButtonRight\"\n\t\t\tdata-wp-style--top=\"state.imageButtonTop\"\n\t\t>\n\t\t\t<svg xmlns=\"http:\/\/www.w3.org\/2000\/svg\" width=\"12\" height=\"12\" fill=\"none\" viewbox=\"0 0 12 12\">\n\t\t\t\t<path fill=\"#fff\" d=\"M2 0a2 2 0 0 0-2 2v2h1.5V2a.5.5 0 0 1 .5-.5h2V0H2Zm2 10.5H2a.5.5 0 0 1-.5-.5V8H0v2a2 2 0 0 0 2 2h2v-1.5ZM8 12v-1.5h2a.5.5 0 0 0 .5-.5V8H12v2a2 2 0 0 1-2 2H8Zm2-12a2 2 0 0 1 2 2v2h-1.5V2a.5.5 0 0 0-.5-.5H8V0h2Z\" \/>\n\t\t\t<\/svg>\n\t\t<\/button><\/figure>\n<\/div>\n<\/div>\n\n\n\n<p>Die Verwendung einer FOCUS-Elektronenstrahlschwei\u00dfmaschine f\u00fcr Sensorgeh\u00e4use und Vakuumverkapselung mit der einzigartigen pr\u00e4zisen Elektronenstrahlpistole bietet folgende Vorteile:<\/p>\n\n\n\n<div style=\"height:25px\" aria-hidden=\"true\" class=\"wp-block-spacer\"><\/div>\n\n\n\n<div class=\"wp-block-cover alignfull is-light\" style=\"min-height:50px;aspect-ratio:unset;\"><span aria-hidden=\"true\" class=\"wp-block-cover__background has-background-dim-100 has-background-dim\" style=\"background-color:#eeeeee\"><\/span><div class=\"wp-block-cover__inner-container is-layout-flow wp-block-cover-is-layout-flow\">\n<div style=\"height:25px\" aria-hidden=\"true\" class=\"wp-block-spacer\"><\/div>\n\n\n\n<div class=\"wp-block-columns alignfull is-layout-flex wp-container-core-columns-is-layout-9d6595d7 wp-block-columns-is-layout-flex\">\n<div class=\"wp-block-column is-layout-flow wp-block-column-is-layout-flow\" style=\"flex-basis:25%\"><\/div>\n\n\n\n<div class=\"wp-block-column is-layout-flow wp-block-column-is-layout-flow\" style=\"flex-basis:50%\">\n<ul class=\"wp-block-list\">\n<li>Hohe Pr\u00e4zision: Die Elektronenstrahlschwei\u00dfmaschinen von FOCUS sind dank ihrer dedizierten Strahlsteuerungssysteme in der Lage, eine hohe Schwei\u00dfpr\u00e4zision zu erreichen. Der Strahl kann pr\u00e4zise fokussiert und auf den Schwei\u00dfbereich gerichtet werden, wodurch ein gleichm\u00e4\u00dfiger und wiederholbarer Schwei\u00dfprozess gew\u00e4hrleistet wird. Dies ist wichtig f\u00fcr die Herstellung von Sensoren, bei denen kleine Abweichungen beim Schwei\u00dfen einen erheblichen Einfluss auf die Leistungsf\u00e4higkeit des Endprodukts haben k\u00f6nnen.<br><\/li>\n\n\n\n<li class=\" translation-block\">\u2022\tVakuumschwei\u00dfen erm\u00f6glicht vakuumdichte N\u00e4hte und erfordert kein weiteres Abpumpen des Sensors. Elektronenstrahlschwei\u00dfanlagen sind auch in der Lage, eine hermetische Dichtung zu erzeugen, die vakuumdichte Verbindungen f\u00fcr Sensorgeh\u00e4use und Vakuumkapselungsanwendungen gew\u00e4hrleistet. Dies wird dadurch erreicht, dass in der Schwei\u00dfkammer w\u00e4hrend des Schwei\u00dfvorgangs ein Unterdruck herrscht, der das Eindringen von Gas oder Feuchtigkeit in das Geh\u00e4use verhindert. Der Betriebsdruck beginnt bei 3*10-4 mbar (f\u00fcr W-Kathode) und 5*10-6 mbar (f\u00fcr LaB6-Kathode).<\/li>\n\n\n\n<li>Automatisiertes Schwei\u00dfen: Die FOCUS-Elektronenstrahlschwei\u00dfanlalgen sind mit einer CNC-Steuerung ausgestattet. Die Maschinen k\u00f6nnen so programmiert werden, dass mehrere Teile gleichzeitig geschwei\u00dft werden, wobei eine pr\u00e4zis reproduzierbare Steuerung der Schwei\u00dfparameter eine gleichbleibende Qualit\u00e4t und hohe Produktivit\u00e4t gew\u00e4hrleistet.<br><\/li>\n\n\n\n<li>Materialkompatibilit\u00e4t: Die Elektronenstrahlschwei\u00dftechnik erm\u00f6glicht das Schwei\u00dfen einer breiten Palette \u00e4hnlicher und verschiedener Werkstoffe wie Kupfer, Aluminium, Titan, Edelstahl, Tantal, Zirkonium, Niob und anderer. Dadurch eignet es sich f\u00fcr die Herstellung von Sensoren, die bestimmte Materialeigenschaften wie Korrosionsbest\u00e4ndigkeit oder W\u00e4rmeleitf\u00e4higkeit erfordern.<\/li>\n<\/ul>\n<\/div>\n\n\n\n<div class=\"wp-block-column is-layout-flow wp-block-column-is-layout-flow\" style=\"flex-basis:25%\"><\/div>\n<\/div>\n\n\n\n<div style=\"height:25px\" aria-hidden=\"true\" class=\"wp-block-spacer\"><\/div>\n<\/div><\/div>\n\n\n\n<div style=\"height:25px\" aria-hidden=\"true\" class=\"wp-block-spacer\"><\/div>\n\n\n\n<p>Die Elektronenstrahlschanlagen der FOCUS GmbH bieten fortschrittliche Funktionen und M\u00f6glichkeiten f\u00fcr die Herstellung pr\u00e4ziser Sensorgeh\u00e4use und Vakuumkapselungen. Ihre hohe Pr\u00e4zision, hermetische Abdichtung, automatisiertes Schwei\u00dfen und Materialkompatibilit\u00e4t machen sie zur idealen Wahl f\u00fcr die Herstellung dieser kritischen Komponenten.<\/p>\n\n\n\n<div style=\"height:50px\" aria-hidden=\"true\" class=\"wp-block-spacer\"><\/div>","protected":false},"excerpt":{"rendered":"<p>FOCUS GmbH offers a range of electron beam welding machines for various applications, including sensor housing and vacuum encapsulation. Our precise electron beam welding machines are designed to provide high accuracy and repeatability, making them suitable for manufacturing small and complex parts with tight tolerances. Using a FOCUS electron beam welding machines for sensor housing [&hellip;]<\/p>","protected":false},"author":7,"featured_media":2315,"parent":0,"menu_order":0,"comment_status":"closed","ping_status":"closed","template":"","meta":{"_themeisle_gutenberg_block_has_review":false,"footnotes":""},"class_list":["post-3747","page","type-page","status-publish","has-post-thumbnail","hentry"],"yoast_head":"<!-- This site is optimized with the Yoast SEO Premium plugin v15.2.1 - https:\/\/yoast.com\/wordpress\/plugins\/seo\/ -->\n<title>Sensor Housing | FOCUS Welding<\/title>\n<meta name=\"robots\" content=\"index, follow, max-snippet:-1, max-image-preview:large, max-video-preview:-1\" \/>\n<link rel=\"canonical\" href=\"https:\/\/www.focus-welding.com\/de\/sensor-housing-and-vacuum-encapsulation\/\" \/>\n<meta property=\"og:locale\" content=\"de_DE\" \/>\n<meta property=\"og:type\" content=\"article\" \/>\n<meta property=\"og:title\" content=\"Sensor Housing | FOCUS Welding\" \/>\n<meta property=\"og:description\" content=\"FOCUS GmbH offers a range of electron beam welding machines for various applications, including sensor housing and vacuum encapsulation. Our precise electron beam welding machines are designed to provide high accuracy and repeatability, making them suitable for manufacturing small and complex parts with tight tolerances. Using a FOCUS electron beam welding machines for sensor housing [&hellip;]\" \/>\n<meta property=\"og:url\" content=\"https:\/\/www.focus-welding.com\/de\/sensor-housing-and-vacuum-encapsulation\/\" \/>\n<meta property=\"og:site_name\" content=\"FOCUS Welding\" \/>\n<meta property=\"article:modified_time\" content=\"2023-11-28T12:14:56+00:00\" \/>\n<meta name=\"twitter:card\" content=\"summary_large_image\" \/>\n<meta name=\"twitter:image\" content=\"https:\/\/www.focus-welding.com\/wp-content\/uploads\/2021\/03\/Titanium_stainless_steel_linkedin_Jan_2021.webp\" \/>\n<meta name=\"twitter:label1\" content=\"Verfasst von\">\n\t<meta name=\"twitter:data1\" content=\"cmerkel\">\n\t<meta name=\"twitter:label2\" content=\"Gesch\u00e4tzte Lesezeit\">\n\t<meta name=\"twitter:data2\" content=\"1\u00a0Minute\">\n<script type=\"application\/ld+json\" class=\"yoast-schema-graph\">{\"@context\":\"https:\/\/schema.org\",\"@graph\":[{\"@type\":\"Organization\",\"@id\":\"https:\/\/www.focus-welding.com\/#organization\",\"name\":\"Focus GmbH\",\"url\":\"https:\/\/www.focus-welding.com\/\",\"sameAs\":[\"https:\/\/www.youtube.com\/user\/FOCUSGmbH\"],\"logo\":{\"@type\":\"ImageObject\",\"@id\":\"https:\/\/www.focus-welding.com\/#logo\",\"inLanguage\":\"de\",\"url\":\"https:\/\/www.focus-welding.com\/wp-content\/uploads\/2019\/03\/2014_FOCUS_NoGmbH_NoSlogan_web.png\",\"width\":414,\"height\":200,\"caption\":\"Focus GmbH\"},\"image\":{\"@id\":\"https:\/\/www.focus-welding.com\/#logo\"}},{\"@type\":\"WebSite\",\"@id\":\"https:\/\/www.focus-welding.com\/#website\",\"url\":\"https:\/\/www.focus-welding.com\/\",\"name\":\"FOCUS Welding\",\"description\":\"Electron Beam Welding and Laser-in-Vacuum Welding Machines\",\"publisher\":{\"@id\":\"https:\/\/www.focus-welding.com\/#organization\"},\"potentialAction\":[{\"@type\":\"SearchAction\",\"target\":\"https:\/\/www.focus-welding.com\/?s={search_term_string}\",\"query-input\":\"required name=search_term_string\"}],\"inLanguage\":\"de\"},{\"@type\":\"ImageObject\",\"@id\":\"https:\/\/www.focus-welding.com\/sensor-housing-and-vacuum-encapsulation\/#primaryimage\",\"inLanguage\":\"de\",\"url\":\"https:\/\/www.focus-welding.com\/wp-content\/uploads\/2021\/03\/Titanium_stainless_steel_linkedin_Jan_2021.webp\",\"width\":2560,\"height\":1440},{\"@type\":\"WebPage\",\"@id\":\"https:\/\/www.focus-welding.com\/sensor-housing-and-vacuum-encapsulation\/#webpage\",\"url\":\"https:\/\/www.focus-welding.com\/sensor-housing-and-vacuum-encapsulation\/\",\"name\":\"Sensor Housing | FOCUS Welding\",\"isPartOf\":{\"@id\":\"https:\/\/www.focus-welding.com\/#website\"},\"primaryImageOfPage\":{\"@id\":\"https:\/\/www.focus-welding.com\/sensor-housing-and-vacuum-encapsulation\/#primaryimage\"},\"datePublished\":\"2023-03-07T13:54:38+00:00\",\"dateModified\":\"2023-11-28T12:14:56+00:00\",\"inLanguage\":\"de\",\"potentialAction\":[{\"@type\":\"ReadAction\",\"target\":[\"https:\/\/www.focus-welding.com\/sensor-housing-and-vacuum-encapsulation\/\"]}]}]}<\/script>\n<!-- \/ Yoast SEO Premium plugin. -->","_links":{"self":[{"href":"https:\/\/www.focus-welding.com\/de\/wp-json\/wp\/v2\/pages\/3747","targetHints":{"allow":["GET"]}}],"collection":[{"href":"https:\/\/www.focus-welding.com\/de\/wp-json\/wp\/v2\/pages"}],"about":[{"href":"https:\/\/www.focus-welding.com\/de\/wp-json\/wp\/v2\/types\/page"}],"author":[{"embeddable":true,"href":"https:\/\/www.focus-welding.com\/de\/wp-json\/wp\/v2\/users\/7"}],"replies":[{"embeddable":true,"href":"https:\/\/www.focus-welding.com\/de\/wp-json\/wp\/v2\/comments?post=3747"}],"version-history":[{"count":15,"href":"https:\/\/www.focus-welding.com\/de\/wp-json\/wp\/v2\/pages\/3747\/revisions"}],"predecessor-version":[{"id":5158,"href":"https:\/\/www.focus-welding.com\/de\/wp-json\/wp\/v2\/pages\/3747\/revisions\/5158"}],"wp:featuredmedia":[{"embeddable":true,"href":"https:\/\/www.focus-welding.com\/de\/wp-json\/wp\/v2\/media\/2315"}],"wp:attachment":[{"href":"https:\/\/www.focus-welding.com\/de\/wp-json\/wp\/v2\/media?parent=3747"}],"curies":[{"name":"wp","href":"https:\/\/api.w.org\/{rel}","templated":true}]}}