{"id":3754,"date":"2023-03-07T13:45:34","date_gmt":"2023-03-07T13:45:34","guid":{"rendered":"https:\/\/www.focus-welding.com\/?page_id=3754"},"modified":"2023-05-08T08:03:52","modified_gmt":"2023-05-08T08:03:52","slug":"applications","status":"publish","type":"page","link":"https:\/\/www.focus-welding.com\/de\/applications\/","title":{"rendered":"Anwendungen"},"content":{"rendered":"<div style=\"height:25px\" aria-hidden=\"true\" class=\"wp-block-spacer\"><\/div>\n\n\n\n<div class=\"wp-block-columns has-3-columns is-layout-flex wp-container-core-columns-is-layout-86bc477a wp-block-columns-is-layout-flex\">\n<div class=\"wp-block-column has-small-font-size is-layout-flow wp-block-column-is-layout-flow\">\n<figure class=\"wp-block-image size-medium is-resized hvr-glow\" id=\"wp-block-themeisle-blocks-image-4715ffd1\"><a href=\"https:\/\/www.focus-welding.com\/de\/precision-engineering\/\"><img loading=\"lazy\" decoding=\"async\" src=\"https:\/\/www.focus-welding.com\/wp-content\/uploads\/2023\/03\/micro20welding20watch2021-edited-1-300x225.jpg\" alt=\"\" class=\"wp-image-4091\" width=\"225\" height=\"169\" srcset=\"https:\/\/www.focus-welding.com\/wp-content\/uploads\/2023\/03\/micro20welding20watch2021-edited-1-300x225.jpg 300w, https:\/\/www.focus-welding.com\/wp-content\/uploads\/2023\/03\/micro20welding20watch2021-edited-1-500x375.jpg 500w, https:\/\/www.focus-welding.com\/wp-content\/uploads\/2023\/03\/micro20welding20watch2021-edited-1.jpg 600w\" sizes=\"auto, (max-width: 225px) 100vw, 225px\" \/><\/a><figcaption class=\"wp-element-caption\"> <strong><a href=\"https:\/\/www.focus-welding.com\/de\/precision-engineering\/\">Feinmechanik<\/a><\/strong><\/figcaption><\/figure>\n<\/div>\n\n\n\n<div class=\"wp-block-column has-small-font-size is-layout-flow wp-block-column-is-layout-flow\">\n<figure class=\"wp-block-image size-medium is-resized hvr-glow\"><a href=\"https:\/\/www.focus-welding.com\/de\/sensor-housing-and-vacuum-encapsulation\/\"><img loading=\"lazy\" decoding=\"async\" src=\"https:\/\/www.focus-welding.com\/wp-content\/uploads\/2023\/03\/Titanium_stainless_steel_linkedin_Jan_2021-01-edited-1-300x225.jpg\" alt=\"\" class=\"wp-image-4093\" width=\"225\" height=\"169\" srcset=\"https:\/\/www.focus-welding.com\/wp-content\/uploads\/2023\/03\/Titanium_stainless_steel_linkedin_Jan_2021-01-edited-1-300x225.jpg 300w, https:\/\/www.focus-welding.com\/wp-content\/uploads\/2023\/03\/Titanium_stainless_steel_linkedin_Jan_2021-01-edited-1-1024x768.jpg 1024w, https:\/\/www.focus-welding.com\/wp-content\/uploads\/2023\/03\/Titanium_stainless_steel_linkedin_Jan_2021-01-edited-1-768x576.jpg 768w, https:\/\/www.focus-welding.com\/wp-content\/uploads\/2023\/03\/Titanium_stainless_steel_linkedin_Jan_2021-01-edited-1-500x375.jpg 500w, https:\/\/www.focus-welding.com\/wp-content\/uploads\/2023\/03\/Titanium_stainless_steel_linkedin_Jan_2021-01-edited-1.jpg 1080w\" sizes=\"auto, (max-width: 225px) 100vw, 225px\" \/><\/a><figcaption class=\"wp-element-caption\"><strong><a href=\"https:\/\/www.focus-welding.com\/de\/sensor-housing-and-vacuum-encapsulation\/\">Sensorgeh\u00e4use <\/a><\/strong><\/figcaption><\/figure>\n<\/div>\n\n\n\n<div class=\"wp-block-column has-small-font-size is-layout-flow wp-block-column-is-layout-flow\">\n<figure class=\"wp-block-image size-medium is-resized hvr-glow\" id=\"wp-block-themeisle-blocks-image-98e72688\"><a href=\"https:\/\/www.focus-welding.com\/de\/aerospace-industry\/\"><img loading=\"lazy\" decoding=\"async\" src=\"https:\/\/www.focus-welding.com\/wp-content\/uploads\/2023\/03\/Fotolia_64541024_XL_CMYK@05x-edited-1-300x225.png\" alt=\"\" class=\"wp-image-4095\" width=\"225\" height=\"169\" srcset=\"https:\/\/www.focus-welding.com\/wp-content\/uploads\/2023\/03\/Fotolia_64541024_XL_CMYK@05x-edited-1-300x225.png 300w, https:\/\/www.focus-welding.com\/wp-content\/uploads\/2023\/03\/Fotolia_64541024_XL_CMYK@05x-edited-1-1024x768.png 1024w, https:\/\/www.focus-welding.com\/wp-content\/uploads\/2023\/03\/Fotolia_64541024_XL_CMYK@05x-edited-1-768x576.png 768w, https:\/\/www.focus-welding.com\/wp-content\/uploads\/2023\/03\/Fotolia_64541024_XL_CMYK@05x-edited-1-500x375.png 500w, https:\/\/www.focus-welding.com\/wp-content\/uploads\/2023\/03\/Fotolia_64541024_XL_CMYK@05x-edited-1.png 1416w\" sizes=\"auto, (max-width: 225px) 100vw, 225px\" \/><\/a><figcaption class=\"wp-element-caption\"><strong><a href=\"https:\/\/www.focus-welding.com\/de\/aerospace-industry\/\">Luft- und Raumfahrtindustrie<\/a><\/strong><\/figcaption><\/figure>\n<\/div>\n<\/div>\n\n\n\n<div style=\"height:90px\" aria-hidden=\"true\" class=\"wp-block-spacer\"><\/div>\n\n\n\n<div class=\"wp-block-columns has-3-columns is-layout-flex wp-container-core-columns-is-layout-9d6595d7 wp-block-columns-is-layout-flex\">\n<div class=\"wp-block-column is-layout-flow wp-block-column-is-layout-flow\">\n<figure class=\"wp-block-image size-medium is-resized hvr-glow\" id=\"wp-block-themeisle-blocks-image-ee5bf297\"><a href=\"https:\/\/www.focus-welding.com\/de\/nuclear-industry\/\"><img loading=\"lazy\" decoding=\"async\" src=\"https:\/\/www.focus-welding.com\/wp-content\/uploads\/2023\/03\/Nuclear_Industry-edited-1-300x225.jpg\" alt=\"\" class=\"wp-image-4090\" width=\"225\" height=\"169\" srcset=\"https:\/\/www.focus-welding.com\/wp-content\/uploads\/2023\/03\/Nuclear_Industry-edited-1-300x225.jpg 300w, https:\/\/www.focus-welding.com\/wp-content\/uploads\/2023\/03\/Nuclear_Industry-edited-1-1024x768.jpg 1024w, https:\/\/www.focus-welding.com\/wp-content\/uploads\/2023\/03\/Nuclear_Industry-edited-1-768x576.jpg 768w, https:\/\/www.focus-welding.com\/wp-content\/uploads\/2023\/03\/Nuclear_Industry-edited-1-1536x1151.jpg 1536w, https:\/\/www.focus-welding.com\/wp-content\/uploads\/2023\/03\/Nuclear_Industry-edited-1-2048x1535.jpg 2048w, https:\/\/www.focus-welding.com\/wp-content\/uploads\/2023\/03\/Nuclear_Industry-edited-1-500x375.jpg 500w\" sizes=\"auto, (max-width: 225px) 100vw, 225px\" \/><\/a><figcaption class=\"wp-element-caption\"><strong><a href=\"https:\/\/www.focus-welding.com\/de\/nuclear-industry\/\">Nuklearindustrie<\/a><\/strong><\/figcaption><\/figure>\n<\/div>\n\n\n\n<div class=\"wp-block-column has-small-font-size is-layout-flow wp-block-column-is-layout-flow\">\n<figure class=\"wp-block-image size-medium is-resized hvr-glow\" id=\"wp-block-themeisle-blocks-image-2ffc7b96\"><a href=\"https:\/\/www.focus-welding.com\/de\/research-development\/\"><img loading=\"lazy\" decoding=\"async\" src=\"https:\/\/www.focus-welding.com\/wp-content\/uploads\/2023\/03\/RQ0A4738-1@05x-edited-1-300x225.png\" alt=\"\" class=\"wp-image-4092\" width=\"225\" height=\"169\" srcset=\"https:\/\/www.focus-welding.com\/wp-content\/uploads\/2023\/03\/RQ0A4738-1@05x-edited-1-300x225.png 300w, https:\/\/www.focus-welding.com\/wp-content\/uploads\/2023\/03\/RQ0A4738-1@05x-edited-1-768x576.png 768w, https:\/\/www.focus-welding.com\/wp-content\/uploads\/2023\/03\/RQ0A4738-1@05x-edited-1-500x375.png 500w, https:\/\/www.focus-welding.com\/wp-content\/uploads\/2023\/03\/RQ0A4738-1@05x-edited-1.png 1000w\" sizes=\"auto, (max-width: 225px) 100vw, 225px\" \/><\/a><figcaption class=\"wp-element-caption\"><strong><a href=\"https:\/\/www.focus-welding.com\/de\/research-development\/\">Forschung &amp; Entwicklung<\/a><\/strong><\/figcaption><\/figure>\n<\/div>\n\n\n\n<div class=\"wp-block-column has-small-font-size is-layout-flow wp-block-column-is-layout-flow\">\n<figure class=\"wp-block-image size-medium is-resized hvr-glow\" id=\"wp-block-themeisle-blocks-image-afe45efe\"><a href=\"https:\/\/www.focus-welding.com\/de\/drilling-4\/\"><img loading=\"lazy\" decoding=\"async\" src=\"https:\/\/www.focus-welding.com\/wp-content\/uploads\/2023\/03\/electron20beam20micro20drilling203-edited-1-300x225.jpg\" alt=\"\" class=\"wp-image-4096\" width=\"225\" height=\"169\" srcset=\"https:\/\/www.focus-welding.com\/wp-content\/uploads\/2023\/03\/electron20beam20micro20drilling203-edited-1-300x225.jpg 300w, https:\/\/www.focus-welding.com\/wp-content\/uploads\/2023\/03\/electron20beam20micro20drilling203-edited-1.jpg 432w\" sizes=\"auto, (max-width: 225px) 100vw, 225px\" \/><\/a><figcaption class=\"wp-element-caption\"><a href=\"https:\/\/www.focus-welding.com\/de\/drilling-4\/\"><strong>Bohren<\/strong><\/a><\/figcaption><\/figure>\n\n\n\n<p style=\"font-size:14px\"><\/p>\n<\/div>\n<\/div>\n\n\n\n<p>FOCUS hat sich auf die Herstellung pr\u00e4ziser Maschinen f\u00fcr das Mikro-Elektronenstrahlschwei\u00dfen (MEBW) und Laser im Vakuum (LaVa) spezialisiert, die sich durch au\u00dfergew\u00f6hnliche Genauigkeit und Zuverl\u00e4ssigkeit bei Schwei\u00dfanwendungen auszeichnen. Unsere Maschinen sind so konzipiert, dass sie die einzigartigen Anforderungen von Pr\u00e4zisionsschwei\u00dfanwendungen in verschiedenen Branchen erf\u00fcllen.<\/p>\n\n\n\n<p>Unsere MEBW- und LaVa-Maschinen sind mit fortschrittlichen Funktionen ausgestattet, die es uns erm\u00f6glichen, qualitativ hochwertige Schwei\u00dfn\u00e4hte mit minimalem W\u00e4rmeeintrag und Verzug herzustellen. Mit unseren MEBW- und LaVa-Maschinen k\u00f6nnen wir eine breite Palette von Materialien schwei\u00dfen, darunter Metalle, Legierungen, Halbleiter und Keramik. Die Maschinen k\u00f6nnen verschiedene Materialst\u00e4rken verarbeiten und komplexe Geometrien schwei\u00dfen, was sie ideal f\u00fcr Pr\u00e4zisionsschwei\u00dfanwendungen in Branchen wie Luft- und Raumfahrt, Sensorik, Medizintechnik, Elektronik, Automobilbau, Energie und anderen macht.<\/p>\n\n\n\n<p>Wir sind stolz auf unsere F\u00e4higkeit, unsere MEBW-Maschinen an die besonderen Anforderungen der Anwendungen unserer Kunden anzupassen. Wir arbeiten eng mit unseren Kunden zusammen, um ihre spezifischen Anforderungen zu verstehen und eine L\u00f6sung zu entwickeln, die ihre Bed\u00fcrfnisse erf\u00fcllt. <\/p>\n\n\n\n<div style=\"height:50px\" aria-hidden=\"true\" class=\"wp-block-spacer\"><\/div>","protected":false},"excerpt":{"rendered":"<p>At FOCUS, we specialize in manufacturing precise Micro Electron Beam Welding (POWERBEAM) and Laser in Vacuum (LaVa) machines that offer exceptional accuracy and reliability in welding applications. Our machines are designed to meet the unique needs of precision welding applications in various industries. Our POWERBEAM and LaVa machines are equipped with advanced features that enable [&hellip;]<\/p>","protected":false},"author":7,"featured_media":457,"parent":0,"menu_order":0,"comment_status":"closed","ping_status":"closed","template":"","meta":{"_themeisle_gutenberg_block_has_review":false,"footnotes":""},"class_list":["post-3754","page","type-page","status-publish","has-post-thumbnail","hentry"],"yoast_head":"<!-- This site is optimized with the Yoast SEO Premium plugin v15.2.1 - https:\/\/yoast.com\/wordpress\/plugins\/seo\/ -->\n<title>Applications | FOCUS Welding<\/title>\n<meta name=\"robots\" content=\"index, follow, max-snippet:-1, max-image-preview:large, max-video-preview:-1\" \/>\n<link rel=\"canonical\" href=\"https:\/\/www.focus-welding.com\/de\/applications\/\" \/>\n<meta property=\"og:locale\" content=\"de_DE\" \/>\n<meta property=\"og:type\" content=\"article\" \/>\n<meta property=\"og:title\" content=\"Applications | FOCUS Welding\" \/>\n<meta property=\"og:description\" content=\"At FOCUS, we specialize in manufacturing precise Micro Electron Beam Welding (POWERBEAM) and Laser in Vacuum (LaVa) machines that offer exceptional accuracy and reliability in welding applications. Our machines are designed to meet the unique needs of precision welding applications in various industries. Our POWERBEAM and LaVa machines are equipped with advanced features that enable [&hellip;]\" \/>\n<meta property=\"og:url\" content=\"https:\/\/www.focus-welding.com\/de\/applications\/\" \/>\n<meta property=\"og:site_name\" content=\"FOCUS Welding\" \/>\n<meta property=\"article:modified_time\" content=\"2023-05-08T08:03:52+00:00\" \/>\n<meta property=\"og:image\" content=\"https:\/\/www.focus-welding.com\/wp-content\/uploads\/2018\/11\/webseite_sectors_rev1.jpg\" \/>\n\t<meta property=\"og:image:width\" content=\"2000\" \/>\n\t<meta property=\"og:image:height\" content=\"1000\" \/>\n<meta name=\"twitter:card\" content=\"summary_large_image\" \/>\n<meta name=\"twitter:label1\" content=\"Verfasst von\">\n\t<meta name=\"twitter:data1\" content=\"cmerkel\">\n\t<meta name=\"twitter:label2\" content=\"Gesch\u00e4tzte Lesezeit\">\n\t<meta name=\"twitter:data2\" content=\"1\u00a0Minute\">\n<script type=\"application\/ld+json\" class=\"yoast-schema-graph\">{\"@context\":\"https:\/\/schema.org\",\"@graph\":[{\"@type\":\"Organization\",\"@id\":\"https:\/\/www.focus-welding.com\/#organization\",\"name\":\"Focus GmbH\",\"url\":\"https:\/\/www.focus-welding.com\/\",\"sameAs\":[\"https:\/\/www.youtube.com\/user\/FOCUSGmbH\"],\"logo\":{\"@type\":\"ImageObject\",\"@id\":\"https:\/\/www.focus-welding.com\/#logo\",\"inLanguage\":\"de\",\"url\":\"https:\/\/www.focus-welding.com\/wp-content\/uploads\/2019\/03\/2014_FOCUS_NoGmbH_NoSlogan_web.png\",\"width\":414,\"height\":200,\"caption\":\"Focus GmbH\"},\"image\":{\"@id\":\"https:\/\/www.focus-welding.com\/#logo\"}},{\"@type\":\"WebSite\",\"@id\":\"https:\/\/www.focus-welding.com\/#website\",\"url\":\"https:\/\/www.focus-welding.com\/\",\"name\":\"FOCUS Welding\",\"description\":\"Electron Beam Welding and Laser-in-Vacuum Welding Machines\",\"publisher\":{\"@id\":\"https:\/\/www.focus-welding.com\/#organization\"},\"potentialAction\":[{\"@type\":\"SearchAction\",\"target\":\"https:\/\/www.focus-welding.com\/?s={search_term_string}\",\"query-input\":\"required name=search_term_string\"}],\"inLanguage\":\"de\"},{\"@type\":\"ImageObject\",\"@id\":\"https:\/\/www.focus-welding.com\/applications\/#primaryimage\",\"inLanguage\":\"de\",\"url\":\"https:\/\/www.focus-welding.com\/wp-content\/uploads\/2018\/11\/webseite_sectors_rev1.jpg\",\"width\":2000,\"height\":1000,\"caption\":\"\"},{\"@type\":\"WebPage\",\"@id\":\"https:\/\/www.focus-welding.com\/applications\/#webpage\",\"url\":\"https:\/\/www.focus-welding.com\/applications\/\",\"name\":\"Applications | FOCUS Welding\",\"isPartOf\":{\"@id\":\"https:\/\/www.focus-welding.com\/#website\"},\"primaryImageOfPage\":{\"@id\":\"https:\/\/www.focus-welding.com\/applications\/#primaryimage\"},\"datePublished\":\"2023-03-07T13:45:34+00:00\",\"dateModified\":\"2023-05-08T08:03:52+00:00\",\"inLanguage\":\"de\",\"potentialAction\":[{\"@type\":\"ReadAction\",\"target\":[\"https:\/\/www.focus-welding.com\/applications\/\"]}]}]}<\/script>\n<!-- \/ Yoast SEO Premium plugin. -->","_links":{"self":[{"href":"https:\/\/www.focus-welding.com\/de\/wp-json\/wp\/v2\/pages\/3754","targetHints":{"allow":["GET"]}}],"collection":[{"href":"https:\/\/www.focus-welding.com\/de\/wp-json\/wp\/v2\/pages"}],"about":[{"href":"https:\/\/www.focus-welding.com\/de\/wp-json\/wp\/v2\/types\/page"}],"author":[{"embeddable":true,"href":"https:\/\/www.focus-welding.com\/de\/wp-json\/wp\/v2\/users\/7"}],"replies":[{"embeddable":true,"href":"https:\/\/www.focus-welding.com\/de\/wp-json\/wp\/v2\/comments?post=3754"}],"version-history":[{"count":45,"href":"https:\/\/www.focus-welding.com\/de\/wp-json\/wp\/v2\/pages\/3754\/revisions"}],"predecessor-version":[{"id":4844,"href":"https:\/\/www.focus-welding.com\/de\/wp-json\/wp\/v2\/pages\/3754\/revisions\/4844"}],"wp:featuredmedia":[{"embeddable":true,"href":"https:\/\/www.focus-welding.com\/de\/wp-json\/wp\/v2\/media\/457"}],"wp:attachment":[{"href":"https:\/\/www.focus-welding.com\/de\/wp-json\/wp\/v2\/media?parent=3754"}],"curies":[{"name":"wp","href":"https:\/\/api.w.org\/{rel}","templated":true}]}}