{"id":438,"date":"2018-11-23T14:57:37","date_gmt":"2018-11-23T13:57:37","guid":{"rendered":"https:\/\/focusewelding.wpcomstaging.com\/?page_id=438"},"modified":"2026-04-24T04:29:02","modified_gmt":"2026-04-24T04:29:02","slug":"contact","status":"publish","type":"page","link":"https:\/\/www.focus-welding.com\/de\/contact\/","title":{"rendered":"Kontakt"},"content":{"rendered":"<div style=\"height:25px\" aria-hidden=\"true\" class=\"wp-block-spacer\"><\/div>\n\n\n\n<p class=\"has-medium-font-size translation-block\">M\u00f6chten Sie mehr \u00fcber unsere Systeme, L\u00f6sungen und Dienstleistungen erfahren?<br>\nBitte kontaktieren Sie uns direkt oder nutzen Sie das beigef\u00fcgte Kontaktformular und wir werden uns mit Ihnen in Verbindung setzen.<\/p>\n\n\n\n<p><\/p>\n\n\n\n<div class=\"wp-block-columns is-layout-flex wp-container-core-columns-is-layout-9d6595d7 wp-block-columns-is-layout-flex\">\n<div class=\"wp-block-column is-layout-flow wp-block-column-is-layout-flow\" style=\"flex-basis:55%\"><div class=\"wpforms-container wpforms-container-full\" id=\"wpforms-3401\"><form id=\"wpforms-form-3401\" class=\"wpforms-validate wpforms-form wpforms-ajax-form\" data-formid=\"3401\" method=\"post\" enctype=\"multipart\/form-data\" action=\"\/de\/wp-json\/wp\/v2\/pages\/438\" data-token=\"99e41b0d23e9b3efb6248355c61140e7\" data-token-time=\"1777495058\" data-trp-original-action=\"\/de\/wp-json\/wp\/v2\/pages\/438\"><noscript class=\"wpforms-error-noscript\">Bitte aktiviere JavaScript in deinem Browser, um dieses Formular fertigzustellen.<\/noscript><div class=\"wpforms-field-container\"><div id=\"wpforms-3401-field_0-container\" class=\"wpforms-field wpforms-field-name\" data-field-id=\"0\"><label class=\"wpforms-field-label\" for=\"wpforms-3401-field_0\">Name <span class=\"wpforms-required-label\">*<\/span><\/label><input type=\"text\" id=\"wpforms-3401-field_0\" class=\"wpforms-field-medium wpforms-field-required\" name=\"wpforms[fields][0]\" required><\/div><div id=\"wpforms-3401-field_4-container\" class=\"wpforms-field wpforms-field-name\" data-field-id=\"4\"><label class=\"wpforms-field-label\" for=\"wpforms-3401-field_4\">Zugeh\u00f6rigkeit<\/label><input type=\"text\" id=\"wpforms-3401-field_4\" class=\"wpforms-field-medium\" name=\"wpforms[fields][4]\" ><\/div><div id=\"wpforms-3401-field_1-container\" class=\"wpforms-field wpforms-field-email\" data-field-id=\"1\"><label class=\"wpforms-field-label\" for=\"wpforms-3401-field_1\">Email <span class=\"wpforms-required-label\">*<\/span><\/label><input type=\"email\" id=\"wpforms-3401-field_1\" class=\"wpforms-field-medium wpforms-field-required\" name=\"wpforms[fields][1]\" spellcheck=\"false\" required><\/div><div id=\"wpforms-3401-field_2-container\" class=\"wpforms-field wpforms-field-textarea\" data-field-id=\"2\"><label class=\"wpforms-field-label\" for=\"wpforms-3401-field_2\">Kommentar oder Nachricht<\/label><textarea id=\"wpforms-3401-field_2\" class=\"wpforms-field-medium\" name=\"wpforms[fields][2]\" ><\/textarea><\/div><div id=\"wpforms-3401-field_3-container\" class=\"wpforms-field wpforms-field-checkbox\" data-field-id=\"3\"><label class=\"wpforms-field-label\" for=\"wpforms-3401-field_3\">Einverst\u00e4ndnis &amp; Datenschutzbestimmungen <span class=\"wpforms-required-label\">*<\/span><\/label><ul id=\"wpforms-3401-field_3\" class=\"wpforms-field-required\"><li class=\"choice-1 depth-1\"><input type=\"checkbox\" id=\"wpforms-3401-field_3_1\" name=\"wpforms[fields][3][]\" value=\"You have read, accepted the Privacy Policy &amp; accepted receiving email communication from us by submitting this form.\" required><label class=\"wpforms-field-label-inline\" for=\"wpforms-3401-field_3_1\">Mit dem Absenden dieses Formulars haben Sie die Datenschutzbestimmungen gelesen und akzeptiert und sind damit einverstanden, von uns per E-Mail informiert zu werden.<\/label><\/li><\/ul><div class=\"wpforms-field-description\"><a href=\"https:\/\/www.focus-powerbeam.com\/privacy-policy\/\">Datenschutz<\/a><\/div><\/div><\/div><!-- .wpforms-field-container --><div class=\"wpforms-recaptcha-container wpforms-is-hcaptcha\" ><div class=\"g-recaptcha\" data-sitekey=\"d61538c0-d31b-47f1-acde-8f75514bfaf8\"><\/div><input type=\"text\" name=\"g-recaptcha-hidden\" class=\"wpforms-recaptcha-hidden\" style=\"position:absolute!important;clip:rect(0,0,0,0)!important;height:1px!important;width:1px!important;border:0!important;overflow:hidden!important;padding:0!important;margin:0!important;\" data-rule-hcaptcha=\"1\"><\/div><div class=\"wpforms-submit-container\" ><input type=\"hidden\" name=\"wpforms[id]\" value=\"3401\"><input type=\"hidden\" name=\"page_title\" value=\"\"><input type=\"hidden\" name=\"page_url\" value=\"https:\/\/www.focus-welding.com\/de\/wp-json\/wp\/v2\/pages\/438\"><button type=\"submit\" name=\"wpforms[submit]\" id=\"wpforms-submit-3401\" class=\"wpforms-submit\" data-alt-text=\"Sending...\" data-submit-text=\"Submit\" aria-live=\"assertive\" value=\"wpforms-submit\">Absenden<\/button><img loading=\"lazy\" decoding=\"async\" src=\"https:\/\/www.focus-welding.com\/wp-content\/plugins\/wpforms-lite\/assets\/images\/submit-spin.svg\" class=\"wpforms-submit-spinner\" style=\"display: none;\" width=\"26\" height=\"26\" alt=\"Wird geladen\"><\/div><input type=\"hidden\" name=\"trp-form-language\" value=\"de\"\/><\/form><\/div>  <!-- .wpforms-container -->\n<\/div>\n\n\n\n<div class=\"wp-block-column is-layout-flow wp-block-column-is-layout-flow\" style=\"flex-basis:45%\">\n<div id=\"wp-block-themeisle-blocks-advanced-columns-40db0924\" class=\"wp-block-themeisle-blocks-advanced-columns has-1-columns has-desktop-equal-layout has-tablet-equal-layout has-mobile-equal-layout has-vertical-top ticss-c00aadba\"><div class=\"wp-block-themeisle-blocks-advanced-columns-overlay\"><\/div><div class=\"innerblocks-wrap\">\n<div id=\"wp-block-themeisle-blocks-advanced-column-006aede9\" class=\"wp-block-themeisle-blocks-advanced-column ticss-9e771486\">\n<div id=\"wp-block-themeisle-blocks-font-awesome-icons-2b7e7997\" class=\"wp-block-themeisle-blocks-font-awesome-icons\"><span class=\"wp-block-themeisle-blocks-font-awesome-icons-container\"><svg xmlns=\"http:\/\/www.w3.org\/2000\/svg\" viewbox=\"0 0 1800 1800\"><path d=\"M531.087,344.727c0.247,0,0.492,0.033,0.739,0.033h453.558c16.819,0,30.444-13.625,30.444-30.436 c0-16.815-13.625-30.435-30.444-30.435H638.226H531.826c-16.811,0-30.44,13.62-30.44,30.435 C501.386,330.885,514.624,344.331,531.087,344.727z\"><\/path><path d=\"M531.826,497.389h749.422c16.814,0,30.443-13.629,30.443-30.439c0-16.814-13.629-30.439-30.443-30.439 H531.826c-16.811,0-30.44,13.625-30.44,30.439C501.386,483.76,515.016,497.389,531.826,497.389z\"><\/path><path d=\"M531.826,650.009h749.422c16.814,0,30.443-13.633,30.443-30.444c0-8.872-3.822-16.827-9.877-22.389 c-5.424-4.982-12.625-8.046-20.566-8.046H531.826c-7.938,0-15.143,3.064-20.567,8.046c-6.054,5.562-9.873,13.517-9.873,22.389 C501.386,636.376,515.016,650.009,531.826,650.009z\"><\/path><path d=\"M1311.691,772.194c0-16.806-13.629-30.436-30.443-30.436H531.826c-16.811,0-30.44,13.629-30.44,30.436 c0,16.815,13.629,30.444,30.44,30.444h749.422C1298.063,802.638,1311.691,789.009,1311.691,772.194z\"><\/path><path d=\"M1772.088,533.511c-2.481-3.422-5.691-6.4-9.603-8.622l-246.454-139.961v-82.389v-9.853 c-1.264-7.738-5.432-14.501-11.406-19.066l-49.465-42.835l-131.073-113.508l-61.889-53.596c-5.286-4.582-11.866-7.021-18.591-7.275 h-2.197H937.55h-66.904H383.746c-47.809,0-86.705,38.895-86.705,86.696V382.15L61.554,515.893 c-31.678,11.565-54.396,41.913-54.396,77.54v1067.543c0,45.554,37.064,82.618,82.622,82.618h1625.598 c45.558,0,82.623-37.064,82.623-82.618V593.433C1798,569.839,1788.002,548.583,1772.088,533.511z M1614.426,510.814l92.579,52.583 l-11.661,8.301l-179.313,127.664V571.698v-60.883v-55.873L1614.426,510.814z M1405.5,267.454h-132.895V152.361L1405.5,267.454z M357.922,571.698v-60.883v-93.226v-70.01V143.102c0-14.239,11.585-25.825,25.824-25.825h379.699H886.73h34.734h123.285h167.617 v180.296c0,16.631,13.483,30.11,30.119,30.11h212.674v22.668v70.015v90.448v60.883V742.7l-397.298,282.87l-50.781,36.148 l-18.591,13.241l-81.088,57.728l-81.093-57.728l-18.611-13.25l-50.782-36.155L357.922,741.483V571.698z M193.76,510.814 l103.281-58.649v58.649v60.883V698.14L119.448,571.698l-14.597-10.395L193.76,510.814z M68.036,1648.984V609.822l229.005,163.047 l60.88,43.344L710.7,1067.38l-8.372,7.58l-67.267,60.871L68.036,1648.984z M121.495,1682.723l604.294-546.892l35.693-32.304 l45.37,32.304l82.897,59.028c5.283,3.76,11.462,5.637,17.653,5.637c6.187,0,12.369-1.877,17.652-5.637l82.889-59.028l45.354-32.286 l35.686,32.286l604.311,546.892H121.495z M1737.119,1640.271l-557.41-504.439l-67.267-60.871l-8.359-7.563l351.077-249.962 l60.871-43.348l221.088-157.407V1640.271z\"><\/path><\/svg><\/span><\/div>\n\n\n\n<div id=\"wp-block-themeisle-blocks-icon-list-dfc1fb3a\" class=\"wp-block-themeisle-blocks-icon-list ticss-e8d2edf5\">\n<div id=\"wp-block-themeisle-blocks-icon-list-item-e6a57e87\" class=\"wp-block-themeisle-blocks-icon-list-item\"><i class=\"fas fa-phone wp-block-themeisle-blocks-icon-list-item-icon\"><\/i><p class=\"wp-block-themeisle-blocks-icon-list-item-content\">+49 6126 4014-0<\/p><\/div>\n\n\n\n<div id=\"wp-block-themeisle-blocks-icon-list-item-648b3a6e\" class=\"wp-block-themeisle-blocks-icon-list-item\"><i class=\"far fa-envelope wp-block-themeisle-blocks-icon-list-item-icon\"><\/i><p class=\"wp-block-themeisle-blocks-icon-list-item-content\"><a href=\"mailto:focus-sales@specs.com\">sales@specs-group.com<\/a><\/p><\/div>\n\n\n\n<div id=\"wp-block-themeisle-blocks-icon-list-item-d4eec3f8\" class=\"wp-block-themeisle-blocks-icon-list-item\"><i class=\"fas fa-map-marker-alt wp-block-themeisle-blocks-icon-list-item-icon\"><\/i><p class=\"wp-block-themeisle-blocks-icon-list-item-content\">Neukirchner Str. 2, 65510 H\u00fcnstetten, Deutschland<\/p><\/div>\n<\/div>\n\n\n\n<div style=\"height:20px\" aria-hidden=\"true\" class=\"wp-block-spacer\"><\/div>\n\n\n\n<p id=\"wp-block-themeisle-blocks-advanced-heading-9b27b614\" class=\"wp-block-themeisle-blocks-advanced-heading wp-block-themeisle-blocks-advanced-heading-9b27b614\"><strong>Social Media<\/strong><\/p>\n\n\n\n<ul class=\"wp-block-social-links has-large-icon-size is-style-logos-only is-layout-flex wp-block-social-links-is-layout-flex\"><li class=\"wp-social-link wp-social-link-linkedin  wp-block-social-link\"><a href=\"https:\/\/www.linkedin.com\/company\/focus-gmbh\/\" class=\"wp-block-social-link-anchor\"><svg width=\"24\" height=\"24\" viewbox=\"0 0 24 24\" version=\"1.1\" xmlns=\"http:\/\/www.w3.org\/2000\/svg\" aria-hidden=\"true\" focusable=\"false\"><path d=\"M19.7,3H4.3C3.582,3,3,3.582,3,4.3v15.4C3,20.418,3.582,21,4.3,21h15.4c0.718,0,1.3-0.582,1.3-1.3V4.3 C21,3.582,20.418,3,19.7,3z M8.339,18.338H5.667v-8.59h2.672V18.338z M7.004,8.574c-0.857,0-1.549-0.694-1.549-1.548 c0-0.855,0.691-1.548,1.549-1.548c0.854,0,1.547,0.694,1.547,1.548C8.551,7.881,7.858,8.574,7.004,8.574z M18.339,18.338h-2.669 v-4.177c0-0.996-0.017-2.278-1.387-2.278c-1.389,0-1.601,1.086-1.601,2.206v4.249h-2.667v-8.59h2.559v1.174h0.037 c0.356-0.675,1.227-1.387,2.526-1.387c2.703,0,3.203,1.779,3.203,4.092V18.338z\"><\/path><\/svg><span class=\"wp-block-social-link-label screen-reader-text\">LinkedIn<\/span><\/a><\/li>\n\n<li class=\"wp-social-link wp-social-link-youtube  wp-block-social-link\"><a href=\"https:\/\/www.youtube.com\/channel\/UCaRpMJ0-dbgFrXpflB8X7QQ\" class=\"wp-block-social-link-anchor\"><svg width=\"24\" height=\"24\" viewbox=\"0 0 24 24\" version=\"1.1\" xmlns=\"http:\/\/www.w3.org\/2000\/svg\" aria-hidden=\"true\" focusable=\"false\"><path d=\"M21.8,8.001c0,0-0.195-1.378-0.795-1.985c-0.76-0.797-1.613-0.801-2.004-0.847c-2.799-0.202-6.997-0.202-6.997-0.202 h-0.009c0,0-4.198,0-6.997,0.202C4.608,5.216,3.756,5.22,2.995,6.016C2.395,6.623,2.2,8.001,2.2,8.001S2,9.62,2,11.238v1.517 c0,1.618,0.2,3.237,0.2,3.237s0.195,1.378,0.795,1.985c0.761,0.797,1.76,0.771,2.205,0.855c1.6,0.153,6.8,0.201,6.8,0.201 s4.203-0.006,7.001-0.209c0.391-0.047,1.243-0.051,2.004-0.847c0.6-0.607,0.795-1.985,0.795-1.985s0.2-1.618,0.2-3.237v-1.517 C22,9.62,21.8,8.001,21.8,8.001z M9.935,14.594l-0.001-5.62l5.404,2.82L9.935,14.594z\"><\/path><\/svg><span class=\"wp-block-social-link-label screen-reader-text\">YouTube<\/span><\/a><\/li><\/ul>\n<\/div>\n<\/div><\/div>\n<\/div>\n<\/div>\n\n\n\n<div style=\"height:50px\" aria-hidden=\"true\" class=\"wp-block-spacer\"><\/div>\n\n\n\n<h2 class=\"wp-block-heading has-large-font-size\" id=\"h-our-international-sales-distributors\">Unsere internationalen Vertriebspartner<br><\/h2>\n\n\n\n<figure class=\"wp-block-table is-style-stripes\"><table class=\"has-fixed-layout\"><tbody><tr><td class=\"has-text-align-center\" data-align=\"center\"><img decoding=\"async\" src=\"https:\/\/www.focus-gmbh.com\/wp-content\/uploads\/2020\/05\/Flag_of_the_Peoples_Republic_of_China.png\"><\/td><td class=\"has-text-align-center\" data-align=\"center\"><img decoding=\"async\" src=\"https:\/\/www.focus-gmbh.com\/wp-content\/uploads\/2020\/05\/Flag_of_Japan.png\"><\/td><td class=\"has-text-align-center\" data-align=\"center\"><img decoding=\"async\" src=\"https:\/\/www.focus-gmbh.com\/wp-content\/uploads\/2020\/05\/Flag_of_India-1024x683.png\"><\/td><td><img loading=\"lazy\" decoding=\"async\" width=\"200\" height=\"120\" class=\"wp-image-3472\" style=\"width: 200px;\" src=\"https:\/\/www.focus-welding.com\/wp-content\/uploads\/2023\/02\/Flag_of_the_United_Kingdom_3-5.png\" alt=\"\" srcset=\"https:\/\/www.focus-welding.com\/wp-content\/uploads\/2023\/02\/Flag_of_the_United_Kingdom_3-5.png 1024w, https:\/\/www.focus-welding.com\/wp-content\/uploads\/2023\/02\/Flag_of_the_United_Kingdom_3-5-300x180.png 300w, https:\/\/www.focus-welding.com\/wp-content\/uploads\/2023\/02\/Flag_of_the_United_Kingdom_3-5-768x461.png 768w, https:\/\/www.focus-welding.com\/wp-content\/uploads\/2023\/02\/Flag_of_the_United_Kingdom_3-5-500x300.png 500w\" sizes=\"auto, (max-width: 200px) 100vw, 200px\" \/><\/td><td><img loading=\"lazy\" decoding=\"async\" width=\"150\" height=\"100\" class=\"wp-image-4935\" style=\"width: 150px;\" src=\"https:\/\/www.focus-welding.com\/wp-content\/uploads\/2023\/09\/Flag_of_South_Korea.png\" alt=\"\" srcset=\"https:\/\/www.focus-welding.com\/wp-content\/uploads\/2023\/09\/Flag_of_South_Korea.png 900w, https:\/\/www.focus-welding.com\/wp-content\/uploads\/2023\/09\/Flag_of_South_Korea-300x200.png 300w, https:\/\/www.focus-welding.com\/wp-content\/uploads\/2023\/09\/Flag_of_South_Korea-768x512.png 768w, https:\/\/www.focus-welding.com\/wp-content\/uploads\/2023\/09\/Flag_of_South_Korea-500x333.png 500w\" sizes=\"auto, (max-width: 150px) 100vw, 150px\" \/><\/td><\/tr><tr><td class=\"has-text-align-center\" data-align=\"center\"><em><strong><a href=\"http:\/\/www.be-instruments.com\/\">Beijing Eberl Instruments Trading Co., Ltd.<\/a><\/strong><\/em><\/td><td class=\"has-text-align-center\" data-align=\"center\"><a href=\"https:\/\/www.ckb.co.jp\/\"><strong><em>der CKB Corporation,<\/em><\/strong><\/a><br><\/td><td class=\"has-text-align-center\" data-align=\"center\"><strong><em><a href=\"https:\/\/www.mack.in\/\">MACK INTERNATIONAL<\/a><\/em><\/strong><br><\/td><td><strong><a href=\"https:\/\/www.dylanjamesscientific.com\/\">Dylan James Scientific<\/a><\/strong><\/td><td>3H Corporation Ltd.<\/td><\/tr><tr><td class=\"has-text-align-center\" data-align=\"center\">China<\/td><td class=\"has-text-align-center\" data-align=\"center\">Japan<\/td><td class=\"has-text-align-center\" data-align=\"center\">India<\/td><td>United Kingdom<\/td><td>South Korea<\/td><\/tr><tr><td class=\"has-text-align-center\" data-align=\"center\">Tel.:&nbsp; +86 10 8069 8356<\/td><td class=\"has-text-align-center\" data-align=\"center\">Tel.:&nbsp;+81 3(3498)2231<\/td><td class=\"has-text-align-center\" data-align=\"center\">Tel.:&nbsp;+91 22 22855261 \/ 22834962<\/td><td>Tel: +44 (0)77166-42889<\/td><td>Tel: +82(0)31-721-0740<br><\/td><\/tr><tr><td class=\"has-text-align-center\" data-align=\"center\"><a href=\"mailto:info@be-instruments.com\">info@be-instruments.com<\/a><br><\/td><td class=\"has-text-align-center\" data-align=\"center\"><a href=\"mailto:EBW@ckb.co.jp\">EBW@ckb.co.jp<\/a><br><\/td><td class=\"has-text-align-center\" data-align=\"center\"><a href=\"mailto:sales@mack.in\">sales@mack.in<\/a><br><\/td><td><a href=\"mailto:info@dylanjamesscientific.com\"><\/a><a href=\"mailto:info@dylanjamesscientific.com\">info@dylanjamesscientific.com<\/a><br><\/td><td><a href=\"mailto:scott@3htech.co.kr\">scott@3htech.co.kr<\/a><\/td><\/tr><\/tbody><\/table><\/figure>\n\n\n\n<div style=\"height:100px\" aria-hidden=\"true\" class=\"wp-block-spacer\"><\/div>","protected":false},"excerpt":{"rendered":"<p>Would you like to learn more about our systems, solutions and services?Please contact us directly or use the attached contact form and we will get in touch with you. Our International Sales Distributors Beijing Eberl Instruments Trading Co., Ltd. CKB Corporation MACK INTERNATIONAL Dylan James Scientific 3H Corporation Ltd. China Japan India United Kingdom South [&hellip;]<\/p>","protected":false},"author":7,"featured_media":3050,"parent":0,"menu_order":0,"comment_status":"closed","ping_status":"closed","template":"","meta":{"_themeisle_gutenberg_block_has_review":false,"footnotes":""},"class_list":["post-438","page","type-page","status-publish","has-post-thumbnail","hentry"],"yoast_head":"<!-- This site is optimized with the Yoast SEO Premium plugin v15.2.1 - https:\/\/yoast.com\/wordpress\/plugins\/seo\/ -->\n<title>Contact | FOCUS Welding<\/title>\n<meta name=\"robots\" content=\"index, follow, max-snippet:-1, max-image-preview:large, max-video-preview:-1\" \/>\n<link rel=\"canonical\" href=\"https:\/\/www.focus-welding.com\/de\/contact\/\" \/>\n<meta property=\"og:locale\" content=\"de_DE\" \/>\n<meta property=\"og:type\" content=\"article\" \/>\n<meta property=\"og:title\" content=\"Contact | FOCUS Welding\" \/>\n<meta property=\"og:description\" content=\"Would you like to learn more about our systems, solutions and services?Please contact us directly or use the attached contact form and we will get in touch with you. Our International Sales Distributors Beijing Eberl Instruments Trading Co., Ltd. CKB Corporation MACK INTERNATIONAL Dylan James Scientific 3H Corporation Ltd. China Japan India United Kingdom South [&hellip;]\" \/>\n<meta property=\"og:url\" content=\"https:\/\/www.focus-welding.com\/de\/contact\/\" \/>\n<meta property=\"og:site_name\" content=\"FOCUS Welding\" \/>\n<meta property=\"article:modified_time\" content=\"2026-04-24T04:29:02+00:00\" \/>\n<meta property=\"og:image\" content=\"https:\/\/www.focus-welding.com\/wp-content\/uploads\/2023\/02\/L8_L95_L135_Ensemble2a-1024x444.png\" \/>\n\t<meta property=\"og:image:width\" content=\"1024\" \/>\n\t<meta property=\"og:image:height\" content=\"444\" \/>\n<meta name=\"twitter:card\" content=\"summary_large_image\" \/>\n<meta name=\"twitter:label1\" content=\"Verfasst von\">\n\t<meta name=\"twitter:data1\" content=\"cmerkel\">\n\t<meta name=\"twitter:label2\" content=\"Gesch\u00e4tzte Lesezeit\">\n\t<meta name=\"twitter:data2\" content=\"0\u00a0Minuten\">\n<script type=\"application\/ld+json\" class=\"yoast-schema-graph\">{\"@context\":\"https:\/\/schema.org\",\"@graph\":[{\"@type\":\"Organization\",\"@id\":\"https:\/\/www.focus-welding.com\/#organization\",\"name\":\"Focus GmbH\",\"url\":\"https:\/\/www.focus-welding.com\/\",\"sameAs\":[\"https:\/\/www.youtube.com\/user\/FOCUSGmbH\"],\"logo\":{\"@type\":\"ImageObject\",\"@id\":\"https:\/\/www.focus-welding.com\/#logo\",\"inLanguage\":\"de\",\"url\":\"https:\/\/www.focus-welding.com\/wp-content\/uploads\/2019\/03\/2014_FOCUS_NoGmbH_NoSlogan_web.png\",\"width\":414,\"height\":200,\"caption\":\"Focus GmbH\"},\"image\":{\"@id\":\"https:\/\/www.focus-welding.com\/#logo\"}},{\"@type\":\"WebSite\",\"@id\":\"https:\/\/www.focus-welding.com\/#website\",\"url\":\"https:\/\/www.focus-welding.com\/\",\"name\":\"FOCUS Welding\",\"description\":\"Electron Beam Welding and Laser-in-Vacuum Welding Machines\",\"publisher\":{\"@id\":\"https:\/\/www.focus-welding.com\/#organization\"},\"potentialAction\":[{\"@type\":\"SearchAction\",\"target\":\"https:\/\/www.focus-welding.com\/?s={search_term_string}\",\"query-input\":\"required name=search_term_string\"}],\"inLanguage\":\"de\"},{\"@type\":\"ImageObject\",\"@id\":\"https:\/\/www.focus-welding.com\/contact\/#primaryimage\",\"inLanguage\":\"de\",\"url\":\"https:\/\/www.focus-welding.com\/wp-content\/uploads\/2023\/02\/L8_L95_L135_Ensemble2a.png\",\"width\":3000,\"height\":1300},{\"@type\":\"WebPage\",\"@id\":\"https:\/\/www.focus-welding.com\/contact\/#webpage\",\"url\":\"https:\/\/www.focus-welding.com\/contact\/\",\"name\":\"Contact | FOCUS Welding\",\"isPartOf\":{\"@id\":\"https:\/\/www.focus-welding.com\/#website\"},\"primaryImageOfPage\":{\"@id\":\"https:\/\/www.focus-welding.com\/contact\/#primaryimage\"},\"datePublished\":\"2018-11-23T13:57:37+00:00\",\"dateModified\":\"2026-04-24T04:29:02+00:00\",\"inLanguage\":\"de\",\"potentialAction\":[{\"@type\":\"ReadAction\",\"target\":[\"https:\/\/www.focus-welding.com\/contact\/\"]}]}]}<\/script>\n<!-- \/ Yoast SEO Premium plugin. -->","_links":{"self":[{"href":"https:\/\/www.focus-welding.com\/de\/wp-json\/wp\/v2\/pages\/438","targetHints":{"allow":["GET"]}}],"collection":[{"href":"https:\/\/www.focus-welding.com\/de\/wp-json\/wp\/v2\/pages"}],"about":[{"href":"https:\/\/www.focus-welding.com\/de\/wp-json\/wp\/v2\/types\/page"}],"author":[{"embeddable":true,"href":"https:\/\/www.focus-welding.com\/de\/wp-json\/wp\/v2\/users\/7"}],"replies":[{"embeddable":true,"href":"https:\/\/www.focus-welding.com\/de\/wp-json\/wp\/v2\/comments?post=438"}],"version-history":[{"count":37,"href":"https:\/\/www.focus-welding.com\/de\/wp-json\/wp\/v2\/pages\/438\/revisions"}],"predecessor-version":[{"id":6399,"href":"https:\/\/www.focus-welding.com\/de\/wp-json\/wp\/v2\/pages\/438\/revisions\/6399"}],"wp:featuredmedia":[{"embeddable":true,"href":"https:\/\/www.focus-welding.com\/de\/wp-json\/wp\/v2\/media\/3050"}],"wp:attachment":[{"href":"https:\/\/www.focus-welding.com\/de\/wp-json\/wp\/v2\/media?parent=438"}],"curies":[{"name":"wp","href":"https:\/\/api.w.org\/{rel}","templated":true}]}}