{"id":541,"date":"2018-11-28T15:07:42","date_gmt":"2018-11-28T14:07:42","guid":{"rendered":"https:\/\/focusewelding.wpcomstaging.com\/?page_id=541"},"modified":"2023-05-08T08:23:32","modified_gmt":"2023-05-08T08:23:32","slug":"research-development","status":"publish","type":"page","link":"https:\/\/www.focus-welding.com\/de\/research-development\/","title":{"rendered":"Forschung &amp; Entwicklung"},"content":{"rendered":"<p>Mit Elektronen die Zukunft entdecken.<\/p>\n\n\n\n<h3 class=\"wp-block-heading\" id=\"h-open-system-architecture-for-innovative-ideas\">Offene Systemarchitektur f\u00fcr innovative Ideen<\/h3>\n\n\n\n<p>Der FOCUS MEBW-60 ist das perfekte Ger\u00e4t f\u00fcr Forschung und Entwicklung. Die Gr\u00fcnde sind vielf\u00e4ltig und reichen von:<\/p>\n\n\n\n<div style=\"height:25px\" aria-hidden=\"true\" class=\"wp-block-spacer\"><\/div>\n\n\n\n<div class=\"wp-block-cover alignfull is-light\" style=\"min-height:1px;aspect-ratio:unset;\"><span aria-hidden=\"true\" class=\"wp-block-cover__background has-background-dim-100 has-background-dim\" style=\"background-color:#eeeeee\"><\/span><div class=\"wp-block-cover__inner-container is-layout-flow wp-block-cover-is-layout-flow\">\n<div class=\"wp-block-columns alignfull is-layout-flex wp-container-core-columns-is-layout-9d6595d7 wp-block-columns-is-layout-flex\">\n<div class=\"wp-block-column is-layout-flow wp-block-column-is-layout-flow\" style=\"flex-basis:25%\"><\/div>\n\n\n\n<div class=\"wp-block-column is-layout-flow wp-block-column-is-layout-flow\" style=\"flex-basis:50%\">\n<div style=\"height:25px\" aria-hidden=\"true\" class=\"wp-block-spacer\"><\/div>\n\n\n\n<ul class=\"wp-block-list\">\n<li>kompakte Gr\u00f6\u00dfe und b\u00fcrotauglich<\/li>\n\n\n\n<li>M\u00f6glichkeit, alle Prozesse im SEM-Modus oder durch das Schauglas zu beobachten<\/li>\n\n\n\n<li>M\u00f6glichkeit zum einfachen Hinzuf\u00fcgen von Messinstrumenten<\/li>\n\n\n\n<li>sehr flexibel in Bezug auf Parameterbereich und Werkst\u00fcckgr\u00f6\u00dfe<\/li>\n\n\n\n<li>nahezu beliebige W\u00e4rmefelder, W\u00e4rmegradienten auf einer Probe zu erzeugen oder die Oberfl\u00e4che lokal zu modifizieren<\/li>\n<\/ul>\n\n\n\n<div style=\"height:25px\" aria-hidden=\"true\" class=\"wp-block-spacer\"><\/div>\n<\/div>\n\n\n\n<div class=\"wp-block-column is-layout-flow wp-block-column-is-layout-flow\" style=\"flex-basis:25%\"><\/div>\n<\/div>\n<\/div><\/div>\n\n\n\n<div style=\"height:25px\" aria-hidden=\"true\" class=\"wp-block-spacer\"><\/div>\n\n\n\n<p>Die selbst gesetzten hohen Standards, die f\u00fcr unsere Maschinen und Dienstleistungen gelten, k\u00f6nnen nur durch eine enge Vernetzung mit nationalen und internationalen Universit\u00e4ten und anderen Forschungseinrichtungen erf\u00fcllt werden.<\/p>\n\n\n\n<p>Zus\u00e4tzlich arbeiten wir in \u00f6ffentlich gef\u00f6rderten Projekten des Deutschen Verbandes f\u00fcr Schwei\u00dfen und verwandte Verfahren (DVS) mit. Dies stellt sicher, dass unsere Maschinen und die Elektronenstrahlverfahren immer auf dem neuesten Stand der Technik und von zentralem Interesse f\u00fcr den Anwender sind.<\/p>\n\n\n\n<p>Unsere engen Partner sind:<\/p>\n\n\n\n<div class=\"wp-block-columns has-2-columns is-layout-flex wp-container-core-columns-is-layout-9d6595d7 wp-block-columns-is-layout-flex\">\n<div class=\"wp-block-column is-layout-flow wp-block-column-is-layout-flow\">\n<figure class=\"wp-block-image\"><img loading=\"lazy\" decoding=\"async\" width=\"250\" height=\"100\" src=\"https:\/\/www.focus-welding.com\/wp-content\/uploads\/2019\/02\/stacks_image_67481.jpg\" alt=\"\" class=\"wp-image-708\"\/><\/figure>\n<\/div>\n\n\n\n<div class=\"wp-block-column is-layout-flow wp-block-column-is-layout-flow\">\n<figure class=\"wp-block-image\"><a href=\"https:\/\/www.isf.rwth-aachen.de\/cms\/isf\/Forschung\/Forschungsbereiche\/~jjxf\/Strahlschweissen\/lidx\/1\/\" target=\"_blank\" rel=\"noreferrer noopener\"><img loading=\"lazy\" decoding=\"async\" width=\"697\" height=\"99\" src=\"https:\/\/www.focus-welding.com\/wp-content\/uploads\/2019\/03\/ISF_web.jpg\" alt=\"\" class=\"wp-image-1743\" srcset=\"https:\/\/www.focus-welding.com\/wp-content\/uploads\/2019\/03\/ISF_web.jpg 697w, https:\/\/www.focus-welding.com\/wp-content\/uploads\/2019\/03\/ISF_web-300x43.jpg 300w, https:\/\/www.focus-welding.com\/wp-content\/uploads\/2019\/03\/ISF_web-500x71.jpg 500w\" sizes=\"auto, (max-width: 697px) 100vw, 697px\" \/><\/a><\/figure>\n<\/div>\n<\/div>\n\n\n\n<div style=\"height:25px\" aria-hidden=\"true\" class=\"wp-block-spacer\"><\/div>","protected":false},"excerpt":{"rendered":"<p>Discover the future with electrons. Open system architecture for innovative ideas The FOCUS POWERBEAM and LaVa are the perfect instrument for research and development. The reasons are multifaceted and range from: The self-provided high standards which apply to our machines and services can only live up with a tight networking to national and international universities [&hellip;]<\/p>","protected":false},"author":7,"featured_media":1704,"parent":0,"menu_order":0,"comment_status":"closed","ping_status":"closed","template":"","meta":{"_themeisle_gutenberg_block_has_review":false,"footnotes":""},"class_list":["post-541","page","type-page","status-publish","has-post-thumbnail","hentry"],"yoast_head":"<!-- This site is optimized with the Yoast SEO Premium plugin v15.2.1 - https:\/\/yoast.com\/wordpress\/plugins\/seo\/ -->\n<title>Research &amp; Development | FOCUS Welding<\/title>\n<meta name=\"robots\" content=\"index, follow, max-snippet:-1, max-image-preview:large, max-video-preview:-1\" \/>\n<link rel=\"canonical\" href=\"https:\/\/www.focus-welding.com\/de\/research-development\/\" \/>\n<meta property=\"og:locale\" content=\"de_DE\" \/>\n<meta property=\"og:type\" content=\"article\" \/>\n<meta property=\"og:title\" content=\"Research &amp; Development | FOCUS Welding\" \/>\n<meta property=\"og:description\" content=\"Discover the future with electrons. Open system architecture for innovative ideas The FOCUS POWERBEAM and LaVa are the perfect instrument for research and development. The reasons are multifaceted and range from: The self-provided high standards which apply to our machines and services can only live up with a tight networking to national and international universities [&hellip;]\" \/>\n<meta property=\"og:url\" content=\"https:\/\/www.focus-welding.com\/de\/research-development\/\" \/>\n<meta property=\"og:site_name\" content=\"FOCUS Welding\" \/>\n<meta property=\"article:modified_time\" content=\"2023-05-08T08:23:32+00:00\" \/>\n<meta property=\"og:image\" content=\"https:\/\/www.focus-welding.com\/wp-content\/uploads\/2019\/03\/RQ0A4738-1@05x.png\" \/>\n\t<meta property=\"og:image:width\" content=\"1500\" \/>\n\t<meta property=\"og:image:height\" content=\"1000\" \/>\n<meta name=\"twitter:card\" content=\"summary_large_image\" \/>\n<meta name=\"twitter:label1\" content=\"Verfasst von\">\n\t<meta name=\"twitter:data1\" content=\"cmerkel\">\n\t<meta name=\"twitter:label2\" content=\"Gesch\u00e4tzte Lesezeit\">\n\t<meta name=\"twitter:data2\" content=\"1\u00a0Minute\">\n<script type=\"application\/ld+json\" class=\"yoast-schema-graph\">{\"@context\":\"https:\/\/schema.org\",\"@graph\":[{\"@type\":\"Organization\",\"@id\":\"https:\/\/www.focus-welding.com\/#organization\",\"name\":\"Focus GmbH\",\"url\":\"https:\/\/www.focus-welding.com\/\",\"sameAs\":[\"https:\/\/www.youtube.com\/user\/FOCUSGmbH\"],\"logo\":{\"@type\":\"ImageObject\",\"@id\":\"https:\/\/www.focus-welding.com\/#logo\",\"inLanguage\":\"de\",\"url\":\"https:\/\/www.focus-welding.com\/wp-content\/uploads\/2019\/03\/2014_FOCUS_NoGmbH_NoSlogan_web.png\",\"width\":414,\"height\":200,\"caption\":\"Focus GmbH\"},\"image\":{\"@id\":\"https:\/\/www.focus-welding.com\/#logo\"}},{\"@type\":\"WebSite\",\"@id\":\"https:\/\/www.focus-welding.com\/#website\",\"url\":\"https:\/\/www.focus-welding.com\/\",\"name\":\"FOCUS Welding\",\"description\":\"Electron Beam Welding and Laser-in-Vacuum Welding Machines\",\"publisher\":{\"@id\":\"https:\/\/www.focus-welding.com\/#organization\"},\"potentialAction\":[{\"@type\":\"SearchAction\",\"target\":\"https:\/\/www.focus-welding.com\/?s={search_term_string}\",\"query-input\":\"required name=search_term_string\"}],\"inLanguage\":\"de\"},{\"@type\":\"ImageObject\",\"@id\":\"https:\/\/www.focus-welding.com\/research-development\/#primaryimage\",\"inLanguage\":\"de\",\"url\":\"https:\/\/www.focus-welding.com\/wp-content\/uploads\/2019\/03\/RQ0A4738-1@05x.png\",\"width\":1500,\"height\":1000},{\"@type\":\"WebPage\",\"@id\":\"https:\/\/www.focus-welding.com\/research-development\/#webpage\",\"url\":\"https:\/\/www.focus-welding.com\/research-development\/\",\"name\":\"Research & Development | FOCUS Welding\",\"isPartOf\":{\"@id\":\"https:\/\/www.focus-welding.com\/#website\"},\"primaryImageOfPage\":{\"@id\":\"https:\/\/www.focus-welding.com\/research-development\/#primaryimage\"},\"datePublished\":\"2018-11-28T14:07:42+00:00\",\"dateModified\":\"2023-05-08T08:23:32+00:00\",\"inLanguage\":\"de\",\"potentialAction\":[{\"@type\":\"ReadAction\",\"target\":[\"https:\/\/www.focus-welding.com\/research-development\/\"]}]}]}<\/script>\n<!-- \/ Yoast SEO Premium plugin. -->","_links":{"self":[{"href":"https:\/\/www.focus-welding.com\/de\/wp-json\/wp\/v2\/pages\/541","targetHints":{"allow":["GET"]}}],"collection":[{"href":"https:\/\/www.focus-welding.com\/de\/wp-json\/wp\/v2\/pages"}],"about":[{"href":"https:\/\/www.focus-welding.com\/de\/wp-json\/wp\/v2\/types\/page"}],"author":[{"embeddable":true,"href":"https:\/\/www.focus-welding.com\/de\/wp-json\/wp\/v2\/users\/7"}],"replies":[{"embeddable":true,"href":"https:\/\/www.focus-welding.com\/de\/wp-json\/wp\/v2\/comments?post=541"}],"version-history":[{"count":18,"href":"https:\/\/www.focus-welding.com\/de\/wp-json\/wp\/v2\/pages\/541\/revisions"}],"predecessor-version":[{"id":4854,"href":"https:\/\/www.focus-welding.com\/de\/wp-json\/wp\/v2\/pages\/541\/revisions\/4854"}],"wp:featuredmedia":[{"embeddable":true,"href":"https:\/\/www.focus-welding.com\/de\/wp-json\/wp\/v2\/media\/1704"}],"wp:attachment":[{"href":"https:\/\/www.focus-welding.com\/de\/wp-json\/wp\/v2\/media?parent=541"}],"curies":[{"name":"wp","href":"https:\/\/api.w.org\/{rel}","templated":true}]}}