{"id":572,"date":"2018-12-06T09:47:56","date_gmt":"2018-12-06T08:47:56","guid":{"rendered":"https:\/\/focusewelding.wpcomstaging.com\/?page_id=572"},"modified":"2023-11-27T09:41:30","modified_gmt":"2023-11-27T09:41:30","slug":"joining-technologies","status":"publish","type":"page","link":"https:\/\/www.focus-welding.com\/de\/joining-technologies\/","title":{"rendered":"F\u00fcgetechnologien"},"content":{"rendered":"<div class=\"wp-block-columns is-layout-flex wp-container-core-columns-is-layout-9d6595d7 wp-block-columns-is-layout-flex\">\n<div class=\"wp-block-column is-layout-flow wp-block-column-is-layout-flow\" style=\"flex-basis:100%\">\n<h2 class=\"wp-block-heading\" id=\"h-electron-beam-welding\">Elektronenstrahl<\/h2>\n\n\n\n<p>Das Elektronenstrahlschwei\u00dfen ist den Strahlschwei\u00dfverfahren in DIN EN 14610 zugeordnet. Nach DIN 8580 und DIN 8593-6 ist es in der Untergruppe 4.6.2.5 dem Schmelzschwei\u00dfen mit Strahlen zugeordnet.<br><br>Der Elektronenstrahl ist ein etabliertes Werkzeug zur Materialbearbeitung bei Schmelz-, Bohr- und Schwei\u00dfprozessen. Beim thermischen F\u00fcgen sind die verfahrensspezifischen Eigenschaften, wie die hohe Leistungsdichte von etwa 107 W\/cm-2 im Strahlfokus, der hohe Wirkungsgrad und die Prozessumgebung bei einem reduzierten Umgebungsdruck von &gt; 10-4 mbar zu nennen.<sup>-2<\/sup> in the beam focus, the high efficiency and the process environment at a reduced ambient pressure of &gt;  10<sup>-4<\/sup> mbar are to call.<br><br>Die daraus resultierenden technischen Vorteile gegen\u00fcber anderen Schmelzschwei\u00dfverfahren sind sehr gute Oberfl\u00e4cheneigenschaften der Schwei\u00dfnaht, ein geringer Bauteilverzug und eine gute Beherrschung der Strahlparameter.<\/p>\n<\/div>\n<\/div>\n\n\n\n<div style=\"height:25px\" aria-hidden=\"true\" class=\"wp-block-spacer\"><\/div>\n\n\n\n<h2 class=\"wp-block-heading\" id=\"h-deep-penetration-welding\">Tiefschwei\u00dfen<\/h2>\n\n\n\n<div class=\"wp-block-columns is-layout-flex wp-container-core-columns-is-layout-9d6595d7 wp-block-columns-is-layout-flex\">\n<div class=\"wp-block-column is-layout-flow wp-block-column-is-layout-flow\" style=\"flex-basis:100%\">\n<p>Wenn Elektronen mit einer Geschwindigkeit von bis zu 2\/3 der Lichtgeschwindigkeit auf die Werkst\u00fcckoberfl\u00e4che treffen, \u00fcbertragen sie ihre kinetische Energie in W\u00e4rme. Durch die hohe Leistungsdichte des Strahls schmilzt das Material und verdampft. Der entstehende Dampf wird \u00fcberhitzt (ca. 2700K) und der Druck ist so hoch, dass das Material nach unten und zur Seite gedr\u00fcckt wird. So kann der Elektronenstrahl auf festes Material auftreffen und dieses weiter erhitzen. Dadurch bildet sich eine Kapillare, die in ihrem Kern aus \u00fcberhitztem Dampf besteht und von einer d\u00fcnnen Schicht geschmolzenen Metalls umgeben ist. <br><br>Die Bildung dieses Dampfkanals ist der Grund f\u00fcr das typische Aussehen der Elektronenstrahlschwei\u00dfn\u00e4hte. An dieser Stelle sollte erw\u00e4hnt werden, dass dieser so genannte Tiefschwei\u00df-Effekt bei jedem Metall funktioniert. Selbst bei Metallen, die hohe Schmelztemperaturen wie Wolfram und Platin oder eine hohe W\u00e4rmeleitf\u00e4higkeit wie Gold, Kupfer und Aluminium haben.<\/p>\n<\/div>\n<\/div>\n\n\n\n<div class=\"wp-block-columns has-3-columns is-layout-flex wp-container-core-columns-is-layout-9d6595d7 wp-block-columns-is-layout-flex\">\n<div class=\"wp-block-column is-layout-flow wp-block-column-is-layout-flow\">\n<figure class=\"wp-block-image\"><a href=\"https:\/\/www.focus-welding.com\/wp-content\/uploads\/2018\/12\/deep20penetration20welding201.jpg\" target=\"_blank\" rel=\"noreferrer noopener\"><img loading=\"lazy\" decoding=\"async\" width=\"768\" height=\"600\" src=\"https:\/\/www.focus-welding.com\/wp-content\/uploads\/2018\/12\/deep20penetration20welding201.jpg\" alt=\"\" class=\"wp-image-766\" srcset=\"https:\/\/www.focus-welding.com\/wp-content\/uploads\/2018\/12\/deep20penetration20welding201.jpg 768w, https:\/\/www.focus-welding.com\/wp-content\/uploads\/2018\/12\/deep20penetration20welding201-300x234.jpg 300w\" sizes=\"auto, (max-width: 768px) 100vw, 768px\" \/><\/a><figcaption class=\"wp-element-caption\">\n\t\t\t\t\t\t<\/figcaption><\/figure>\n<\/div>\n\n\n\n<div class=\"wp-block-column is-layout-flow wp-block-column-is-layout-flow\">\n<figure class=\"wp-block-image\"><a href=\"https:\/\/www.focus-welding.com\/wp-content\/uploads\/2018\/12\/deep20penetration20welding202.jpg\" target=\"_blank\" rel=\"noreferrer noopener\"><img loading=\"lazy\" decoding=\"async\" width=\"768\" height=\"600\" src=\"https:\/\/www.focus-welding.com\/wp-content\/uploads\/2018\/12\/deep20penetration20welding202.jpg?w=768\" alt=\"\" class=\"wp-image-767\" srcset=\"https:\/\/www.focus-welding.com\/wp-content\/uploads\/2018\/12\/deep20penetration20welding202.jpg 768w, https:\/\/www.focus-welding.com\/wp-content\/uploads\/2018\/12\/deep20penetration20welding202-300x234.jpg 300w\" sizes=\"auto, (max-width: 768px) 100vw, 768px\" \/><\/a><\/figure>\n<\/div>\n\n\n\n<div class=\"wp-block-column is-layout-flow wp-block-column-is-layout-flow\">\n<figure class=\"wp-block-image\"><a href=\"https:\/\/www.focus-welding.com\/wp-content\/uploads\/2018\/12\/deep20penetration20welding203.jpg\" target=\"_blank\" rel=\"noreferrer noopener\"><img loading=\"lazy\" decoding=\"async\" width=\"768\" height=\"600\" src=\"https:\/\/www.focus-welding.com\/wp-content\/uploads\/2018\/12\/deep20penetration20welding203.jpg?w=768\" alt=\"\" class=\"wp-image-768\" srcset=\"https:\/\/www.focus-welding.com\/wp-content\/uploads\/2018\/12\/deep20penetration20welding203.jpg 768w, https:\/\/www.focus-welding.com\/wp-content\/uploads\/2018\/12\/deep20penetration20welding203-300x234.jpg 300w\" sizes=\"auto, (max-width: 768px) 100vw, 768px\" \/><\/a><\/figure>\n<\/div>\n<\/div>\n\n\n\n<div style=\"height:25px\" aria-hidden=\"true\" class=\"wp-block-spacer\"><\/div>\n\n\n\n<h2 class=\"wp-block-heading\" id=\"h-dissimilar-welding\">Schwei\u00dfen ungleicher Werkstoffe<\/h2>\n\n\n\n<div class=\"wp-block-columns is-layout-flex wp-container-core-columns-is-layout-9d6595d7 wp-block-columns-is-layout-flex\">\n<div class=\"wp-block-column is-layout-flow wp-block-column-is-layout-flow\" style=\"flex-basis:100%\">\n<p>Das Elektronenstrahlschwei\u00dfen ist eines der in der Industrie weit verbreiteten Verfahren zum Verbinden unterschiedlicher Materialien. Aufgrund des sehr feinen Strahls und der M\u00f6glichkeit einer exakten Strahlpositionierung im SEM-Modus kann die Zusammensetzung der Schmelze kontrolliert werden. Dadurch wird ein unvollst\u00e4ndiges Verschmelzen der Seitenw\u00e4nde und ein unkontrolliertes Wachstum der intermetallischen Phasen, das zu Rissen f\u00fchren w\u00fcrde, vermieden. In den folgenden Bildern sind einige Beispiele f\u00fcr  Schwei\u00dfn\u00e4hte an unterschiedlichen Metallen zu sehen: Aluminium zu Kupfer, Aluminium zu Stahl, Edelstahl zu Kovar und Nickelbasislegierung zu Kohlenstoffstahl. <\/p>\n<\/div>\n<\/div>\n\n\n\n<div class=\"wp-block-columns has-2-columns is-layout-flex wp-container-core-columns-is-layout-9d6595d7 wp-block-columns-is-layout-flex\">\n<div class=\"wp-block-column is-layout-flow wp-block-column-is-layout-flow\">\n<figure class=\"wp-block-image\"><a href=\"https:\/\/www.focus-welding.com\/wp-content\/uploads\/2018\/12\/dissimilar-welding.jpg\" target=\"_blank\" rel=\"noreferrer noopener\"><img loading=\"lazy\" decoding=\"async\" width=\"800\" height=\"624\" src=\"https:\/\/www.focus-welding.com\/wp-content\/uploads\/2018\/12\/dissimilar-welding.jpg?w=800\" alt=\"\" class=\"wp-image-564\" srcset=\"https:\/\/www.focus-welding.com\/wp-content\/uploads\/2018\/12\/dissimilar-welding.jpg 800w, https:\/\/www.focus-welding.com\/wp-content\/uploads\/2018\/12\/dissimilar-welding-300x234.jpg 300w, https:\/\/www.focus-welding.com\/wp-content\/uploads\/2018\/12\/dissimilar-welding-768x599.jpg 768w\" sizes=\"auto, (max-width: 800px) 100vw, 800px\" \/><\/a><\/figure>\n<\/div>\n\n\n\n<div class=\"wp-block-column is-layout-flow wp-block-column-is-layout-flow\">\n<figure class=\"wp-block-image\"><a href=\"https:\/\/www.focus-welding.com\/wp-content\/uploads\/2019\/02\/steel-ni20dissimilar20weld1.jpg\" target=\"_blank\" rel=\"noreferrer noopener\"><img loading=\"lazy\" decoding=\"async\" width=\"768\" height=\"600\" src=\"https:\/\/www.focus-welding.com\/wp-content\/uploads\/2019\/02\/steel-ni20dissimilar20weld1.jpg?w=768\" alt=\"\" class=\"wp-image-706\" srcset=\"https:\/\/www.focus-welding.com\/wp-content\/uploads\/2019\/02\/steel-ni20dissimilar20weld1.jpg 768w, https:\/\/www.focus-welding.com\/wp-content\/uploads\/2019\/02\/steel-ni20dissimilar20weld1-300x234.jpg 300w\" sizes=\"auto, (max-width: 768px) 100vw, 768px\" \/><\/a><\/figure>\n<\/div>\n<\/div>\n\n\n\n<div class=\"wp-block-columns has-2-columns is-layout-flex wp-container-core-columns-is-layout-9d6595d7 wp-block-columns-is-layout-flex\">\n<div class=\"wp-block-column is-layout-flow wp-block-column-is-layout-flow\">\n<figure class=\"wp-block-image\"><a href=\"https:\/\/www.focus-welding.com\/wp-content\/uploads\/2019\/02\/al-cu20dissimilar20weld1.jpg\" target=\"_blank\" rel=\"noreferrer noopener\"><img loading=\"lazy\" decoding=\"async\" width=\"768\" height=\"600\" src=\"https:\/\/www.focus-welding.com\/wp-content\/uploads\/2019\/02\/al-cu20dissimilar20weld1.jpg?w=768\" alt=\"\" class=\"wp-image-705\" srcset=\"https:\/\/www.focus-welding.com\/wp-content\/uploads\/2019\/02\/al-cu20dissimilar20weld1.jpg 768w, https:\/\/www.focus-welding.com\/wp-content\/uploads\/2019\/02\/al-cu20dissimilar20weld1-300x234.jpg 300w\" sizes=\"auto, (max-width: 768px) 100vw, 768px\" \/><\/a><\/figure>\n<\/div>\n\n\n\n<div class=\"wp-block-column is-layout-flow wp-block-column-is-layout-flow\">\n<figure class=\"wp-block-image\"><a href=\"https:\/\/www.focus-welding.com\/wp-content\/uploads\/2019\/02\/al-steel20dissimilar20weld1.jpg\" target=\"_blank\" rel=\"noreferrer noopener\"><img loading=\"lazy\" decoding=\"async\" width=\"768\" height=\"600\" src=\"https:\/\/www.focus-welding.com\/wp-content\/uploads\/2019\/02\/al-steel20dissimilar20weld1.jpg?w=768\" alt=\"\" class=\"wp-image-707\" srcset=\"https:\/\/www.focus-welding.com\/wp-content\/uploads\/2019\/02\/al-steel20dissimilar20weld1.jpg 768w, https:\/\/www.focus-welding.com\/wp-content\/uploads\/2019\/02\/al-steel20dissimilar20weld1-300x234.jpg 300w\" sizes=\"auto, (max-width: 768px) 100vw, 768px\" \/><\/a><\/figure>\n<\/div>\n<\/div>\n\n\n\n<div style=\"height:25px\" aria-hidden=\"true\" class=\"wp-block-spacer\"><\/div>\n\n\n\n<h2 class=\"wp-block-heading\" id=\"h-multiple-beam-technique\">Mehrstrahltechnik<\/h2>\n\n\n\n<div class=\"wp-block-columns is-layout-flex wp-container-core-columns-is-layout-9d6595d7 wp-block-columns-is-layout-flex\">\n<div class=\"wp-block-column is-layout-flow wp-block-column-is-layout-flow\" style=\"flex-basis:100%\">\n<p>Der Elektronenstrahl kann mit Magnetspulen mit bis zu 100kHz und einer Positionsgenauigkeit von unter 30 \u00b5m abgelenkt werden. Dies erm\u00f6glicht es, das Werkst\u00fcck in verschiedenen Bereichen gleichzeitig zu durchdringen.\nDies ist im Grunde die Technik, die hinter allen Oberfl\u00e4chenmodifikationsverfahren steht, kann aber auch zum Vor- oder Nachw\u00e4rmen eines Werkst\u00fccks verwendet werden.<br>This is basically the technique behind all surface modification processes but can also be used to pre- or post-heat a workpiece.<br>Eine weitere Anwendung ist das Schwei\u00dfen von Radialverbindungen. Durch die Mehrstrahltechnik ist es m\u00f6glich, den Verzug zu minimieren oder sogar zu vermeiden.<\/p>\n<\/div>\n<\/div>\n\n\n\n<div class=\"wp-block-columns has-2-columns is-layout-flex wp-container-core-columns-is-layout-9d6595d7 wp-block-columns-is-layout-flex\">\n<div class=\"wp-block-column is-layout-flow wp-block-column-is-layout-flow\">\n<figure class=\"wp-block-image\"><a href=\"https:\/\/www.focus-welding.com\/wp-content\/uploads\/2019\/03\/Multiple-Beam-Technique-1.jpg\" target=\"_blank\" rel=\"noreferrer noopener\"><img loading=\"lazy\" decoding=\"async\" width=\"768\" height=\"600\" src=\"https:\/\/www.focus-welding.com\/wp-content\/uploads\/2019\/03\/Multiple-Beam-Technique-1.jpg\" alt=\"\" class=\"wp-image-1465\" srcset=\"https:\/\/www.focus-welding.com\/wp-content\/uploads\/2019\/03\/Multiple-Beam-Technique-1.jpg 768w, https:\/\/www.focus-welding.com\/wp-content\/uploads\/2019\/03\/Multiple-Beam-Technique-1-300x234.jpg 300w, https:\/\/www.focus-welding.com\/wp-content\/uploads\/2019\/03\/Multiple-Beam-Technique-1-500x391.jpg 500w\" sizes=\"auto, (max-width: 768px) 100vw, 768px\" \/><\/a><\/figure>\n<\/div>\n\n\n\n<div class=\"wp-block-column is-layout-flow wp-block-column-is-layout-flow\">\n<figure class=\"wp-block-image\"><a href=\"https:\/\/www.focus-welding.com\/wp-content\/uploads\/2019\/03\/Multiple-Beam-Technique-12-Spots.jpg\" target=\"_blank\" rel=\"noreferrer noopener\"><img loading=\"lazy\" decoding=\"async\" width=\"768\" height=\"600\" src=\"https:\/\/www.focus-welding.com\/wp-content\/uploads\/2019\/03\/Multiple-Beam-Technique-12-Spots.jpg\" alt=\"\" class=\"wp-image-1466\" srcset=\"https:\/\/www.focus-welding.com\/wp-content\/uploads\/2019\/03\/Multiple-Beam-Technique-12-Spots.jpg 768w, https:\/\/www.focus-welding.com\/wp-content\/uploads\/2019\/03\/Multiple-Beam-Technique-12-Spots-300x234.jpg 300w, https:\/\/www.focus-welding.com\/wp-content\/uploads\/2019\/03\/Multiple-Beam-Technique-12-Spots-500x391.jpg 500w\" sizes=\"auto, (max-width: 768px) 100vw, 768px\" \/><\/a><\/figure>\n<\/div>\n<\/div>\n\n\n\n<div style=\"height:25px\" aria-hidden=\"true\" class=\"wp-block-spacer\"><\/div>\n\n\n\n<h2 class=\"wp-block-heading\" id=\"h-eb-brazing\">EB-L\u00f6ten<\/h2>\n\n\n\n<div class=\"wp-block-columns is-layout-flex wp-container-core-columns-is-layout-9d6595d7 wp-block-columns-is-layout-flex\">\n<div class=\"wp-block-column is-layout-flow wp-block-column-is-layout-flow\" style=\"flex-basis:100%\">\n<p>Das Elektronenstrahlhartl\u00f6ten verbindet die hohe Qualit\u00e4t des Vakuumofenl\u00f6tens mit der hohen Produktivit\u00e4t des Laserhartl\u00f6tens. Insbesondere beim L\u00f6ten von unterschiedlichen Werkstoffen, wie z.B. TiAl mit Kohlenstoffstahl, k\u00f6nnen die Synergieeffekte eines guten Benetzungsverhaltens und eines selektiven W\u00e4rmeeintrags genutzt werden.<\/p>\n<\/div>\n<\/div>\n\n\n\n<div style=\"height:100px\" aria-hidden=\"true\" class=\"wp-block-spacer\"><\/div>","protected":false},"excerpt":{"rendered":"<p>Electron Beam Welding Electron beam welding is associated with the beam welding methods in DIN EN 14610. According to DIN 8580 and DIN 8593-6 it is classified in the subgroup 4.6.2.5 as fusion welding by radiation. The electron beam is an established tool for material processing in melting, drilling and welding processes. During thermal joining [&hellip;]<\/p>","protected":false},"author":7,"featured_media":939,"parent":0,"menu_order":0,"comment_status":"closed","ping_status":"closed","template":"","meta":{"_themeisle_gutenberg_block_has_review":false,"footnotes":""},"class_list":["post-572","page","type-page","status-publish","has-post-thumbnail","hentry"],"yoast_head":"<!-- This site is optimized with the Yoast SEO Premium plugin v15.2.1 - https:\/\/yoast.com\/wordpress\/plugins\/seo\/ -->\n<title>Joining Technologies | FOCUS Welding<\/title>\n<meta name=\"robots\" content=\"index, follow, max-snippet:-1, max-image-preview:large, max-video-preview:-1\" \/>\n<link rel=\"canonical\" href=\"https:\/\/www.focus-welding.com\/de\/joining-technologies\/\" \/>\n<meta property=\"og:locale\" content=\"de_DE\" \/>\n<meta property=\"og:type\" content=\"article\" \/>\n<meta property=\"og:title\" content=\"Joining Technologies | FOCUS Welding\" \/>\n<meta property=\"og:description\" content=\"Electron Beam Welding Electron beam welding is associated with the beam welding methods in DIN EN 14610. According to DIN 8580 and DIN 8593-6 it is classified in the subgroup 4.6.2.5 as fusion welding by radiation. The electron beam is an established tool for material processing in melting, drilling and welding processes. During thermal joining [&hellip;]\" \/>\n<meta property=\"og:url\" content=\"https:\/\/www.focus-welding.com\/de\/joining-technologies\/\" \/>\n<meta property=\"og:site_name\" content=\"FOCUS Welding\" \/>\n<meta property=\"article:modified_time\" content=\"2023-11-27T09:41:30+00:00\" \/>\n<meta property=\"og:image\" content=\"https:\/\/www.focus-welding.com\/wp-content\/uploads\/2019\/02\/Multib2.jpg\" \/>\n\t<meta property=\"og:image:width\" content=\"1024\" \/>\n\t<meta property=\"og:image:height\" content=\"512\" \/>\n<meta name=\"twitter:card\" content=\"summary_large_image\" \/>\n<meta name=\"twitter:label1\" content=\"Verfasst von\">\n\t<meta name=\"twitter:data1\" content=\"cmerkel\">\n\t<meta name=\"twitter:label2\" content=\"Gesch\u00e4tzte Lesezeit\">\n\t<meta name=\"twitter:data2\" content=\"2\u00a0Minuten\">\n<script type=\"application\/ld+json\" class=\"yoast-schema-graph\">{\"@context\":\"https:\/\/schema.org\",\"@graph\":[{\"@type\":\"Organization\",\"@id\":\"https:\/\/www.focus-welding.com\/#organization\",\"name\":\"Focus GmbH\",\"url\":\"https:\/\/www.focus-welding.com\/\",\"sameAs\":[\"https:\/\/www.youtube.com\/user\/FOCUSGmbH\"],\"logo\":{\"@type\":\"ImageObject\",\"@id\":\"https:\/\/www.focus-welding.com\/#logo\",\"inLanguage\":\"de\",\"url\":\"https:\/\/www.focus-welding.com\/wp-content\/uploads\/2019\/03\/2014_FOCUS_NoGmbH_NoSlogan_web.png\",\"width\":414,\"height\":200,\"caption\":\"Focus GmbH\"},\"image\":{\"@id\":\"https:\/\/www.focus-welding.com\/#logo\"}},{\"@type\":\"WebSite\",\"@id\":\"https:\/\/www.focus-welding.com\/#website\",\"url\":\"https:\/\/www.focus-welding.com\/\",\"name\":\"FOCUS Welding\",\"description\":\"Electron Beam Welding and Laser-in-Vacuum Welding Machines\",\"publisher\":{\"@id\":\"https:\/\/www.focus-welding.com\/#organization\"},\"potentialAction\":[{\"@type\":\"SearchAction\",\"target\":\"https:\/\/www.focus-welding.com\/?s={search_term_string}\",\"query-input\":\"required name=search_term_string\"}],\"inLanguage\":\"de\"},{\"@type\":\"ImageObject\",\"@id\":\"https:\/\/www.focus-welding.com\/joining-technologies\/#primaryimage\",\"inLanguage\":\"de\",\"url\":\"https:\/\/www.focus-welding.com\/wp-content\/uploads\/2019\/02\/Multib2.jpg\",\"width\":1024,\"height\":512,\"caption\":\"\"},{\"@type\":\"WebPage\",\"@id\":\"https:\/\/www.focus-welding.com\/joining-technologies\/#webpage\",\"url\":\"https:\/\/www.focus-welding.com\/joining-technologies\/\",\"name\":\"Joining Technologies | FOCUS Welding\",\"isPartOf\":{\"@id\":\"https:\/\/www.focus-welding.com\/#website\"},\"primaryImageOfPage\":{\"@id\":\"https:\/\/www.focus-welding.com\/joining-technologies\/#primaryimage\"},\"datePublished\":\"2018-12-06T08:47:56+00:00\",\"dateModified\":\"2023-11-27T09:41:30+00:00\",\"inLanguage\":\"de\",\"potentialAction\":[{\"@type\":\"ReadAction\",\"target\":[\"https:\/\/www.focus-welding.com\/joining-technologies\/\"]}]}]}<\/script>\n<!-- \/ Yoast SEO Premium plugin. -->","_links":{"self":[{"href":"https:\/\/www.focus-welding.com\/de\/wp-json\/wp\/v2\/pages\/572","targetHints":{"allow":["GET"]}}],"collection":[{"href":"https:\/\/www.focus-welding.com\/de\/wp-json\/wp\/v2\/pages"}],"about":[{"href":"https:\/\/www.focus-welding.com\/de\/wp-json\/wp\/v2\/types\/page"}],"author":[{"embeddable":true,"href":"https:\/\/www.focus-welding.com\/de\/wp-json\/wp\/v2\/users\/7"}],"replies":[{"embeddable":true,"href":"https:\/\/www.focus-welding.com\/de\/wp-json\/wp\/v2\/comments?post=572"}],"version-history":[{"count":15,"href":"https:\/\/www.focus-welding.com\/de\/wp-json\/wp\/v2\/pages\/572\/revisions"}],"predecessor-version":[{"id":5152,"href":"https:\/\/www.focus-welding.com\/de\/wp-json\/wp\/v2\/pages\/572\/revisions\/5152"}],"wp:featuredmedia":[{"embeddable":true,"href":"https:\/\/www.focus-welding.com\/de\/wp-json\/wp\/v2\/media\/939"}],"wp:attachment":[{"href":"https:\/\/www.focus-welding.com\/de\/wp-json\/wp\/v2\/media?parent=572"}],"curies":[{"name":"wp","href":"https:\/\/api.w.org\/{rel}","templated":true}]}}