{"id":6096,"date":"2024-08-13T12:04:54","date_gmt":"2024-08-13T12:04:54","guid":{"rendered":"https:\/\/www.focus-welding.com\/?page_id=6096"},"modified":"2024-08-16T14:46:48","modified_gmt":"2024-08-16T14:46:48","slug":"welding-as-a-service","status":"publish","type":"page","link":"https:\/\/www.focus-welding.com\/de\/welding-as-a-service\/","title":{"rendered":"Anspruchsvollstes SCHWEISSEN als Dienstleistung - Elektronenstrahl- und Laser-In-Vacuum Job-Shop"},"content":{"rendered":"<div style=\"height:25px\" aria-hidden=\"true\" class=\"wp-block-spacer\"><\/div>\n\n\n\n<div class=\"wp-block-columns alignfull is-layout-flex wp-container-core-columns-is-layout-9d6595d7 wp-block-columns-is-layout-flex\">\n<div class=\"wp-block-column is-layout-flow wp-block-column-is-layout-flow\" style=\"flex-basis:25%\"><\/div>\n\n\n\n<div class=\"wp-block-column is-layout-flow wp-block-column-is-layout-flow\" style=\"flex-basis:50%\">\n<p>FOCUS Welding als Teil der SPECS GmbH und der LAB14 Gruppe ist ein weltweit operierendes Unternehmen, dessen Expertise im Bereich des Mikrostrahlschweissens liegt. Neben der Entwicklung und der Herstellung von hochpr\u00e4zisen Elektronenstrahl- und Laser-In-Vacuum Anlagen zum Schweissen, Bohren und Oberfl\u00e4chen modifizieren, bieten wir auch eine leistungs- und konkurrenzf\u00e4hige Lohnfertigung an unserem Standort in H\u00fcnstetten an.<\/p>\n\n\n\n<p>Unsere Mitarbeiter mit ihrem gro\u00dfen Know-how und Ihrer langj\u00e4hrigen Erfahrung im Bereich des EB- und LaVa-Schweissens freuen sich, mit Ihnen zusammen Ihre Schweissaufgabe zu besprechen.<\/p>\n\n\n\n<p>Elektronenstrahlschweissen - und seit kurzer Zeit immer h\u00e4ufiger auch das Laser-In-Vacuum (LaVa) Schweissen - wird seit vielen Jahrzehnten \u00fcberall da angewendet, wo es auf h\u00f6chste Zuverl\u00e4ssigkeit der Schweissnaht ankommt. Die unerreichte Qualit\u00e4t l\u00e4sst die Schweissnaht den st\u00e4rksten Belastungen standhalten, insbesondere in den Bereichen:<\/p>\n<\/div>\n\n\n\n<div class=\"wp-block-column is-layout-flow wp-block-column-is-layout-flow\" style=\"flex-basis:25%\"><\/div>\n<\/div>\n\n\n\n<div style=\"height:25px\" aria-hidden=\"true\" class=\"wp-block-spacer\"><\/div>\n\n\n\n<div class=\"wp-block-cover alignfull is-light\" style=\"min-height:50px;aspect-ratio:unset;\"><span aria-hidden=\"true\" class=\"wp-block-cover__background has-background-dim-100 has-background-dim\" style=\"background-color:#eeeeee\"><\/span><div class=\"wp-block-cover__inner-container is-layout-flow wp-block-cover-is-layout-flow\">\n<div class=\"wp-block-columns alignfull is-layout-flex wp-container-core-columns-is-layout-9d6595d7 wp-block-columns-is-layout-flex\">\n<div class=\"wp-block-column is-layout-flow wp-block-column-is-layout-flow\" style=\"flex-basis:25%\"><\/div>\n\n\n\n<div class=\"wp-block-column is-layout-flow wp-block-column-is-layout-flow\" style=\"flex-basis:25%\">\n<div style=\"height:25px\" aria-hidden=\"true\" class=\"wp-block-spacer\"><\/div>\n\n\n\n<ul class=\"wp-block-list has-medium-font-size\">\n<li>Sensortechnik<\/li>\n\n\n\n<li>Luft- und Raumfahrttechnik<\/li>\n\n\n\n<li>Automotive<\/li>\n\n\n\n<li>Elektromobilit\u00e4t<\/li>\n\n\n\n<li>Kernenergie<\/li>\n\n\n\n<li>Medizintechnik<\/li>\n\n\n\n<li>Forschung &amp; Entwicklung<\/li>\n\n\n\n<li>u.v.m.<\/li>\n<\/ul>\n\n\n\n<div style=\"height:25px\" aria-hidden=\"true\" class=\"wp-block-spacer\"><\/div>\n<\/div>\n\n\n\n<div class=\"wp-block-column is-vertically-aligned-center is-layout-flow wp-block-column-is-layout-flow\" style=\"flex-basis:25%\">\n<figure class=\"wp-block-image size-large\"><img loading=\"lazy\" decoding=\"async\" width=\"1024\" height=\"683\" src=\"https:\/\/www.focus-welding.com\/wp-content\/uploads\/2023\/09\/RQ0A4716_Lab_Scientists_L95_NewCannon_2022_Rev1-1024x683.webp\" alt=\"\" class=\"wp-image-4950\" srcset=\"https:\/\/www.focus-welding.com\/wp-content\/uploads\/2023\/09\/RQ0A4716_Lab_Scientists_L95_NewCannon_2022_Rev1-1024x683.webp 1024w, https:\/\/www.focus-welding.com\/wp-content\/uploads\/2023\/09\/RQ0A4716_Lab_Scientists_L95_NewCannon_2022_Rev1-300x200.webp 300w, https:\/\/www.focus-welding.com\/wp-content\/uploads\/2023\/09\/RQ0A4716_Lab_Scientists_L95_NewCannon_2022_Rev1-768x512.webp 768w, https:\/\/www.focus-welding.com\/wp-content\/uploads\/2023\/09\/RQ0A4716_Lab_Scientists_L95_NewCannon_2022_Rev1-1536x1024.webp 1536w, https:\/\/www.focus-welding.com\/wp-content\/uploads\/2023\/09\/RQ0A4716_Lab_Scientists_L95_NewCannon_2022_Rev1-500x333.webp 500w, https:\/\/www.focus-welding.com\/wp-content\/uploads\/2023\/09\/RQ0A4716_Lab_Scientists_L95_NewCannon_2022_Rev1.webp 1620w\" sizes=\"auto, (max-width: 1024px) 100vw, 1024px\" \/><\/figure>\n<\/div>\n\n\n\n<div class=\"wp-block-column is-layout-flow wp-block-column-is-layout-flow\" style=\"flex-basis:25%\"><\/div>\n<\/div>\n<\/div><\/div>\n\n\n\n<div style=\"height:25px\" aria-hidden=\"true\" class=\"wp-block-spacer\"><\/div>\n\n\n\n<div class=\"wp-block-columns alignfull is-layout-flex wp-container-core-columns-is-layout-9d6595d7 wp-block-columns-is-layout-flex\">\n<div class=\"wp-block-column is-layout-flow wp-block-column-is-layout-flow\" style=\"flex-basis:25%\"><\/div>\n\n\n\n<div class=\"wp-block-column is-layout-flow wp-block-column-is-layout-flow\" style=\"flex-basis:50%\">\n<p>Dies sind ideale Anwendungsbereiche unserer Focus Mikrostrahlschwei\u00dfanlagen. Denn mit unseren Maschinen ist es m\u00f6glich, bei geringstem Energieeintrag verzugsfreie Verbindungen herzustellen.\nInsbesondere auch bei schwierigen Werkst\u00fcckgeometrien, unterschiedlichsten Materialen und Materialkombinationen.<\/p>\n<\/div>\n\n\n\n<div class=\"wp-block-column is-layout-flow wp-block-column-is-layout-flow\" style=\"flex-basis:25%\"><\/div>\n<\/div>\n\n\n\n<div style=\"height:25px\" aria-hidden=\"true\" class=\"wp-block-spacer\"><\/div>\n\n\n\n<div class=\"wp-block-cover alignfull is-light\" style=\"min-height:225px;aspect-ratio:unset;\"><span aria-hidden=\"true\" class=\"wp-block-cover__background has-background-dim-100 has-background-dim\" style=\"background-color:#eeeeee\"><\/span><div class=\"wp-block-cover__inner-container is-layout-flow wp-block-cover-is-layout-flow\">\n<div style=\"height:25px\" aria-hidden=\"true\" class=\"wp-block-spacer\"><\/div>\n\n\n\n<div class=\"wp-block-columns alignfull is-layout-flex wp-container-core-columns-is-layout-9d6595d7 wp-block-columns-is-layout-flex\">\n<div class=\"wp-block-column is-layout-flow wp-block-column-is-layout-flow\" style=\"flex-basis:25%\"><\/div>\n\n\n\n<div class=\"wp-block-column is-layout-flow wp-block-column-is-layout-flow\" style=\"flex-basis:50%\">\n<h2 class=\"wp-block-heading\" id=\"h-our-job-shop-services-at-a-glance\">Unsere Jobshop Leistungen im \u00dcberblick:<\/h2>\n\n\n\n<div style=\"height:25px\" aria-hidden=\"true\" class=\"wp-block-spacer\"><\/div>\n\n\n\n<p class=\" translation-block\"><strong>Beratung:<\/strong> wir beraten Sie beim Design Ihrer zu f\u00fcgenden Werkst\u00fccke, um kosteneffizient und schnell das gew\u00fcnschte Schweissergebnis zu erzielen.<\/p>\n\n\n\n<p class=\" translation-block\"><strong>Machbarkeiten::<\/strong> wir finden eine L\u00f6sung f\u00fcr Ihre Aufgabe, wenn es physikalisch machbar ist. Dazu stehen uns verschiedene Anlagen und Technologien zu Verf\u00fcgung. Mit der neuesten Maschine, ELWIS (Link), k\u00f6nnen wir herausfinden, ob EB oder LaVa Schweissen das geeignete Verfahren ist.<\/p>\n\n\n\n<p><strong>Jig construction:<\/strong> the smaller the part to be welded, the more important the jig becomes. Our many years of experience help us to optimally design the workpiece holder.<\/p>\n\n\n\n<p class=\" translation-block\"><strong>Strahlschweissen:<\/strong> die uns zur Verf\u00fcgung stehenden Maschinen erlauben es, sowohl mit dem Elektronenstrahl als auch mit dem Laser im Vakuum zu schweissen. Dabei kann es sich um Einzelst\u00fccke oder Serienteile handeln. Dabei decken wir einen weiten Bereich der Bauteilgr\u00f6\u00dfen ab von wenigen Mikrometern bis zu mehreren 100mm.<\/p>\n\n\n\n<p class=\" translation-block\"><strong>Qualit\u00e4tssicherung:  <\/strong>wir k\u00f6nnen zahlreiche Bef\u00e4higungsnachweise und Verfahrenspr\u00fcfungen vorweisen und anwenden, um die Qualit\u00e4t jederzeit zu gew\u00e4hrleisten.<\/p>\n<\/div>\n\n\n\n<div class=\"wp-block-column is-layout-flow wp-block-column-is-layout-flow\" style=\"flex-basis:25%\"><\/div>\n<\/div>\n\n\n\n<div style=\"height:25px\" aria-hidden=\"true\" class=\"wp-block-spacer\"><\/div>\n<\/div><\/div>\n\n\n\n<div style=\"height:25px\" aria-hidden=\"true\" class=\"wp-block-spacer\"><\/div>\n\n\n\n<div class=\"wp-block-columns alignfull is-layout-flex wp-container-core-columns-is-layout-9d6595d7 wp-block-columns-is-layout-flex\">\n<div class=\"wp-block-column is-layout-flow wp-block-column-is-layout-flow\" style=\"flex-basis:25%\"><\/div>\n\n\n\n<div class=\"wp-block-column is-layout-flow wp-block-column-is-layout-flow\" style=\"flex-basis:50%\">\n<h2 class=\"wp-block-heading\" id=\"h-we-offer-the-following-test-methods\">Folgende Pr\u00fcfverfahren bieten wir an:<\/h2>\n\n\n\n<div style=\"height:25px\" aria-hidden=\"true\" class=\"wp-block-spacer\"><\/div>\n\n\n\n<div class=\"wp-block-columns is-layout-flex wp-container-core-columns-is-layout-9d6595d7 wp-block-columns-is-layout-flex\">\n<div class=\"wp-block-column is-vertically-aligned-center is-layout-flow wp-block-column-is-layout-flow\" style=\"flex-basis:60%\">\n<p class=\" translation-block\"><strong>In-Situ SEM Kontrolle:<\/strong> alle FOCUS Elektronenstrahlschweissmaschinen sind standardm\u00e4\u00dfig mit SEM (Scanning Electron Micoroscopy) zur in-situ Qualit\u00e4tskontrolle ausgestattet. Dies erlaubt die Kontrolle der Werkst\u00fccke und der Schweissnaht sofort nach dem Schweissen.<\/p>\n<\/div>\n\n\n\n<div class=\"wp-block-column is-layout-flow wp-block-column-is-layout-flow\" style=\"flex-basis:40%\">\n<figure class=\"wp-block-gallery has-nested-images columns-2 is-cropped wp-block-gallery-1 is-layout-flex wp-block-gallery-is-layout-flex\">\n<figure class=\"wp-block-image size-large\"><img loading=\"lazy\" decoding=\"async\" width=\"413\" height=\"413\" data-id=\"6157\" src=\"https:\/\/www.focus-welding.com\/wp-content\/uploads\/2024\/08\/Bild2_1.webp\" alt=\"\" class=\"wp-image-6157\" srcset=\"https:\/\/www.focus-welding.com\/wp-content\/uploads\/2024\/08\/Bild2_1.webp 413w, https:\/\/www.focus-welding.com\/wp-content\/uploads\/2024\/08\/Bild2_1-300x300.webp 300w, https:\/\/www.focus-welding.com\/wp-content\/uploads\/2024\/08\/Bild2_1-150x150.webp 150w, https:\/\/www.focus-welding.com\/wp-content\/uploads\/2024\/08\/Bild2_1-12x12.webp 12w\" sizes=\"auto, (max-width: 413px) 100vw, 413px\" \/><\/figure>\n\n\n\n<figure class=\"wp-block-image size-large\"><img loading=\"lazy\" decoding=\"async\" width=\"374\" height=\"499\" data-id=\"6163\" src=\"https:\/\/www.focus-welding.com\/wp-content\/uploads\/2024\/08\/Bild3_1-edited.webp\" alt=\"\" class=\"wp-image-6163\" srcset=\"https:\/\/www.focus-welding.com\/wp-content\/uploads\/2024\/08\/Bild3_1-edited.webp 374w, https:\/\/www.focus-welding.com\/wp-content\/uploads\/2024\/08\/Bild3_1-edited-225x300.webp 225w, https:\/\/www.focus-welding.com\/wp-content\/uploads\/2024\/08\/Bild3_1-edited-9x12.webp 9w\" sizes=\"auto, (max-width: 374px) 100vw, 374px\" \/><\/figure>\n\n\n\n<figure class=\"wp-block-image size-large\"><img loading=\"lazy\" decoding=\"async\" width=\"585\" height=\"585\" data-id=\"6155\" src=\"https:\/\/www.focus-welding.com\/wp-content\/uploads\/2024\/08\/Bild1_1.webp\" alt=\"\" class=\"wp-image-6155\" srcset=\"https:\/\/www.focus-welding.com\/wp-content\/uploads\/2024\/08\/Bild1_1.webp 585w, https:\/\/www.focus-welding.com\/wp-content\/uploads\/2024\/08\/Bild1_1-300x300.webp 300w, https:\/\/www.focus-welding.com\/wp-content\/uploads\/2024\/08\/Bild1_1-150x150.webp 150w, https:\/\/www.focus-welding.com\/wp-content\/uploads\/2024\/08\/Bild1_1-12x12.webp 12w, https:\/\/www.focus-welding.com\/wp-content\/uploads\/2024\/08\/Bild1_1-500x500.webp 500w\" sizes=\"auto, (max-width: 585px) 100vw, 585px\" \/><\/figure>\n<\/figure>\n<\/div>\n<\/div>\n\n\n\n<div style=\"height:100px\" aria-hidden=\"true\" class=\"wp-block-spacer\"><\/div>\n\n\n\n<div class=\"wp-block-columns is-layout-flex wp-container-core-columns-is-layout-9d6595d7 wp-block-columns-is-layout-flex\">\n<div class=\"wp-block-column is-vertically-aligned-center is-layout-flow wp-block-column-is-layout-flow\" style=\"flex-basis:50%\">\n<figure class=\"wp-block-image size-full\"><img loading=\"lazy\" decoding=\"async\" width=\"609\" height=\"406\" src=\"https:\/\/www.focus-welding.com\/wp-content\/uploads\/2024\/08\/Bild7.webp\" alt=\"\" class=\"wp-image-6131\" srcset=\"https:\/\/www.focus-welding.com\/wp-content\/uploads\/2024\/08\/Bild7.webp 609w, https:\/\/www.focus-welding.com\/wp-content\/uploads\/2024\/08\/Bild7-300x200.webp 300w, https:\/\/www.focus-welding.com\/wp-content\/uploads\/2024\/08\/Bild7-18x12.webp 18w, https:\/\/www.focus-welding.com\/wp-content\/uploads\/2024\/08\/Bild7-500x333.webp 500w\" sizes=\"auto, (max-width: 609px) 100vw, 609px\" \/><\/figure>\n<\/div>\n\n\n\n<div class=\"wp-block-column is-vertically-aligned-center is-layout-flow wp-block-column-is-layout-flow\" style=\"flex-basis:50%\">\n<p class=\" translation-block\"><strong>Sichtpr\u00fcfung:<\/strong> mittels einer visuelle Sichtpr\u00fcfung k\u00f6nnen Schweissn\u00e4hte auf \u00e4u\u00dfere Fehler wie Risse, Spritzer, Kantenversatz, Poren an der Oberfl\u00e4che uvm. gepr\u00fcft werden<\/p>\n<\/div>\n<\/div>\n\n\n\n<div style=\"height:100px\" aria-hidden=\"true\" class=\"wp-block-spacer\"><\/div>\n\n\n\n<div class=\"wp-block-columns is-layout-flex wp-container-core-columns-is-layout-9d6595d7 wp-block-columns-is-layout-flex\">\n<div class=\"wp-block-column is-vertically-aligned-center is-layout-flow wp-block-column-is-layout-flow\" style=\"flex-basis:50%\">\n<p class=\" translation-block\"><strong>Makroschliff:<\/strong> im lichtmikroskopischen Bild eines Makroschliffes erh\u00e4lt man Informationen \u00fcber die W\u00e4rmeindringzone, die Schweissnahtbreite, die Schweissnahttiefe, die Ober- und Unterraupe, die Porosit\u00e4t, eventuelle Rissausbildung uvm.<\/p>\n<\/div>\n\n\n\n<div class=\"wp-block-column is-layout-flow wp-block-column-is-layout-flow\" style=\"flex-basis:50%\">\n<figure class=\"wp-block-image size-full\"><img loading=\"lazy\" decoding=\"async\" width=\"815\" height=\"611\" src=\"https:\/\/www.focus-welding.com\/wp-content\/uploads\/2024\/08\/Bild4.webp\" alt=\"\" class=\"wp-image-6128\" srcset=\"https:\/\/www.focus-welding.com\/wp-content\/uploads\/2024\/08\/Bild4.webp 815w, https:\/\/www.focus-welding.com\/wp-content\/uploads\/2024\/08\/Bild4-300x225.webp 300w, https:\/\/www.focus-welding.com\/wp-content\/uploads\/2024\/08\/Bild4-768x576.webp 768w, https:\/\/www.focus-welding.com\/wp-content\/uploads\/2024\/08\/Bild4-16x12.webp 16w, https:\/\/www.focus-welding.com\/wp-content\/uploads\/2024\/08\/Bild4-500x375.webp 500w\" sizes=\"auto, (max-width: 815px) 100vw, 815px\" \/><\/figure>\n<\/div>\n<\/div>\n\n\n\n<div style=\"height:100px\" aria-hidden=\"true\" class=\"wp-block-spacer\"><\/div>\n\n\n\n<p class=\" translation-block\"><strong>Zerst\u00f6rungsfreies Pr\u00fcfen:<\/strong> z.B. Farbeindringpr\u00fcfung PT oder Magnetpulferpr\u00fcfung MT<\/p>\n\n\n\n<div style=\"height:100px\" aria-hidden=\"true\" class=\"wp-block-spacer\"><\/div>\n\n\n\n<div class=\"wp-block-columns is-layout-flex wp-container-core-columns-is-layout-9d6595d7 wp-block-columns-is-layout-flex\">\n<div class=\"wp-block-column is-layout-flow wp-block-column-is-layout-flow\" style=\"flex-basis:50%\">\n<figure class=\"wp-block-image size-large\"><img loading=\"lazy\" decoding=\"async\" width=\"1024\" height=\"682\" src=\"https:\/\/www.focus-welding.com\/wp-content\/uploads\/2024\/08\/Bild6-1024x682.webp\" alt=\"\" class=\"wp-image-6130\" srcset=\"https:\/\/www.focus-welding.com\/wp-content\/uploads\/2024\/08\/Bild6-1024x682.webp 1024w, https:\/\/www.focus-welding.com\/wp-content\/uploads\/2024\/08\/Bild6-300x200.webp 300w, https:\/\/www.focus-welding.com\/wp-content\/uploads\/2024\/08\/Bild6-768x512.webp 768w, https:\/\/www.focus-welding.com\/wp-content\/uploads\/2024\/08\/Bild6-18x12.webp 18w, https:\/\/www.focus-welding.com\/wp-content\/uploads\/2024\/08\/Bild6-500x333.webp 500w, https:\/\/www.focus-welding.com\/wp-content\/uploads\/2024\/08\/Bild6.webp 1136w\" sizes=\"auto, (max-width: 1024px) 100vw, 1024px\" \/><\/figure>\n<\/div>\n\n\n\n<div class=\"wp-block-column is-vertically-aligned-center is-layout-flow wp-block-column-is-layout-flow\" style=\"flex-basis:50%\">\n<p class=\" translation-block\"><strong>Dichtigkeitspr\u00fcfung (Leckratenuntersuchung):<\/strong> mittels Helium Lecksucher l\u00e4sst sich die Dichtheit einer Schweissnaht untersuchen. Die Leckrate kann dabei bis zu einem Wert von &lt; 1*10-11 mbar l \/ s bestimmt werden.<\/p>\n<\/div>\n<\/div>\n\n\n\n<div style=\"height:100px\" aria-hidden=\"true\" class=\"wp-block-spacer\"><\/div>\n\n\n\n<p>H\u00e4rtepr\u00fcfungen, Kerbschlagversuche, R\u00f6ntgenanalyse, Zugversuche und Mikroschliffe realisieren wir gemeinsam mit unseren externen Partnern.<\/p>\n<\/div>\n\n\n\n<div class=\"wp-block-column is-layout-flow wp-block-column-is-layout-flow\" style=\"flex-basis:25%\"><\/div>\n<\/div>\n\n\n\n<div style=\"height:50px\" aria-hidden=\"true\" class=\"wp-block-spacer\"><\/div>\n\n\n\n<div class=\"wp-block-cover alignfull is-light\" style=\"min-height:225px;aspect-ratio:unset;\"><span aria-hidden=\"true\" class=\"wp-block-cover__background has-background-dim-100 has-background-dim\" style=\"background-color:#eeeeee\"><\/span><div class=\"wp-block-cover__inner-container is-layout-flow wp-block-cover-is-layout-flow\">\n<div style=\"height:25px\" aria-hidden=\"true\" class=\"wp-block-spacer\"><\/div>\n\n\n\n<div class=\"wp-block-columns alignfull is-layout-flex wp-container-core-columns-is-layout-9d6595d7 wp-block-columns-is-layout-flex\">\n<div class=\"wp-block-column is-layout-flow wp-block-column-is-layout-flow\" style=\"flex-basis:25%\"><\/div>\n\n\n\n<div class=\"wp-block-column is-layout-flow wp-block-column-is-layout-flow\" style=\"flex-basis:50%\">\n<p>Hier nur einige Beispiele aus unserer Auftragsfertigung:<\/p>\n\n\n\n<ul class=\"wp-block-list\">\n<li>optische Sonden aus Edelstahl f\u00fcr die Lebensmittelindustrie<\/li>\n\n\n\n<li>Drucksensorgeh\u00e4use aus Edelstahl<\/li>\n\n\n\n<li>optische Sonden aus Edelstahl\/Titan\/Molybd\u00e4n im Gesundheitswesen<\/li>\n\n\n\n<li>hochflexible OFHC Kupferlitzen f\u00fcr die W\u00e4rmeleitung in Kryogenen Systemen <\/li>\n\n\n\n<li>Titan und Titanaluminide f\u00fcr die Fahrzeugtechnologie <\/li>\n\n\n\n<li>Nickel- und Nickellegierungen in der Nuklearindustrie <\/li>\n\n\n\n<li>Aluminium- und Aluminiumlegierungen im Flugzeugbau <\/li>\n\n\n\n<li>Edelstahl\/Edelstahl Verbindungen (versch. Edelst\u00e4hle wie 304 (1.4301), 316L (1.4404), 316LN (1.4429)) <\/li>\n\n\n\n<li>Verbindungen aus hochlegierten St\u00e4hlen <\/li>\n\n\n\n<li>Verbindungen aus Chrom\/Nickel St\u00e4hlen <\/li>\n\n\n\n<li>Verbindungen aus Nickel Basislegierungen (Inconell, Hastalloy)<\/li>\n\n\n\n<li>Titan\/Kovar Verbindungen <\/li>\n\n\n\n<li>Edelstahl\/Kovar (Invar\/Havar) Verbindungen <\/li>\n\n\n\n<li>Molybd\u00e4n\/Edelstahl Verbindungen <\/li>\n\n\n\n<li>Titan\/Edelstahl Verbindungen <\/li>\n\n\n\n<li>Titan\/Titan Verbindungen <\/li>\n\n\n\n<li>Verbindungen aus Wolframcarbid und Stahl mit hohem C-Anteil<\/li>\n<\/ul>\n<\/div>\n\n\n\n<div class=\"wp-block-column is-layout-flow wp-block-column-is-layout-flow\" style=\"flex-basis:25%\"><\/div>\n<\/div>\n\n\n\n<div style=\"height:25px\" aria-hidden=\"true\" class=\"wp-block-spacer\"><\/div>\n<\/div><\/div>\n\n\n\n<div style=\"height:100px\" aria-hidden=\"true\" class=\"wp-block-spacer\"><\/div>","protected":false},"excerpt":{"rendered":"<p>FOCUS Welding, as part of SPECS GmbH and the LAB14 Group, is a globally operating company whose expertise lies in the field of micro-beam welding. In addition to the development and manufacture of high-precision electron beam and laser in-vacuum systems for welding, drilling and surface modification, we also offer high-performance and competitive contract manufacturing at [&hellip;]<\/p>","protected":false},"author":7,"featured_media":2430,"parent":0,"menu_order":0,"comment_status":"closed","ping_status":"closed","template":"","meta":{"_themeisle_gutenberg_block_has_review":false,"footnotes":""},"class_list":["post-6096","page","type-page","status-publish","has-post-thumbnail","hentry"],"yoast_head":"<!-- This site is optimized with the Yoast SEO Premium plugin v15.2.1 - https:\/\/yoast.com\/wordpress\/plugins\/seo\/ -->\n<title>The most sophisticated WELDING as a service - electron beam and laser in-vacuum job shop | FOCUS Welding<\/title>\n<meta name=\"robots\" content=\"index, follow, max-snippet:-1, max-image-preview:large, max-video-preview:-1\" \/>\n<link rel=\"canonical\" href=\"https:\/\/www.focus-welding.com\/de\/welding-as-a-service\/\" \/>\n<meta property=\"og:locale\" content=\"de_DE\" \/>\n<meta property=\"og:type\" content=\"article\" \/>\n<meta property=\"og:title\" content=\"The most sophisticated WELDING as a service - electron beam and laser in-vacuum job shop | FOCUS Welding\" \/>\n<meta property=\"og:description\" content=\"FOCUS Welding, as part of SPECS GmbH and the LAB14 Group, is a globally operating company whose expertise lies in the field of micro-beam welding. In addition to the development and manufacture of high-precision electron beam and laser in-vacuum systems for welding, drilling and surface modification, we also offer high-performance and competitive contract manufacturing at [&hellip;]\" \/>\n<meta property=\"og:url\" content=\"https:\/\/www.focus-welding.com\/de\/welding-as-a-service\/\" \/>\n<meta property=\"og:site_name\" content=\"FOCUS Welding\" \/>\n<meta property=\"article:modified_time\" content=\"2024-08-16T14:46:48+00:00\" \/>\n<meta property=\"og:image\" content=\"https:\/\/www.focus-welding.com\/wp-content\/uploads\/2022\/02\/MEBW60_Dialogue.00_19_32_52.Still003.jpg\" \/>\n\t<meta property=\"og:image:width\" content=\"1920\" \/>\n\t<meta property=\"og:image:height\" content=\"1080\" \/>\n<meta name=\"twitter:card\" content=\"summary_large_image\" \/>\n<meta name=\"twitter:label1\" content=\"Verfasst von\">\n\t<meta name=\"twitter:data1\" content=\"cmerkel\">\n\t<meta name=\"twitter:label2\" content=\"Gesch\u00e4tzte Lesezeit\">\n\t<meta name=\"twitter:data2\" content=\"3\u00a0Minuten\">\n<script type=\"application\/ld+json\" class=\"yoast-schema-graph\">{\"@context\":\"https:\/\/schema.org\",\"@graph\":[{\"@type\":\"Organization\",\"@id\":\"https:\/\/www.focus-welding.com\/#organization\",\"name\":\"Focus GmbH\",\"url\":\"https:\/\/www.focus-welding.com\/\",\"sameAs\":[\"https:\/\/www.youtube.com\/user\/FOCUSGmbH\"],\"logo\":{\"@type\":\"ImageObject\",\"@id\":\"https:\/\/www.focus-welding.com\/#logo\",\"inLanguage\":\"de\",\"url\":\"https:\/\/www.focus-welding.com\/wp-content\/uploads\/2019\/03\/2014_FOCUS_NoGmbH_NoSlogan_web.png\",\"width\":414,\"height\":200,\"caption\":\"Focus GmbH\"},\"image\":{\"@id\":\"https:\/\/www.focus-welding.com\/#logo\"}},{\"@type\":\"WebSite\",\"@id\":\"https:\/\/www.focus-welding.com\/#website\",\"url\":\"https:\/\/www.focus-welding.com\/\",\"name\":\"FOCUS Welding\",\"description\":\"Electron Beam Welding and Laser-in-Vacuum Welding Machines\",\"publisher\":{\"@id\":\"https:\/\/www.focus-welding.com\/#organization\"},\"potentialAction\":[{\"@type\":\"SearchAction\",\"target\":\"https:\/\/www.focus-welding.com\/?s={search_term_string}\",\"query-input\":\"required name=search_term_string\"}],\"inLanguage\":\"de\"},{\"@type\":\"ImageObject\",\"@id\":\"https:\/\/www.focus-welding.com\/welding-as-a-service\/#primaryimage\",\"inLanguage\":\"de\",\"url\":\"https:\/\/www.focus-welding.com\/wp-content\/uploads\/2022\/02\/MEBW60_Dialogue.00_19_32_52.Still003.jpg\",\"width\":1920,\"height\":1080},{\"@type\":\"WebPage\",\"@id\":\"https:\/\/www.focus-welding.com\/welding-as-a-service\/#webpage\",\"url\":\"https:\/\/www.focus-welding.com\/welding-as-a-service\/\",\"name\":\"The most sophisticated WELDING as a service - electron beam and laser in-vacuum job shop | FOCUS Welding\",\"isPartOf\":{\"@id\":\"https:\/\/www.focus-welding.com\/#website\"},\"primaryImageOfPage\":{\"@id\":\"https:\/\/www.focus-welding.com\/welding-as-a-service\/#primaryimage\"},\"datePublished\":\"2024-08-13T12:04:54+00:00\",\"dateModified\":\"2024-08-16T14:46:48+00:00\",\"inLanguage\":\"de\",\"potentialAction\":[{\"@type\":\"ReadAction\",\"target\":[\"https:\/\/www.focus-welding.com\/welding-as-a-service\/\"]}]}]}<\/script>\n<!-- \/ Yoast SEO Premium plugin. -->","_links":{"self":[{"href":"https:\/\/www.focus-welding.com\/de\/wp-json\/wp\/v2\/pages\/6096","targetHints":{"allow":["GET"]}}],"collection":[{"href":"https:\/\/www.focus-welding.com\/de\/wp-json\/wp\/v2\/pages"}],"about":[{"href":"https:\/\/www.focus-welding.com\/de\/wp-json\/wp\/v2\/types\/page"}],"author":[{"embeddable":true,"href":"https:\/\/www.focus-welding.com\/de\/wp-json\/wp\/v2\/users\/7"}],"replies":[{"embeddable":true,"href":"https:\/\/www.focus-welding.com\/de\/wp-json\/wp\/v2\/comments?post=6096"}],"version-history":[{"count":36,"href":"https:\/\/www.focus-welding.com\/de\/wp-json\/wp\/v2\/pages\/6096\/revisions"}],"predecessor-version":[{"id":6169,"href":"https:\/\/www.focus-welding.com\/de\/wp-json\/wp\/v2\/pages\/6096\/revisions\/6169"}],"wp:featuredmedia":[{"embeddable":true,"href":"https:\/\/www.focus-welding.com\/de\/wp-json\/wp\/v2\/media\/2430"}],"wp:attachment":[{"href":"https:\/\/www.focus-welding.com\/de\/wp-json\/wp\/v2\/media?parent=6096"}],"curies":[{"name":"wp","href":"https:\/\/api.w.org\/{rel}","templated":true}]}}