{"id":635,"date":"2019-01-09T12:53:26","date_gmt":"2019-01-09T11:53:26","guid":{"rendered":"https:\/\/focusewelding.wpcomstaging.com\/?page_id=635"},"modified":"2025-02-04T12:32:44","modified_gmt":"2025-02-04T12:32:44","slug":"imprint","status":"publish","type":"page","link":"https:\/\/www.focus-welding.com\/de\/imprint\/","title":{"rendered":"Impressum"},"content":{"rendered":"<p>Die FOCUS-Gruppe ist in zwei getrennten Unternehmen organisiert:<\/p>\n\n\n\n<p>Die FOCUS electronics GmbH in Leipzig ist der Standort f\u00fcr alle Elektronik- und Softwareprodukte. <\/p>\n\n\n\n<p>SPECS GmbH BU FOCUS in H\u00fcnstetten is the company who is responsible for all physics and related hardware of our instruments.<\/p>\n\n\n\n<p>Beide Unternehmen sind Teil der Lab14-Gruppe. <a href=\"https:\/\/lab14.group\/\"><\/a><a href=\"https:\/\/lab14.group\/\"><\/a><a href=\"https:\/\/lab14.group\/\">Lab14 Group<\/a>.<\/p>\n\n\n\n<div style=\"height:25px\" aria-hidden=\"true\" class=\"wp-block-spacer\"><\/div>\n\n\n\n<div class=\"wp-block-columns has-2-columns is-layout-flex wp-container-core-columns-is-layout-9d6595d7 wp-block-columns-is-layout-flex\">\n<div class=\"wp-block-column has-background is-layout-flow wp-block-column-is-layout-flow\" style=\"background-color:#eeeeee\">\n<p class=\"has-text-align-center\"><strong>SPECS Surface Nano Analysis GmbH<\/strong><br>BU FOCUS <br><\/p>\n\n\n\n<div style=\"height:10px\" aria-hidden=\"true\" class=\"wp-block-spacer\"><\/div>\n\n\n\n<p class=\"has-text-align-center\">Neukirchner Str. 2\u00a0<br>65510 H\u00fcnstetten<br>Deutschland<br><br>Tel.: +49 (0) 6126 &#8211; 4014 -0\u00a0<br>Fax: +49 (0) 6126 &#8211; 4014 -10<br>E-Mail:\u00a0<a href=\"mailto:info@specs.com\">info@specs.com<\/a><br><\/p>\n\n\n\n<p class=\"has-text-align-center\">Gesch\u00e4ftsf\u00fchrer<br><\/p>\n\n\n\n<p class=\"has-text-align-center\">Dr. Andreas Thissen<\/p>\n\n\n\n<p class=\"has-text-align-center\">Umsatzsteuer<\/p>\n\n\n\n<p class=\"has-text-align-center\">VAT-ID: DE136564155<br><\/p>\n\n\n\n<p class=\"has-text-align-center\">Handelsregister<br><\/p>\n\n\n\n<p class=\"has-text-align-center\">Amtsgericht Charlottenburg 93<br>HRB Nr.: 21390 | <br>Tax Nr.: 30\/110\/80086<\/p>\n\n\n\n<p class=\"has-text-align-center\">Editor<br><\/p>\n\n\n\n<p class=\"has-text-align-center\">Dr. Marten Patt<br>E-Mail: marketing@focus-gmbh.com<\/p>\n\n\n\n<p class=\"has-text-align-center\">Datenschutzbeauftragter: <\/p>\n\n\n\n<p class=\"has-text-align-center\">J\u00f6rg Seifritz<\/p>\n<\/div>\n\n\n\n<div class=\"wp-block-column has-background is-layout-flow wp-block-column-is-layout-flow\" style=\"background-color:#eeeeee\">\n<p class=\"has-text-align-center\"><strong>FOCUS electronics GmbH<\/strong><br><\/p>\n\n\n\n<p class=\"has-text-align-center\"><br><br>Naumburger &nbsp;Str. 28<br>D-04229 Leipzig<br>Deutschland<br><br>phone +49 (0) 341 4783 4 40<br>fax +49 (0)&nbsp;341 4783 4 48<br>mail <a href=\"mailto:electronics@focus-gmbh.com\">electronics@focus-gmbh.com<\/a><br><\/p>\n\n\n\n<p class=\"has-text-align-center\">Gesch\u00e4ftsf\u00fchrer<br><\/p>\n\n\n\n<p class=\"has-text-align-center\">Dr. Thorsten Kampen<\/p>\n\n\n\n<p class=\"has-text-align-center\">Umsatzsteuer<\/p>\n\n\n\n<p class=\"has-text-align-center\">VAT-ID: DE219184830<br><\/p>\n\n\n\n<p class=\"has-text-align-center\">Handelsregister<br><\/p>\n\n\n\n<p class=\"has-text-align-center\">Amtsgericht Leipzig<br>HRB Nr.: 18309<br><\/p>\n\n\n\n<div style=\"height:10px\" aria-hidden=\"true\" class=\"wp-block-spacer\"><\/div>\n\n\n\n<p class=\"has-text-align-center\">Editor<br><\/p>\n\n\n\n<p class=\"has-text-align-center\">Dr. Thorsten Kampen<br>E-Mail: electronics@focus-gmbh.com<\/p>\n\n\n\n<p class=\"has-text-align-center\"> Datenschutzbeauftragter:  <\/p>\n\n\n\n<p class=\"has-text-align-center\">J\u00f6rg Seifritz<\/p>\n<\/div>\n<\/div>\n\n\n\n<div style=\"height:25px\" aria-hidden=\"true\" class=\"wp-block-spacer\"><\/div>\n\n\n\n<p>F\u00fcr spezielle Anfragen wenden Sie sich bitte an Kontakt.\u00a0<a href=\"https:\/\/www.focus-welding.com\/de\/contact\/\">Kontakt<\/a>.<br><br>\u261e Unsere Verkaufsadresse lautet\u00a0<a href=\"mailto:focus-sales@specs.com\">focus-sales@specs.com<\/a>.<br><br>\u261e Wenn Sie unser Verkaufsb\u00fcro telefonisch erreichen m\u00f6chten, rufen Sie uns bitte unter +49 6126 401431 an.\u00a0<br><br>Vielen Dank!\u00a0<br><\/p>\n\n\n\n<div style=\"height:100px\" aria-hidden=\"true\" class=\"wp-block-spacer\"><\/div>\n\n\n\n<p class=\"has-small-font-size\"><br>Haftungshinweis: Trotz sorgf\u00e4ltiger inhaltlicher Kontrolle \u00fcbernehmen wir keine Haftung f\u00fcr die Inhalte externer Links. F\u00fcr den Inhalt der verlinkten Seiten sind ausschlie\u00dflich deren Betreiber verantwortlich. Hinweis zum Datenschutz: Alle auf dieser Website genannten Personen widersprechen hiermit jeder kommerziellen Verwendung und Weitergabe ihrer Daten. Urheberrecht: Text, Bilder, Grafiken, Animationen und Videos sowie deren Anordnung auf der Website von FOCUS und FOCUS electronics unterliegen dem Schutz des Urheberrechts. Sie d\u00fcrfen weder f\u00fcr Handelszwecke oder zur Weitergabe kopiert, noch ver\u00e4ndert und auf anderen Web-Sites verwendet werden.<br><\/p>\n\n\n\n<p class=\"has-small-font-size\">Datenschutz: Alle auf dieser Website genannten Personen widersprechen hiermit jeder kommerziellen Verwendung und Weitergabe ihrer Daten. Urheberrecht: Text, Bilder, Grafiken, Animationen und Videos sowie deren Anordnung auf der Website von FOCUS und FOCUS electronics unterliegen dem Schutz des Urheberrechts. Sie d\u00fcrfen weder f\u00fcr Handelszwecke oder zur Weitergabe kopiert, noch ver\u00e4ndert und auf anderen Web-Sites verwendet werden.<\/p>\n\n\n\n<div style=\"height:100px\" aria-hidden=\"true\" class=\"wp-block-spacer\"><\/div>","protected":false},"excerpt":{"rendered":"<p>The FOCUS Group is set up in two separate companies: FOCUS electronics GmbH in Leipzig is the facility for all the electronics and software related products. SPECS GmbH BU FOCUS in H\u00fcnstetten is the company who is responsible for all physics and related hardware of our instruments. Both companies are part of the Lab14 Group. [&hellip;]<\/p>","protected":false},"author":7,"featured_media":601,"parent":0,"menu_order":0,"comment_status":"closed","ping_status":"closed","template":"","meta":{"_themeisle_gutenberg_block_has_review":false,"footnotes":""},"class_list":["post-635","page","type-page","status-publish","has-post-thumbnail","hentry"],"yoast_head":"<!-- This site is optimized with the Yoast SEO Premium plugin v15.2.1 - https:\/\/yoast.com\/wordpress\/plugins\/seo\/ -->\n<title>Imprint | FOCUS Welding<\/title>\n<meta name=\"robots\" content=\"index, follow, max-snippet:-1, max-image-preview:large, max-video-preview:-1\" \/>\n<link rel=\"canonical\" href=\"https:\/\/www.focus-welding.com\/de\/imprint\/\" \/>\n<meta property=\"og:locale\" content=\"de_DE\" \/>\n<meta property=\"og:type\" content=\"article\" \/>\n<meta property=\"og:title\" content=\"Imprint | FOCUS Welding\" \/>\n<meta property=\"og:description\" content=\"The FOCUS Group is set up in two separate companies: FOCUS electronics GmbH in Leipzig is the facility for all the electronics and software related products. SPECS GmbH BU FOCUS in H\u00fcnstetten is the company who is responsible for all physics and related hardware of our instruments. Both companies are part of the Lab14 Group. [&hellip;]\" \/>\n<meta property=\"og:url\" content=\"https:\/\/www.focus-welding.com\/de\/imprint\/\" \/>\n<meta property=\"og:site_name\" content=\"FOCUS Welding\" \/>\n<meta property=\"article:modified_time\" content=\"2025-02-04T12:32:44+00:00\" \/>\n<meta property=\"og:image\" content=\"https:\/\/www.focus-welding.com\/wp-content\/uploads\/2018\/12\/focus_building_105x.png\" \/>\n\t<meta property=\"og:image:width\" content=\"1500\" \/>\n\t<meta property=\"og:image:height\" content=\"631\" \/>\n<meta name=\"twitter:card\" content=\"summary_large_image\" \/>\n<meta name=\"twitter:label1\" content=\"Verfasst von\">\n\t<meta name=\"twitter:data1\" content=\"cmerkel\">\n\t<meta name=\"twitter:label2\" content=\"Gesch\u00e4tzte Lesezeit\">\n\t<meta name=\"twitter:data2\" content=\"1\u00a0Minute\">\n<script type=\"application\/ld+json\" class=\"yoast-schema-graph\">{\"@context\":\"https:\/\/schema.org\",\"@graph\":[{\"@type\":\"Organization\",\"@id\":\"https:\/\/www.focus-welding.com\/#organization\",\"name\":\"Focus GmbH\",\"url\":\"https:\/\/www.focus-welding.com\/\",\"sameAs\":[\"https:\/\/www.youtube.com\/user\/FOCUSGmbH\"],\"logo\":{\"@type\":\"ImageObject\",\"@id\":\"https:\/\/www.focus-welding.com\/#logo\",\"inLanguage\":\"de\",\"url\":\"https:\/\/www.focus-welding.com\/wp-content\/uploads\/2019\/03\/2014_FOCUS_NoGmbH_NoSlogan_web.png\",\"width\":414,\"height\":200,\"caption\":\"Focus GmbH\"},\"image\":{\"@id\":\"https:\/\/www.focus-welding.com\/#logo\"}},{\"@type\":\"WebSite\",\"@id\":\"https:\/\/www.focus-welding.com\/#website\",\"url\":\"https:\/\/www.focus-welding.com\/\",\"name\":\"FOCUS Welding\",\"description\":\"Electron Beam Welding and Laser-in-Vacuum Welding Machines\",\"publisher\":{\"@id\":\"https:\/\/www.focus-welding.com\/#organization\"},\"potentialAction\":[{\"@type\":\"SearchAction\",\"target\":\"https:\/\/www.focus-welding.com\/?s={search_term_string}\",\"query-input\":\"required name=search_term_string\"}],\"inLanguage\":\"de\"},{\"@type\":\"ImageObject\",\"@id\":\"https:\/\/www.focus-welding.com\/imprint\/#primaryimage\",\"inLanguage\":\"de\",\"url\":\"https:\/\/www.focus-welding.com\/wp-content\/uploads\/2018\/12\/focus_building_105x.png\",\"width\":1500,\"height\":631,\"caption\":\"\"},{\"@type\":\"WebPage\",\"@id\":\"https:\/\/www.focus-welding.com\/imprint\/#webpage\",\"url\":\"https:\/\/www.focus-welding.com\/imprint\/\",\"name\":\"Imprint | FOCUS Welding\",\"isPartOf\":{\"@id\":\"https:\/\/www.focus-welding.com\/#website\"},\"primaryImageOfPage\":{\"@id\":\"https:\/\/www.focus-welding.com\/imprint\/#primaryimage\"},\"datePublished\":\"2019-01-09T11:53:26+00:00\",\"dateModified\":\"2025-02-04T12:32:44+00:00\",\"inLanguage\":\"de\",\"potentialAction\":[{\"@type\":\"ReadAction\",\"target\":[\"https:\/\/www.focus-welding.com\/imprint\/\"]}]}]}<\/script>\n<!-- \/ Yoast SEO Premium plugin. -->","_links":{"self":[{"href":"https:\/\/www.focus-welding.com\/de\/wp-json\/wp\/v2\/pages\/635","targetHints":{"allow":["GET"]}}],"collection":[{"href":"https:\/\/www.focus-welding.com\/de\/wp-json\/wp\/v2\/pages"}],"about":[{"href":"https:\/\/www.focus-welding.com\/de\/wp-json\/wp\/v2\/types\/page"}],"author":[{"embeddable":true,"href":"https:\/\/www.focus-welding.com\/de\/wp-json\/wp\/v2\/users\/7"}],"replies":[{"embeddable":true,"href":"https:\/\/www.focus-welding.com\/de\/wp-json\/wp\/v2\/comments?post=635"}],"version-history":[{"count":38,"href":"https:\/\/www.focus-welding.com\/de\/wp-json\/wp\/v2\/pages\/635\/revisions"}],"predecessor-version":[{"id":6383,"href":"https:\/\/www.focus-welding.com\/de\/wp-json\/wp\/v2\/pages\/635\/revisions\/6383"}],"wp:featuredmedia":[{"embeddable":true,"href":"https:\/\/www.focus-welding.com\/de\/wp-json\/wp\/v2\/media\/601"}],"wp:attachment":[{"href":"https:\/\/www.focus-welding.com\/de\/wp-json\/wp\/v2\/media?parent=635"}],"curies":[{"name":"wp","href":"https:\/\/api.w.org\/{rel}","templated":true}]}}